{"id":1874,"date":"2023-03-22T01:45:50","date_gmt":"2023-03-22T00:45:50","guid":{"rendered":"https:\/\/uktumh.com\/?post_type=product&#038;p=1874"},"modified":"2026-01-02T10:47:48","modified_gmt":"2026-01-02T09:47:48","slug":"tempus-exo-2","status":"publish","type":"product","link":"https:\/\/uktumh.com\/en\/product\/tempus-exo-2\/","title":{"rendered":"tempus exo (ou la Geometrie d&#8217;Euclides)"},"content":{"rendered":"<p>Cette forme selon la G\u00e9om\u00e9trie d&#8217;Euclides nous am\u00e8ne \u00e0 nous reconnecter \u00e0 notre centre, \u00e0 notre Maison.<\/p>\n<p>De l\u00e0 o\u00f9 nous venons et l\u00e0 o\u00f9 nous irons.<\/p>\n<p>C&#8217;est la Vacuit\u00e9, l&#8217;\u00c9quilibre entre donner et recevoir, le Vide o\u00f9 l&#8217;\u00e9go n&#8217;existe pas.<\/p>\n<p>Seulement ton essence, ton \u00c2me afin de pouvoir retrouver, libre de masques, celle de votre animal.<\/p>\n<p>C&#8217;est le voyage de ta vie. C&#8217;est le\u00a0moment de retrouver ton &#8220;quadrant&#8221; et voler dans l&#8217;Ame, avec l&#8217;Ame et vers l&#8217;Ame.<\/p>\n<p>Nous savons seulement qui nous sommes quand nous savons d&#8217;o\u00f9 nous venons.<\/p>","protected":false},"excerpt":{"rendered":"<p>Cette forme selon la G\u00e9om\u00e9trie d&#8217;Euclides nous am\u00e8ne \u00e0 nous reconnecter \u00e0 notre centre, \u00e0 notre Maison. De l\u00e0 o\u00f9 nous venons et l\u00e0 o\u00f9&hellip;<\/p>","protected":false},"featured_media":1374,"comment_status":"open","ping_status":"closed","template":"","meta":{"_acf_changed":false},"product_cat":[76],"product_tag":[],"class_list":{"0":"post-1874","1":"product","2":"type-product","3":"status-publish","4":"has-post-thumbnail","6":"product_cat-hydores","8":"first","9":"instock","10":"shipping-taxable","11":"purchasable","12":"product-type-variable"},"acf":[],"_links":{"self":[{"href":"https:\/\/uktumh.com\/en\/wp-json\/wp\/v2\/product\/1874","targetHints":{"allow":["GET"]}}],"collection":[{"href":"https:\/\/uktumh.com\/en\/wp-json\/wp\/v2\/product"}],"about":[{"href":"https:\/\/uktumh.com\/en\/wp-json\/wp\/v2\/types\/product"}],"replies":[{"embeddable":true,"href":"https:\/\/uktumh.com\/en\/wp-json\/wp\/v2\/comments?post=1874"}],"version-history":[{"count":4,"href":"https:\/\/uktumh.com\/en\/wp-json\/wp\/v2\/product\/1874\/revisions"}],"predecessor-version":[{"id":2699,"href":"https:\/\/uktumh.com\/en\/wp-json\/wp\/v2\/product\/1874\/revisions\/2699"}],"wp:featuredmedia":[{"embeddable":true,"href":"https:\/\/uktumh.com\/en\/wp-json\/wp\/v2\/media\/1374"}],"wp:attachment":[{"href":"https:\/\/uktumh.com\/en\/wp-json\/wp\/v2\/media?parent=1874"}],"wp:term":[{"taxonomy":"product_cat","embeddable":true,"href":"https:\/\/uktumh.com\/en\/wp-json\/wp\/v2\/product_cat?post=1874"},{"taxonomy":"product_tag","embeddable":true,"href":"https:\/\/uktumh.com\/en\/wp-json\/wp\/v2\/product_tag?post=1874"}],"curies":[{"name":"wp","href":"https:\/\/api.w.org\/{rel}","templated":true}]}}