{"id":1920,"date":"2023-03-22T02:29:31","date_gmt":"2023-03-22T01:29:31","guid":{"rendered":"https:\/\/uktumh.com\/?post_type=product&#038;p=1920"},"modified":"2026-01-02T10:43:11","modified_gmt":"2026-01-02T09:43:11","slug":"neos","status":"publish","type":"product","link":"https:\/\/uktumh.com\/en\/product\/neos\/","title":{"rendered":"Neos"},"content":{"rendered":"<p>neos ou le Changement.<\/p>\n<p>Une fleur pour chaque \u00e9pine de ta Couronne.<\/p>\n<p>Cette forme nous am\u00e8ne \u00e0 faire face aux \u00e9pines du changement avec Amour, ouverture \u00c9motionnelle et Mentale.<\/p>\n<p>La Vie, la Mort comme un simple passage.<\/p>\n<p>Le Changement comme une\u00a0Rennaissance, une opportunit\u00e9 pour grandir dans les dimensions de l&#8217;\u00c2me.<\/p>","protected":false},"excerpt":{"rendered":"<p>neos ou le Changement. Une fleur pour chaque \u00e9pine de ta Couronne. Cette forme nous am\u00e8ne \u00e0 faire face aux \u00e9pines du changement avec Amour,&hellip;<\/p>","protected":false},"featured_media":1403,"comment_status":"open","ping_status":"closed","template":"","meta":{"_acf_changed":false},"product_cat":[76],"product_tag":[],"class_list":{"0":"post-1920","1":"product","2":"type-product","3":"status-publish","4":"has-post-thumbnail","6":"product_cat-hydores","8":"first","9":"instock","10":"shipping-taxable","11":"purchasable","12":"product-type-variable"},"acf":[],"_links":{"self":[{"href":"https:\/\/uktumh.com\/en\/wp-json\/wp\/v2\/product\/1920","targetHints":{"allow":["GET"]}}],"collection":[{"href":"https:\/\/uktumh.com\/en\/wp-json\/wp\/v2\/product"}],"about":[{"href":"https:\/\/uktumh.com\/en\/wp-json\/wp\/v2\/types\/product"}],"replies":[{"embeddable":true,"href":"https:\/\/uktumh.com\/en\/wp-json\/wp\/v2\/comments?post=1920"}],"version-history":[{"count":3,"href":"https:\/\/uktumh.com\/en\/wp-json\/wp\/v2\/product\/1920\/revisions"}],"predecessor-version":[{"id":2715,"href":"https:\/\/uktumh.com\/en\/wp-json\/wp\/v2\/product\/1920\/revisions\/2715"}],"wp:featuredmedia":[{"embeddable":true,"href":"https:\/\/uktumh.com\/en\/wp-json\/wp\/v2\/media\/1403"}],"wp:attachment":[{"href":"https:\/\/uktumh.com\/en\/wp-json\/wp\/v2\/media?parent=1920"}],"wp:term":[{"taxonomy":"product_cat","embeddable":true,"href":"https:\/\/uktumh.com\/en\/wp-json\/wp\/v2\/product_cat?post=1920"},{"taxonomy":"product_tag","embeddable":true,"href":"https:\/\/uktumh.com\/en\/wp-json\/wp\/v2\/product_tag?post=1920"}],"curies":[{"name":"wp","href":"https:\/\/api.w.org\/{rel}","templated":true}]}}