{"id":1940,"date":"2023-03-22T13:51:48","date_gmt":"2023-03-22T12:51:48","guid":{"rendered":"https:\/\/uktumh.com\/?post_type=product&#038;p=1940"},"modified":"2026-01-02T10:33:23","modified_gmt":"2026-01-02T09:33:23","slug":"agape","status":"publish","type":"product","link":"https:\/\/uktumh.com\/en\/product\/agape\/","title":{"rendered":"agape"},"content":{"rendered":"<p>agape ou l&#8217;Amour Inconditionnel, l&#8217;Amour Universel, l&#8217;Amour de la M\u00e8re et du P\u00e8re.<\/p>\n<p>De tout ce qui est et qui n&#8217;a pas de nom.<\/p>\n<p>Cette forme nous am\u00e8ne \u00e0 nous reconnecter \u00e0 l&#8217;Ut\u00e9rus Divin, \u00e0 cet Amour Inconditionnel qui nous a cr\u00e9\u00e9, qui nous fait respirer \u00e0 chaque seconde et qui est en nous.<\/p>\n<p>La Compassion, le Pardon&#8230;d&#8217;abord sur nous afin de le voir chez l&#8217;autre. Sans exception.<\/p>\n<p>C&#8217;est l&#8217;Amour, la Compassion en Toi, pour Toi et gr\u00e2ce \u00e0 Toi.<\/p>","protected":false},"excerpt":{"rendered":"<p>agape ou l&#8217;Amour Inconditionnel, l&#8217;Amour Universel, l&#8217;Amour de la M\u00e8re et du P\u00e8re. De tout ce qui est et qui n&#8217;a pas de nom. Cette&hellip;<\/p>","protected":false},"featured_media":1378,"comment_status":"open","ping_status":"closed","template":"","meta":{"_acf_changed":false},"product_cat":[76],"product_tag":[],"class_list":{"0":"post-1940","1":"product","2":"type-product","3":"status-publish","4":"has-post-thumbnail","6":"product_cat-hydores","8":"first","9":"instock","10":"shipping-taxable","11":"purchasable","12":"product-type-variable"},"acf":[],"_links":{"self":[{"href":"https:\/\/uktumh.com\/en\/wp-json\/wp\/v2\/product\/1940","targetHints":{"allow":["GET"]}}],"collection":[{"href":"https:\/\/uktumh.com\/en\/wp-json\/wp\/v2\/product"}],"about":[{"href":"https:\/\/uktumh.com\/en\/wp-json\/wp\/v2\/types\/product"}],"replies":[{"embeddable":true,"href":"https:\/\/uktumh.com\/en\/wp-json\/wp\/v2\/comments?post=1940"}],"version-history":[{"count":3,"href":"https:\/\/uktumh.com\/en\/wp-json\/wp\/v2\/product\/1940\/revisions"}],"predecessor-version":[{"id":2707,"href":"https:\/\/uktumh.com\/en\/wp-json\/wp\/v2\/product\/1940\/revisions\/2707"}],"wp:featuredmedia":[{"embeddable":true,"href":"https:\/\/uktumh.com\/en\/wp-json\/wp\/v2\/media\/1378"}],"wp:attachment":[{"href":"https:\/\/uktumh.com\/en\/wp-json\/wp\/v2\/media?parent=1940"}],"wp:term":[{"taxonomy":"product_cat","embeddable":true,"href":"https:\/\/uktumh.com\/en\/wp-json\/wp\/v2\/product_cat?post=1940"},{"taxonomy":"product_tag","embeddable":true,"href":"https:\/\/uktumh.com\/en\/wp-json\/wp\/v2\/product_tag?post=1940"}],"curies":[{"name":"wp","href":"https:\/\/api.w.org\/{rel}","templated":true}]}}