{"id":2026,"date":"2023-03-26T18:17:39","date_gmt":"2023-03-26T16:17:39","guid":{"rendered":"https:\/\/uktumh.com\/?post_type=product&#038;p=2026"},"modified":"2025-03-16T18:58:16","modified_gmt":"2025-03-16T17:58:16","slug":"echos-teos","status":"publish","type":"product","link":"https:\/\/uktumh.com\/en\/product\/echos-teos\/","title":{"rendered":"echos teos"},"content":{"rendered":"<p>echos teos ou la Voix de Dieu.<\/p>\n<p>Le Toro\u00efde et La Vesica Piscis.<\/p>\n<p>Le commencement de Tout ce qui est.<\/p>\n<p>La Vie gr\u00e2ce \u00e0 la Vacuit\u00e9<br \/>\nLa Vie gr\u00e2ce aux oppos\u00e9s.<\/p>\n<p>Implosion &#8211; Explosion<\/p>\n<p>La Cr\u00e9ation de Tout.<br \/>\nLa Cr\u00e9ation de Soi.<\/p>","protected":false},"excerpt":{"rendered":"<p>echos teos ou la Voix de Dieu. Le Toro\u00efde et La Vesica Piscis. Le commencement de Tout ce qui est. La Vie gr\u00e2ce \u00e0 la&hellip;<\/p>","protected":false},"featured_media":2218,"comment_status":"open","ping_status":"closed","template":"","meta":{"_acf_changed":false},"product_cat":[76],"product_tag":[],"class_list":{"0":"post-2026","1":"product","2":"type-product","3":"status-publish","4":"has-post-thumbnail","6":"product_cat-hydores","8":"first","9":"outofstock","10":"shipping-taxable","11":"purchasable","12":"product-type-variable","13":"has-default-attributes"},"acf":[],"_links":{"self":[{"href":"https:\/\/uktumh.com\/en\/wp-json\/wp\/v2\/product\/2026","targetHints":{"allow":["GET"]}}],"collection":[{"href":"https:\/\/uktumh.com\/en\/wp-json\/wp\/v2\/product"}],"about":[{"href":"https:\/\/uktumh.com\/en\/wp-json\/wp\/v2\/types\/product"}],"replies":[{"embeddable":true,"href":"https:\/\/uktumh.com\/en\/wp-json\/wp\/v2\/comments?post=2026"}],"version-history":[{"count":2,"href":"https:\/\/uktumh.com\/en\/wp-json\/wp\/v2\/product\/2026\/revisions"}],"predecessor-version":[{"id":2701,"href":"https:\/\/uktumh.com\/en\/wp-json\/wp\/v2\/product\/2026\/revisions\/2701"}],"wp:featuredmedia":[{"embeddable":true,"href":"https:\/\/uktumh.com\/en\/wp-json\/wp\/v2\/media\/2218"}],"wp:attachment":[{"href":"https:\/\/uktumh.com\/en\/wp-json\/wp\/v2\/media?parent=2026"}],"wp:term":[{"taxonomy":"product_cat","embeddable":true,"href":"https:\/\/uktumh.com\/en\/wp-json\/wp\/v2\/product_cat?post=2026"},{"taxonomy":"product_tag","embeddable":true,"href":"https:\/\/uktumh.com\/en\/wp-json\/wp\/v2\/product_tag?post=2026"}],"curies":[{"name":"wp","href":"https:\/\/api.w.org\/{rel}","templated":true}]}}