{"id":3065,"date":"2023-08-28T15:53:00","date_gmt":"2023-08-28T13:53:00","guid":{"rendered":"https:\/\/uktumh.com\/?post_type=product&#038;p=3065"},"modified":"2025-06-06T23:05:18","modified_gmt":"2025-06-06T21:05:18","slug":"preparer-lanimal-a-un-changement","status":"publish","type":"product","link":"https:\/\/uktumh.com\/en\/product\/preparer-lanimal-a-un-changement\/","title":{"rendered":"Preparing an Animal for a Change"},"content":{"rendered":"<p>3 sessions - Preparing an Animal for a Change<\/p>\n<p>90 euros- 3 sessions \u2013<\/p>\n<p>Please send me a picture of your animal via https:\/\/uktumh.com\/en\/contact\/<\/p>\n<p>Thank you very much.<\/p>\n<p>Gemma<\/p>","protected":false},"excerpt":{"rendered":"<p>3 s\u00e9ances &#8211; Pr\u00e9parer l&#8217;animal \u00e0 un changement &#8211; 90 euros- 3 s\u00e9ances &#8211; Merci d&#8217;envoyer un email avec la photo de votre animal via&hellip;<\/p>","protected":false},"featured_media":42,"comment_status":"open","ping_status":"closed","template":"","meta":{"_acf_changed":false},"product_cat":[82],"product_tag":[],"class_list":{"0":"post-3065","1":"product","2":"type-product","3":"status-publish","4":"has-post-thumbnail","6":"product_cat-services","8":"first","9":"instock","10":"shipping-taxable","11":"purchasable","12":"product-type-simple"},"acf":[],"_links":{"self":[{"href":"https:\/\/uktumh.com\/en\/wp-json\/wp\/v2\/product\/3065","targetHints":{"allow":["GET"]}}],"collection":[{"href":"https:\/\/uktumh.com\/en\/wp-json\/wp\/v2\/product"}],"about":[{"href":"https:\/\/uktumh.com\/en\/wp-json\/wp\/v2\/types\/product"}],"replies":[{"embeddable":true,"href":"https:\/\/uktumh.com\/en\/wp-json\/wp\/v2\/comments?post=3065"}],"version-history":[{"count":2,"href":"https:\/\/uktumh.com\/en\/wp-json\/wp\/v2\/product\/3065\/revisions"}],"predecessor-version":[{"id":3073,"href":"https:\/\/uktumh.com\/en\/wp-json\/wp\/v2\/product\/3065\/revisions\/3073"}],"wp:featuredmedia":[{"embeddable":true,"href":"https:\/\/uktumh.com\/en\/wp-json\/wp\/v2\/media\/42"}],"wp:attachment":[{"href":"https:\/\/uktumh.com\/en\/wp-json\/wp\/v2\/media?parent=3065"}],"wp:term":[{"taxonomy":"product_cat","embeddable":true,"href":"https:\/\/uktumh.com\/en\/wp-json\/wp\/v2\/product_cat?post=3065"},{"taxonomy":"product_tag","embeddable":true,"href":"https:\/\/uktumh.com\/en\/wp-json\/wp\/v2\/product_tag?post=3065"}],"curies":[{"name":"wp","href":"https:\/\/api.w.org\/{rel}","templated":true}]}}