{"id":3067,"date":"2023-08-28T15:55:47","date_gmt":"2023-08-28T13:55:47","guid":{"rendered":"https:\/\/uktumh.com\/?post_type=product&#038;p=3067"},"modified":"2025-06-07T15:48:25","modified_gmt":"2025-06-07T13:48:25","slug":"probleme-de-comportement","status":"publish","type":"product","link":"https:\/\/uktumh.com\/en\/product\/probleme-de-comportement\/","title":{"rendered":"Behavioural Issues"},"content":{"rendered":"<p>3 sessions - Behavioral Issues<\/p>\n<p>90 euros- 3 sessions \u2013<\/p>\n<p>Please send me a picture of your animal via https:\/\/uktumh.com\/en\/contact\/<\/p>\n<p>Thank you very much.<\/p>\n<p>Gemma<\/p>","protected":false},"excerpt":{"rendered":"<p>3 s\u00e9ances &#8211; Probl\u00e8me de comportement &#8211; 90 euros- 3 s\u00e9ances &#8211; Merci d&#8217;envoyer un email avec la photo de votre animal via https:\/\/uktumh.com\/contact\/ Merci&hellip;<\/p>","protected":false},"featured_media":42,"comment_status":"open","ping_status":"closed","template":"","meta":{"_acf_changed":false},"product_cat":[82],"product_tag":[],"class_list":{"0":"post-3067","1":"product","2":"type-product","3":"status-publish","4":"has-post-thumbnail","6":"product_cat-services","8":"first","9":"instock","10":"shipping-taxable","11":"purchasable","12":"product-type-simple"},"acf":[],"_links":{"self":[{"href":"https:\/\/uktumh.com\/en\/wp-json\/wp\/v2\/product\/3067","targetHints":{"allow":["GET"]}}],"collection":[{"href":"https:\/\/uktumh.com\/en\/wp-json\/wp\/v2\/product"}],"about":[{"href":"https:\/\/uktumh.com\/en\/wp-json\/wp\/v2\/types\/product"}],"replies":[{"embeddable":true,"href":"https:\/\/uktumh.com\/en\/wp-json\/wp\/v2\/comments?post=3067"}],"version-history":[{"count":2,"href":"https:\/\/uktumh.com\/en\/wp-json\/wp\/v2\/product\/3067\/revisions"}],"predecessor-version":[{"id":3072,"href":"https:\/\/uktumh.com\/en\/wp-json\/wp\/v2\/product\/3067\/revisions\/3072"}],"wp:featuredmedia":[{"embeddable":true,"href":"https:\/\/uktumh.com\/en\/wp-json\/wp\/v2\/media\/42"}],"wp:attachment":[{"href":"https:\/\/uktumh.com\/en\/wp-json\/wp\/v2\/media?parent=3067"}],"wp:term":[{"taxonomy":"product_cat","embeddable":true,"href":"https:\/\/uktumh.com\/en\/wp-json\/wp\/v2\/product_cat?post=3067"},{"taxonomy":"product_tag","embeddable":true,"href":"https:\/\/uktumh.com\/en\/wp-json\/wp\/v2\/product_tag?post=3067"}],"curies":[{"name":"wp","href":"https:\/\/api.w.org\/{rel}","templated":true}]}}