{"id":3096,"date":"2023-09-01T10:33:59","date_gmt":"2023-09-01T08:33:59","guid":{"rendered":"https:\/\/uktumh.com\/?post_type=product&#038;p=3096"},"modified":"2025-07-23T11:49:51","modified_gmt":"2025-07-23T09:49:51","slug":"communication-avec-un-animal-decede","status":"publish","type":"product","link":"https:\/\/uktumh.com\/en\/product\/communication-avec-un-animal-decede\/","title":{"rendered":"Communication avec un \u00eatre d\u00e9c\u00e9d\u00e9"},"content":{"rendered":"<p>Communication avec un \u00eatre d\u00e9c\u00e9d\u00e9.<\/p>\n<p>3 choses tr\u00e8s importantes \u00e0 savoir:<\/p>\n<ol>\n<li>Il faut attendre un minimum de 21 jours apr\u00e8s son d\u00e9c\u00e8s afin de ne pas interrompre le processus de son \u00e2me. Je vous expliquerai tout cela en d\u00e9tail lors de notre RDV t\u00e9l\u00e9phonique.<\/li>\n<li>C&#8217;est tr\u00e8s important pour moi de vous dire que votre cher perdu, l\u00e0 o\u00f9 il est, il va merveilleusement bien. Pendant toutes ces ann\u00e9es, je n&#8217;ai jamais ressenti ni de la tristesse, ni de la douleur de l&#8217;autre cot\u00e9. Bien au contraire, sinc\u00e8rement, ils vont merveilleusement bien.<\/li>\n<li>En ce qui concerne les animaux (diff\u00e9rent dans les cas des personnes) ils ne pourront jamais rester &#8220;bloqu\u00e9s&#8221; ici sur Terre. Aucun animal a eu besoin d&#8217;un humain pour l&#8217;amener \u00e0 la lumi\u00e8re. Cela fait 540 millions d&#8217;ann\u00e9e que l&#8217;animal est sur Terre. Nous, \u00e7a fait seulement 200.000 ann\u00e9es. Donc votre animal est dans la Lumi\u00e8re. Il n&#8217;a pas besoin de l&#8217;humain pour l&#8217;aider. Nous, avec notre mental, on peut rester ici &#8220;coinc\u00e9s&#8221;, mais pas les animaux. Ils n&#8217;ont pas le sentiment des regrets, des remords, des non dits&#8230;comme nous pouvons les avoir. C&#8217;est pour \u00e7a ils sont nos ma\u00eetres.<\/li>\n<\/ol>\n<p>&nbsp;<\/p>\n<p>&nbsp;<\/p>\n<p>&nbsp;<\/p>","protected":false},"excerpt":{"rendered":"<p>Communication avec un \u00eatre d\u00e9c\u00e9d\u00e9. 3 choses tr\u00e8s importantes \u00e0 savoir: Il faut attendre un minimum de 21 jours apr\u00e8s son d\u00e9c\u00e8s afin de ne&hellip;<\/p>","protected":false},"featured_media":1374,"comment_status":"open","ping_status":"closed","template":"","meta":{"_acf_changed":false},"product_cat":[82],"product_tag":[],"class_list":{"0":"post-3096","1":"product","2":"type-product","3":"status-publish","4":"has-post-thumbnail","6":"product_cat-services","8":"first","9":"instock","10":"shipping-taxable","11":"purchasable","12":"product-type-simple"},"acf":[],"_links":{"self":[{"href":"https:\/\/uktumh.com\/en\/wp-json\/wp\/v2\/product\/3096","targetHints":{"allow":["GET"]}}],"collection":[{"href":"https:\/\/uktumh.com\/en\/wp-json\/wp\/v2\/product"}],"about":[{"href":"https:\/\/uktumh.com\/en\/wp-json\/wp\/v2\/types\/product"}],"replies":[{"embeddable":true,"href":"https:\/\/uktumh.com\/en\/wp-json\/wp\/v2\/comments?post=3096"}],"version-history":[{"count":3,"href":"https:\/\/uktumh.com\/en\/wp-json\/wp\/v2\/product\/3096\/revisions"}],"predecessor-version":[{"id":9135,"href":"https:\/\/uktumh.com\/en\/wp-json\/wp\/v2\/product\/3096\/revisions\/9135"}],"wp:featuredmedia":[{"embeddable":true,"href":"https:\/\/uktumh.com\/en\/wp-json\/wp\/v2\/media\/1374"}],"wp:attachment":[{"href":"https:\/\/uktumh.com\/en\/wp-json\/wp\/v2\/media?parent=3096"}],"wp:term":[{"taxonomy":"product_cat","embeddable":true,"href":"https:\/\/uktumh.com\/en\/wp-json\/wp\/v2\/product_cat?post=3096"},{"taxonomy":"product_tag","embeddable":true,"href":"https:\/\/uktumh.com\/en\/wp-json\/wp\/v2\/product_tag?post=3096"}],"curies":[{"name":"wp","href":"https:\/\/api.w.org\/{rel}","templated":true}]}}