{"id":3101,"date":"2023-09-01T12:51:16","date_gmt":"2023-09-01T10:51:16","guid":{"rendered":"https:\/\/uktumh.com\/?post_type=product&#038;p=3101"},"modified":"2024-10-16T17:30:13","modified_gmt":"2024-10-16T15:30:13","slug":"formation-online-toi-et-moi-niveau-i","status":"publish","type":"product","link":"https:\/\/uktumh.com\/en\/product\/formation-online-toi-et-moi-niveau-i\/","title":{"rendered":"Formation Online &#8220;Toi et Moi&#8221; &#8211; Niveau I"},"content":{"rendered":"<p class=\"cvGsUA direction-ltr align-center para-style-body\"><strong><span class=\"OYPEnA text-decoration-none text-strikethrough-none\">\u00c0 ton rythme, tes horaires.<\/span><\/strong><\/p>\n<p><strong><span class=\"OYPEnA text-decoration-none text-strikethrough-none\"> J<\/span><span class=\"OYPEnA text-decoration-none text-strikethrough-none\">e t\u2019accompagne.<\/span><\/strong><\/p>\n<p><strong>12 heures de formation juste Toi et Moi<\/strong><\/p>\n<p><span class=\"OYPEnA text-decoration-none text-strikethrough-none\">Lors de ce premier Niveau <\/span><span class=\"OYPEnA text-decoration-none text-strikethrough-none\">nous allons a<\/span><span class=\"OYPEnA text-decoration-none text-strikethrough-none\">pprendre<\/span> <span class=\"OYPEnA text-decoration-none text-strikethrough-none\">des techniques pour:<\/span><\/p>\n<ul>\n<li><span class=\"OYPEnA text-decoration-none text-strikethrough-none\">D\u00e9velopper vos capacit\u00e9s sensorielles, votre langage originel<\/span><\/li>\n<li><span class=\"OYPEnA text-decoration-none text-strikethrough-none\">\u00catre dans un \u00e9tat de conscience amplifi\u00e9e<\/span><\/li>\n<li><span class=\"OYPEnA text-decoration-none text-strikethrough-none\">Communiquer avec la Conscience Animale<\/span><\/li>\n<li><span class=\"OYPEnA text-decoration-none text-strikethrough-none\">Pratiquer ces techniques avec l&#8217;aide<\/span> <span class=\"OYPEnA text-decoration-none text-strikethrough-none\">de la G\u00e9om\u00e9trie Sacr\u00e9e, du Pranayama et de la T\u00e9l\u00e9pathie expliqu\u00e9e gr\u00e2ce \u00e0 la Physique Quantique.<\/span><\/li>\n<\/ul>","protected":false},"excerpt":{"rendered":"<p>\u00c0 ton rythme, tes horaires. Je t\u2019accompagne. 12 heures de formation juste Toi et Moi Lors de ce premier Niveau nous allons apprendre des techniques&hellip;<\/p>","protected":false},"featured_media":3569,"comment_status":"open","ping_status":"closed","template":"","meta":{"_acf_changed":false},"product_cat":[84],"product_tag":[],"class_list":{"0":"post-3101","1":"product","2":"type-product","3":"status-publish","4":"has-post-thumbnail","6":"product_cat-formation-online","8":"first","9":"instock","10":"virtual","11":"purchasable","12":"product-type-simple"},"acf":[],"_links":{"self":[{"href":"https:\/\/uktumh.com\/en\/wp-json\/wp\/v2\/product\/3101","targetHints":{"allow":["GET"]}}],"collection":[{"href":"https:\/\/uktumh.com\/en\/wp-json\/wp\/v2\/product"}],"about":[{"href":"https:\/\/uktumh.com\/en\/wp-json\/wp\/v2\/types\/product"}],"replies":[{"embeddable":true,"href":"https:\/\/uktumh.com\/en\/wp-json\/wp\/v2\/comments?post=3101"}],"version-history":[{"count":3,"href":"https:\/\/uktumh.com\/en\/wp-json\/wp\/v2\/product\/3101\/revisions"}],"predecessor-version":[{"id":5666,"href":"https:\/\/uktumh.com\/en\/wp-json\/wp\/v2\/product\/3101\/revisions\/5666"}],"wp:featuredmedia":[{"embeddable":true,"href":"https:\/\/uktumh.com\/en\/wp-json\/wp\/v2\/media\/3569"}],"wp:attachment":[{"href":"https:\/\/uktumh.com\/en\/wp-json\/wp\/v2\/media?parent=3101"}],"wp:term":[{"taxonomy":"product_cat","embeddable":true,"href":"https:\/\/uktumh.com\/en\/wp-json\/wp\/v2\/product_cat?post=3101"},{"taxonomy":"product_tag","embeddable":true,"href":"https:\/\/uktumh.com\/en\/wp-json\/wp\/v2\/product_tag?post=3101"}],"curies":[{"name":"wp","href":"https:\/\/api.w.org\/{rel}","templated":true}]}}