{"id":3160,"date":"2023-09-12T20:47:39","date_gmt":"2023-09-12T18:47:39","guid":{"rendered":"https:\/\/uktumh.com\/?post_type=product&#038;p=3160"},"modified":"2025-06-07T05:26:49","modified_gmt":"2025-06-07T03:26:49","slug":"triade-sacree-3-voyages-ank-metatron-merkaba","status":"publish","type":"product","link":"https:\/\/uktumh.com\/en\/product\/triade-sacree-3-voyages-ank-metatron-merkaba\/","title":{"rendered":"TRIADE SACR\u00c9E 3 Voyages ANK &#8211; M\u00c9TATRON &#8211; MER KA BA"},"content":{"rendered":"<div><span style=\"color: #5a1c00; font-family: Optima;\"><span style=\"font-size: large;\">ANK &#8211; Un Voyage dans l\u2019\u00c2me, vers\u00a0<\/span>l\u2019\u00c2me et avec l\u2019\u00c2me (3h30)<\/span><\/div>\n<div>\n<div><span style=\"color: #5a1c00; font-family: Optima;\"><span style=\"font-size: large;\">Le Cube de M\u00e9tatron &#8211; Un Voyage vers ton Alchimie avec les 5\u00a0<\/span><span style=\"font-size: large;\">\u00e9l\u00e9ments (4h30)<\/span><\/span><\/div>\n<\/div>\n<div><span style=\"font-size: large;\"><span style=\"color: #5a1c00; font-family: Optima;\">Le MER KA BA &#8211; Un Voyage vers l\u2019activation de ton \u00e9toile de Magicien. (4h30)<\/span><\/span><\/div>\n<div><\/div>\n<div>\n<div><span style=\"font-size: large;\">Si tu souhaites <\/span><span style=\"font-family: Muli-ExtraLight; font-size: large;\">sentir de quelle fa\u00e7on la G\u00e9om\u00e9trie est \u00e0 l&#8217;int\u00e9rieur de toi\u2026et changer ton regard vers chaque\u00a0chose, tu vas vraiment les adorer!<\/span><\/div>\n<div><span style=\"font-family: Muli-ExtraLight; font-size: large;\">\u00a0<\/span><\/div>\n<div><span style=\"font-family: Muli-ExtraLight; font-size: large;\">Ces Voyages sont l\u00e0 pour ouvrir le Coeur, fermer les Yeux et Regarder \ud83e\udd8b\u00a0<\/span><\/div>\n<\/div>","protected":false},"excerpt":{"rendered":"<p>ANK &#8211; Un Voyage dans l\u2019\u00c2me, vers\u00a0l\u2019\u00c2me et avec l\u2019\u00c2me (3h30) Le Cube de M\u00e9tatron &#8211; Un Voyage vers ton Alchimie avec les 5\u00a0\u00e9l\u00e9ments (4h30)&hellip;<\/p>","protected":false},"featured_media":5899,"comment_status":"open","ping_status":"closed","template":"","meta":{"_acf_changed":false},"product_cat":[112],"product_tag":[],"class_list":{"0":"post-3160","1":"product","2":"type-product","3":"status-publish","4":"has-post-thumbnail","6":"product_cat-geometrie-sacree","8":"first","9":"instock","10":"virtual","11":"purchasable","12":"product-type-simple"},"acf":[],"_links":{"self":[{"href":"https:\/\/uktumh.com\/en\/wp-json\/wp\/v2\/product\/3160","targetHints":{"allow":["GET"]}}],"collection":[{"href":"https:\/\/uktumh.com\/en\/wp-json\/wp\/v2\/product"}],"about":[{"href":"https:\/\/uktumh.com\/en\/wp-json\/wp\/v2\/types\/product"}],"replies":[{"embeddable":true,"href":"https:\/\/uktumh.com\/en\/wp-json\/wp\/v2\/comments?post=3160"}],"version-history":[{"count":3,"href":"https:\/\/uktumh.com\/en\/wp-json\/wp\/v2\/product\/3160\/revisions"}],"predecessor-version":[{"id":4920,"href":"https:\/\/uktumh.com\/en\/wp-json\/wp\/v2\/product\/3160\/revisions\/4920"}],"wp:featuredmedia":[{"embeddable":true,"href":"https:\/\/uktumh.com\/en\/wp-json\/wp\/v2\/media\/5899"}],"wp:attachment":[{"href":"https:\/\/uktumh.com\/en\/wp-json\/wp\/v2\/media?parent=3160"}],"wp:term":[{"taxonomy":"product_cat","embeddable":true,"href":"https:\/\/uktumh.com\/en\/wp-json\/wp\/v2\/product_cat?post=3160"},{"taxonomy":"product_tag","embeddable":true,"href":"https:\/\/uktumh.com\/en\/wp-json\/wp\/v2\/product_tag?post=3160"}],"curies":[{"name":"wp","href":"https:\/\/api.w.org\/{rel}","templated":true}]}}