{"id":3751,"date":"2024-01-04T00:03:21","date_gmt":"2024-01-03T23:03:21","guid":{"rendered":"https:\/\/uktumh.com\/?post_type=product&#038;p=3751"},"modified":"2024-09-01T00:07:34","modified_gmt":"2024-08-31T22:07:34","slug":"formacion-online-light-path-nivel-i-espanol","status":"publish","type":"product","link":"https:\/\/uktumh.com\/en\/product\/formacion-online-light-path-nivel-i-espanol\/","title":{"rendered":"Formaci\u00f3n Online &#8220;Light Path&#8221; &#8211; Nivel I"},"content":{"rendered":"<p class=\"cvGsUA direction-ltr align-justify para-style-body\"><span class=\"OYPEnA text-decoration-none text-strikethrough-none\" style=\"color: #54080d;\"><strong>FORMACI\u00d3N COMUNICACI\u00d3N ANIMAL &#8211; LIGHT PATH &#8211; NIVEL 1<\/strong><\/span><\/p>\n<p class=\"cvGsUA direction-ltr align-justify para-style-body\"><span class=\"OYPEnA text-decoration-none text-strikethrough-none\">Ideal para hacer una bell\u00edsima inmersi\u00f3n en la Comunicaci\u00f3n Animal con las sesiones grabadas<\/span><\/p>\n<p class=\"cvGsUA direction-ltr align-justify para-style-body\"><span class=\"OYPEnA text-decoration-none text-strikethrough-none\">Un Templo Audiovisual (<span style=\"color: #54080d;\"><strong>&gt;10h de clases por nivel<\/strong><\/span>) y un <strong><span style=\"color: #54080d;\">acompa\u00f1amiento individual<\/span><\/strong> conmigo tras cada pr\u00e1ctica:<\/span><\/p>\n<p class=\"cvGsUA direction-ltr align-justify para-style-body\"><span class=\"OYPEnA text-decoration-none text-strikethrough-none\">5 PR\u00c1CTICAS EN EL NIVEL 1<\/span><\/p>\n<p class=\"cvGsUA direction-ltr align-justify para-style-body\"><span class=\"OYPEnA text-decoration-none text-strikethrough-none\">10 PR\u00c1CTICAS EN EL NIVEL 2<\/span><\/p>\n<p class=\"cvGsUA direction-ltr align-justify para-style-body\"><span class=\"OYPEnA text-decoration-none text-strikethrough-none\">10 PR\u00c1CTICAS EN EL NIVEL 3<\/span><\/p>\n<p class=\"cvGsUA direction-ltr align-center para-style-body\"><strong><span class=\"OYPEnA text-decoration-none text-strikethrough-none\">A tu ritmo.<\/span><\/strong><\/p>\n<p class=\"cvGsUA direction-ltr align-center para-style-body\"><strong><span class=\"OYPEnA text-decoration-none text-strikethrough-none\">Yo te acompa\u00f1o<\/span><\/strong><\/p>\n<p><span class=\"OYPEnA text-decoration-none text-strikethrough-none\">En este primer nivel aprenderemos t\u00e9cnicas para<\/span><span class=\"OYPEnA text-decoration-none text-strikethrough-none\">:<\/span><\/p>\n<ul>\n<li><span class=\"OYPEnA text-decoration-none text-strikethrough-none\">Desarrollar tus capacidades extra-sensoriales, tu lenguaje original.\u00a0<\/span><\/li>\n<li><span class=\"OYPEnA text-decoration-none text-strikethrough-none\">Estar en un estado de consciencia amplificada\u00a0<\/span><\/li>\n<li><span class=\"OYPEnA text-decoration-none text-strikethrough-none\">Comunicar con la Consciencia Animal<\/span><\/li>\n<li><span class=\"OYPEnA text-decoration-none text-strikethrough-none\">Practicar estas t\u00e9cnicas con la ayuda de la Geometr\u00eda Sagrada, el Pranayama y la telepat\u00eda.<\/span><\/li>\n<\/ul>","protected":false},"excerpt":{"rendered":"<p>FORMACI\u00d3N COMUNICACI\u00d3N ANIMAL &#8211; LIGHT PATH &#8211; NIVEL 1 Ideal para hacer una bell\u00edsima inmersi\u00f3n en la Comunicaci\u00f3n Animal con las sesiones grabadas Un Templo&hellip;<\/p>","protected":false},"featured_media":3752,"comment_status":"closed","ping_status":"closed","template":"","meta":{"_acf_changed":false},"product_cat":[84],"product_tag":[97,93],"class_list":{"0":"post-3751","1":"product","2":"type-product","3":"status-publish","4":"has-post-thumbnail","6":"product_cat-formation-online","7":"product_tag-light-path-es","8":"product_tag-light-path-n1-es","10":"first","11":"instock","12":"virtual","13":"purchasable","14":"product-type-simple"},"acf":[],"_links":{"self":[{"href":"https:\/\/uktumh.com\/en\/wp-json\/wp\/v2\/product\/3751","targetHints":{"allow":["GET"]}}],"collection":[{"href":"https:\/\/uktumh.com\/en\/wp-json\/wp\/v2\/product"}],"about":[{"href":"https:\/\/uktumh.com\/en\/wp-json\/wp\/v2\/types\/product"}],"replies":[{"embeddable":true,"href":"https:\/\/uktumh.com\/en\/wp-json\/wp\/v2\/comments?post=3751"}],"version-history":[{"count":3,"href":"https:\/\/uktumh.com\/en\/wp-json\/wp\/v2\/product\/3751\/revisions"}],"predecessor-version":[{"id":4267,"href":"https:\/\/uktumh.com\/en\/wp-json\/wp\/v2\/product\/3751\/revisions\/4267"}],"wp:featuredmedia":[{"embeddable":true,"href":"https:\/\/uktumh.com\/en\/wp-json\/wp\/v2\/media\/3752"}],"wp:attachment":[{"href":"https:\/\/uktumh.com\/en\/wp-json\/wp\/v2\/media?parent=3751"}],"wp:term":[{"taxonomy":"product_cat","embeddable":true,"href":"https:\/\/uktumh.com\/en\/wp-json\/wp\/v2\/product_cat?post=3751"},{"taxonomy":"product_tag","embeddable":true,"href":"https:\/\/uktumh.com\/en\/wp-json\/wp\/v2\/product_tag?post=3751"}],"curies":[{"name":"wp","href":"https:\/\/api.w.org\/{rel}","templated":true}]}}