{"id":3962,"date":"2024-01-13T19:32:07","date_gmt":"2024-01-13T18:32:07","guid":{"rendered":"https:\/\/uktumh.com\/?post_type=product&#038;p=3962"},"modified":"2024-05-01T01:33:17","modified_gmt":"2024-04-30T23:33:17","slug":"formacion-online-light-path-nivel-2","status":"publish","type":"product","link":"https:\/\/uktumh.com\/en\/product\/formacion-online-light-path-nivel-2\/","title":{"rendered":"Formaci\u00f3n Online &#8211; Light Path &#8211; Nivel 2"},"content":{"rendered":"<p class=\"cvGsUA direction-ltr align-justify para-style-body\"><span class=\"OYPEnA text-decoration-none text-strikethrough-none\" style=\"color: #54080d;\"><strong>FORMACI\u00d3N COMUNICACI\u00d3N ANIMAL &#8211; LIGHT PATH &#8211; NIVEL 2<\/strong><\/span><\/p>\n<p class=\"cvGsUA direction-ltr align-justify para-style-body\"><span class=\"OYPEnA text-decoration-none text-strikethrough-none\">Ideal para hacer una bell\u00edsima inmersi\u00f3n en la Comunicaci\u00f3n Animal con las sesiones grabadas<\/span><\/p>\n<p class=\"cvGsUA direction-ltr align-justify para-style-body\"><span class=\"OYPEnA text-decoration-none text-strikethrough-none\">Un Templo Audiovisual (<span style=\"color: #54080d;\"><strong>&gt;10h de clases por nivel<\/strong><\/span>) y un <strong><span style=\"color: #54080d;\">acompa\u00f1amiento individual<\/span><\/strong> conmigo tras cada pr\u00e1ctica:<\/span><\/p>\n<p class=\"cvGsUA direction-ltr align-justify para-style-body\"><span class=\"OYPEnA text-decoration-none text-strikethrough-none\">5 PR\u00c1CTICAS EN EL NIVEL 1<\/span><\/p>\n<p class=\"cvGsUA direction-ltr align-justify para-style-body\"><span class=\"OYPEnA text-decoration-none text-strikethrough-none\">10 PR\u00c1CTICAS EN EL NIVEL 2<\/span><\/p>\n<p class=\"cvGsUA direction-ltr align-justify para-style-body\"><span class=\"OYPEnA text-decoration-none text-strikethrough-none\">10 PR\u00c1CTICAS EN EL NIVEL 3<\/span><\/p>\n<p class=\"cvGsUA direction-ltr align-center para-style-body\"><strong><span class=\"OYPEnA text-decoration-none text-strikethrough-none\">A tu ritmo.<\/span><\/strong><\/p>\n<p class=\"cvGsUA direction-ltr align-center para-style-body\"><strong><span class=\"OYPEnA text-decoration-none text-strikethrough-none\">Yo te acompa\u00f1o<\/span><\/strong><\/p>\n<p><span class=\"OYPEnA text-decoration-none text-strikethrough-none\">En este segundo nivel aprenderemos t\u00e9cnicas para ayudar al animal, en su mayor\u00eda, con protocolos de orden emocional:<\/span><\/p>\n<ul>\n<li>\n<p class=\"cvGsUA direction-ltr align-justify para-style-body\"><span class=\"OYPEnA text-decoration-none text-strikethrough-none\">Animales perdidos<\/span><\/p>\n<\/li>\n<li>\n<p class=\"cvGsUA direction-ltr align-justify para-style-body\"><span class=\"OYPEnA text-decoration-none text-strikethrough-none\">Agresividad<\/span><\/p>\n<\/li>\n<li>\n<p class=\"cvGsUA direction-ltr align-justify para-style-body\"><span class=\"OYPEnA text-decoration-none text-strikethrough-none\">Conflictos entre animales<\/span><\/p>\n<\/li>\n<li>\n<p class=\"cvGsUA direction-ltr align-justify para-style-body\"><span class=\"OYPEnA text-decoration-none text-strikethrough-none\">Prevenci\u00f3n de un cambio<\/span><\/p>\n<\/li>\n<li>\n<p class=\"cvGsUA direction-ltr align-justify para-style-body\"><span class=\"OYPEnA text-decoration-none text-strikethrough-none\">Traumas emocionales<\/span><\/p>\n<\/li>\n<li>\n<p class=\"cvGsUA direction-ltr align-justify para-style-body\"><span class=\"OYPEnA text-decoration-none text-strikethrough-none\">TOC\u2019s<\/span><\/p>\n<\/li>\n<li>\n<p class=\"cvGsUA direction-ltr align-justify para-style-body\"><span class=\"OYPEnA text-decoration-none text-strikethrough-none\">Prevenci\u00f3n del peligro (PICA\u2019s, fugas)<\/span><\/p>\n<\/li>\n<li>&#8230;<\/li>\n<\/ul>","protected":false},"excerpt":{"rendered":"<p>FORMACI\u00d3N COMUNICACI\u00d3N ANIMAL &#8211; LIGHT PATH &#8211; NIVEL 2 Ideal para hacer una bell\u00edsima inmersi\u00f3n en la Comunicaci\u00f3n Animal con las sesiones grabadas Un Templo&hellip;<\/p>","protected":false},"featured_media":3813,"comment_status":"closed","ping_status":"closed","template":"","meta":{"_acf_changed":false},"product_cat":[84],"product_tag":[97,92],"class_list":{"0":"post-3962","1":"product","2":"type-product","3":"status-publish","4":"has-post-thumbnail","6":"product_cat-formation-online","7":"product_tag-light-path-es","8":"product_tag-light-path-n2-es","10":"first","11":"instock","12":"virtual","13":"purchasable","14":"product-type-simple"},"acf":[],"_links":{"self":[{"href":"https:\/\/uktumh.com\/en\/wp-json\/wp\/v2\/product\/3962","targetHints":{"allow":["GET"]}}],"collection":[{"href":"https:\/\/uktumh.com\/en\/wp-json\/wp\/v2\/product"}],"about":[{"href":"https:\/\/uktumh.com\/en\/wp-json\/wp\/v2\/types\/product"}],"replies":[{"embeddable":true,"href":"https:\/\/uktumh.com\/en\/wp-json\/wp\/v2\/comments?post=3962"}],"version-history":[{"count":2,"href":"https:\/\/uktumh.com\/en\/wp-json\/wp\/v2\/product\/3962\/revisions"}],"predecessor-version":[{"id":4268,"href":"https:\/\/uktumh.com\/en\/wp-json\/wp\/v2\/product\/3962\/revisions\/4268"}],"wp:featuredmedia":[{"embeddable":true,"href":"https:\/\/uktumh.com\/en\/wp-json\/wp\/v2\/media\/3813"}],"wp:attachment":[{"href":"https:\/\/uktumh.com\/en\/wp-json\/wp\/v2\/media?parent=3962"}],"wp:term":[{"taxonomy":"product_cat","embeddable":true,"href":"https:\/\/uktumh.com\/en\/wp-json\/wp\/v2\/product_cat?post=3962"},{"taxonomy":"product_tag","embeddable":true,"href":"https:\/\/uktumh.com\/en\/wp-json\/wp\/v2\/product_tag?post=3962"}],"curies":[{"name":"wp","href":"https:\/\/api.w.org\/{rel}","templated":true}]}}