{"id":4251,"date":"2024-01-31T23:33:26","date_gmt":"2024-01-31T22:33:26","guid":{"rendered":"https:\/\/uktumh.com\/?post_type=product&#038;p=4251"},"modified":"2025-06-04T04:02:19","modified_gmt":"2025-06-04T02:02:19","slug":"formacion-online-light-path-nivel-3","status":"publish","type":"product","link":"https:\/\/uktumh.com\/en\/product\/formacion-online-light-path-nivel-3\/","title":{"rendered":"Formaci\u00f3n Online &#8211; Light Path &#8211; Nivel 3"},"content":{"rendered":"<p><b>QU\u00c9 TE OFRECE ESTA FORMACI\u00d3N &#8211; NIVEL 3?<\/b><\/p>\n<p><span class=\"Apple-converted-space\">\u00a0<\/span>&#8211; 12 M\u00f3dulos (37<span class=\"Apple-converted-space\">\u00a0<\/span>lecciones grabadas) que tendr\u00e1s en tu Espacio Alumno de por vida (+12h)<\/p>\n<p>&#8211; Explicaciones y pr\u00e1cticas detalladas sobre los protocolos de orden f\u00edsico:<\/p>\n<ul>\n<li><span class=\"Apple-converted-space\">C\u00f3licos<\/span><\/li>\n<li><span class=\"Apple-converted-space\">Laminitis<\/span><\/li>\n<li><span class=\"Apple-converted-space\">Tumores y Quistes<\/span><\/li>\n<li><span class=\"Apple-converted-space\">Sistema neurol\u00f3gico<\/span><\/li>\n<li><span class=\"Apple-converted-space\">Sistema urinario<\/span><\/li>\n<li><span class=\"Apple-converted-space\">Sistema inmunitario &#8211; transfusi\u00f3n y limpieza de sangre<\/span><\/li>\n<li><span class=\"Apple-converted-space\">Displasia<\/span><\/li>\n<li><span class=\"Apple-converted-space\">Esguinces<\/span><\/li>\n<li><span class=\"Apple-converted-space\">Artrosis<\/span><\/li>\n<li><span class=\"Apple-converted-space\">Acompa\u00f1amiento de final de vida\u00a0<\/span><\/li>\n<\/ul>\n<p><b>Una Formaci\u00f3n \u201ch\u00edbrida\u201d con las clases grabadas PERO al mismo tiempo, T\u00da Y YO, de manera individual, estaremos en contacto tras cada pr\u00e1ctica terminada!<\/b><\/p>\n<p><b>A tu Ritmo. Yo te acompa\u00f1o.<\/b><\/p>","protected":false},"excerpt":{"rendered":"<p>QU\u00c9 TE OFRECE ESTA FORMACI\u00d3N &#8211; NIVEL 3? \u00a0&#8211; 12 M\u00f3dulos (37\u00a0lecciones grabadas) que tendr\u00e1s en tu Espacio Alumno de por vida (+12h) &#8211; Explicaciones&hellip;<\/p>","protected":false},"featured_media":4081,"comment_status":"open","ping_status":"closed","template":"","meta":{"_acf_changed":false},"product_cat":[84],"product_tag":[97,103],"class_list":{"0":"post-4251","1":"product","2":"type-product","3":"status-publish","4":"has-post-thumbnail","6":"product_cat-formation-online","7":"product_tag-light-path-es","8":"product_tag-light-path-n3-es","10":"first","11":"instock","12":"virtual","13":"purchasable","14":"product-type-simple"},"acf":[],"_links":{"self":[{"href":"https:\/\/uktumh.com\/en\/wp-json\/wp\/v2\/product\/4251","targetHints":{"allow":["GET"]}}],"collection":[{"href":"https:\/\/uktumh.com\/en\/wp-json\/wp\/v2\/product"}],"about":[{"href":"https:\/\/uktumh.com\/en\/wp-json\/wp\/v2\/types\/product"}],"replies":[{"embeddable":true,"href":"https:\/\/uktumh.com\/en\/wp-json\/wp\/v2\/comments?post=4251"}],"version-history":[{"count":2,"href":"https:\/\/uktumh.com\/en\/wp-json\/wp\/v2\/product\/4251\/revisions"}],"predecessor-version":[{"id":4253,"href":"https:\/\/uktumh.com\/en\/wp-json\/wp\/v2\/product\/4251\/revisions\/4253"}],"wp:featuredmedia":[{"embeddable":true,"href":"https:\/\/uktumh.com\/en\/wp-json\/wp\/v2\/media\/4081"}],"wp:attachment":[{"href":"https:\/\/uktumh.com\/en\/wp-json\/wp\/v2\/media?parent=4251"}],"wp:term":[{"taxonomy":"product_cat","embeddable":true,"href":"https:\/\/uktumh.com\/en\/wp-json\/wp\/v2\/product_cat?post=4251"},{"taxonomy":"product_tag","embeddable":true,"href":"https:\/\/uktumh.com\/en\/wp-json\/wp\/v2\/product_tag?post=4251"}],"curies":[{"name":"wp","href":"https:\/\/api.w.org\/{rel}","templated":true}]}}