{"id":4479,"date":"2024-02-06T09:17:43","date_gmt":"2024-02-06T08:17:43","guid":{"rendered":"https:\/\/uktumh.com\/?post_type=product&#038;p=4479"},"modified":"2024-02-06T09:17:45","modified_gmt":"2024-02-06T08:17:45","slug":"soutien-aux-animaux-malades-3-mois","status":"publish","type":"product","link":"https:\/\/uktumh.com\/en\/product\/soutien-aux-animaux-malades-3-mois\/","title":{"rendered":"Soutien aux Animaux malades &#8211; 3 mois"},"content":{"rendered":"<p><strong>Soutien aux Animaux malades &#8211; 3 mois.<\/strong><\/p>\n<p>Travail de fond sur <strong>5 jours cons\u00e9cutifs 1 semaine par mois pendant 3 mois<\/strong> (<em>6 jours d&#8217;aide offerts<\/em>).<\/p>\n<p>Arthrose, probl\u00e8me de ligament, fourbures, allergies, dermatites, cicatrisation, accompagnement, nettoyage du sang (chimioth\u00e9rapies, bact\u00e9ries, maladies auto-immunes&#8230;)<\/p>","protected":false},"excerpt":{"rendered":"<p><strong>Soutien aux Animaux malades &#8211; 3 mois.<\/strong><\/p>\n<p>Travail de fond sur <strong>5 jours cons\u00e9cutifs 1 semaine par mois pendant 3 mois<\/strong> (<em>6 jours d&#8217;aide offerts<\/em>).<\/p>","protected":false},"featured_media":3341,"comment_status":"open","ping_status":"closed","template":"","meta":{"_acf_changed":false},"product_cat":[82],"product_tag":[],"class_list":{"0":"post-4479","1":"product","2":"type-product","3":"status-publish","4":"has-post-thumbnail","6":"product_cat-services","8":"first","9":"instock","10":"virtual","11":"purchasable","12":"product-type-simple"},"acf":[],"_links":{"self":[{"href":"https:\/\/uktumh.com\/en\/wp-json\/wp\/v2\/product\/4479","targetHints":{"allow":["GET"]}}],"collection":[{"href":"https:\/\/uktumh.com\/en\/wp-json\/wp\/v2\/product"}],"about":[{"href":"https:\/\/uktumh.com\/en\/wp-json\/wp\/v2\/types\/product"}],"replies":[{"embeddable":true,"href":"https:\/\/uktumh.com\/en\/wp-json\/wp\/v2\/comments?post=4479"}],"version-history":[{"count":1,"href":"https:\/\/uktumh.com\/en\/wp-json\/wp\/v2\/product\/4479\/revisions"}],"predecessor-version":[{"id":4480,"href":"https:\/\/uktumh.com\/en\/wp-json\/wp\/v2\/product\/4479\/revisions\/4480"}],"wp:featuredmedia":[{"embeddable":true,"href":"https:\/\/uktumh.com\/en\/wp-json\/wp\/v2\/media\/3341"}],"wp:attachment":[{"href":"https:\/\/uktumh.com\/en\/wp-json\/wp\/v2\/media?parent=4479"}],"wp:term":[{"taxonomy":"product_cat","embeddable":true,"href":"https:\/\/uktumh.com\/en\/wp-json\/wp\/v2\/product_cat?post=4479"},{"taxonomy":"product_tag","embeddable":true,"href":"https:\/\/uktumh.com\/en\/wp-json\/wp\/v2\/product_tag?post=4479"}],"curies":[{"name":"wp","href":"https:\/\/api.w.org\/{rel}","templated":true}]}}