{"id":4561,"date":"2024-02-14T06:39:21","date_gmt":"2024-02-14T05:39:21","guid":{"rendered":"https:\/\/uktumh.com\/?post_type=product&#038;p=4561"},"modified":"2025-10-20T00:00:14","modified_gmt":"2025-10-19T22:00:14","slug":"webinar-sentir-y-meditar-con-la-geometria-sagrada","status":"publish","type":"product","link":"https:\/\/uktumh.com\/en\/product\/webinar-sentir-y-meditar-con-la-geometria-sagrada\/","title":{"rendered":"Webinar: Sentir y Meditar con la Geometr\u00eda Sagrada"},"content":{"rendered":"<p>Un buceo de 1h30 en el interior de la Geometr\u00eda Sagrada para comprender sus c\u00f3digos de Luz y c\u00f3mo meditar con ella.<\/p>","protected":false},"excerpt":{"rendered":"<p>Sentir y Meditar con la Geometr\u00eda Sagrada: Un buceo de 1h30 en el interior de la Geometr\u00eda Sagrada para comprender sus c\u00f3digos de Luz y c\u00f3mo meditar con ella.<\/p>","protected":false},"featured_media":4581,"comment_status":"open","ping_status":"closed","template":"","meta":{"_acf_changed":false},"product_cat":[112],"product_tag":[113],"class_list":{"0":"post-4561","1":"product","2":"type-product","3":"status-publish","4":"has-post-thumbnail","6":"product_cat-geometrie-sacree","7":"product_tag-webinar-gs-es","9":"first","10":"instock","11":"virtual","12":"purchasable","13":"product-type-simple"},"acf":[],"_links":{"self":[{"href":"https:\/\/uktumh.com\/en\/wp-json\/wp\/v2\/product\/4561","targetHints":{"allow":["GET"]}}],"collection":[{"href":"https:\/\/uktumh.com\/en\/wp-json\/wp\/v2\/product"}],"about":[{"href":"https:\/\/uktumh.com\/en\/wp-json\/wp\/v2\/types\/product"}],"replies":[{"embeddable":true,"href":"https:\/\/uktumh.com\/en\/wp-json\/wp\/v2\/comments?post=4561"}],"version-history":[{"count":1,"href":"https:\/\/uktumh.com\/en\/wp-json\/wp\/v2\/product\/4561\/revisions"}],"predecessor-version":[{"id":4562,"href":"https:\/\/uktumh.com\/en\/wp-json\/wp\/v2\/product\/4561\/revisions\/4562"}],"wp:featuredmedia":[{"embeddable":true,"href":"https:\/\/uktumh.com\/en\/wp-json\/wp\/v2\/media\/4581"}],"wp:attachment":[{"href":"https:\/\/uktumh.com\/en\/wp-json\/wp\/v2\/media?parent=4561"}],"wp:term":[{"taxonomy":"product_cat","embeddable":true,"href":"https:\/\/uktumh.com\/en\/wp-json\/wp\/v2\/product_cat?post=4561"},{"taxonomy":"product_tag","embeddable":true,"href":"https:\/\/uktumh.com\/en\/wp-json\/wp\/v2\/product_tag?post=4561"}],"curies":[{"name":"wp","href":"https:\/\/api.w.org\/{rel}","templated":true}]}}