{"id":4841,"date":"2024-02-24T14:04:20","date_gmt":"2024-02-24T13:04:20","guid":{"rendered":"https:\/\/uktumh.com\/?post_type=product&#038;p=4841"},"modified":"2025-10-20T00:00:14","modified_gmt":"2025-10-19T22:00:14","slug":"le-cube-de-metatron-un-voyage-dans-ton-alchimie","status":"publish","type":"product","link":"https:\/\/uktumh.com\/en\/product\/le-cube-de-metatron-un-voyage-dans-ton-alchimie\/","title":{"rendered":"Le Cube de M\u00e9tatron &#8211; Un Voyage dans ton Alchimie"},"content":{"rendered":"<p><span style=\"font-size: large;\">Je te souhaite de tout mon coeur un merveilleux Voyage avec ce Premier Micro-Macro Voyage vers la G\u00e9om\u00e9trie Sacr\u00e9e:<\/span><span style=\"font-size: large;\">\u00a0<\/span><\/p>\n<div><span style=\"color: #5a1c00; font-family: Optima;\"><span style=\"font-size: large;\">ANK &#8211; Un Voyage dans l&#8217;\u00c2me, vers l&#8217;\u00c2me et avec l&#8217;\u00c2me<\/span><\/span><\/div>\n<div>\n<div><span style=\"color: #5a1c00; font-family: Optima;\"><span style=\"font-size: large;\">Le Cube de M\u00e9tatron &#8211; Un Voyage vers ton Alchimie avec les 5 \u00e9l\u00e9ments <\/span><span style=\"font-size: large;\">\u00a0<\/span><\/span><\/div>\n<\/div>\n<div><span style=\"font-size: large;\"><span style=\"color: #5a1c00; font-family: Optima;\">Le MER KA BA &#8211; Un Voyage vers l&#8217;Activation de ton \u00c9toile<\/span><\/span><\/div>\n<div><span style=\"font-size: large;\">\u00a0<\/span><\/div>\n<div><span style=\"font-size: large;\">Si tu souhaites sentir \u00e0 quel point la G\u00e9om\u00e9trie est en Toi&#8230;et changer ton regard vers tout ce qui existe, ces Voyages sont pour Toi!\u00a0<\/span><\/div>\n<div><\/div>\n<div><span style=\"font-family: Muli-ExtraLight; font-size: large;\"><span style=\"font-size: large;\">Ces Voyages sont l\u00e0 pour Ouvrir le Coeur, Fermer les Yeux et Regarder \ud83e\udd8b<\/span><\/span><\/div>\n<div><\/div>","protected":false},"excerpt":{"rendered":"<p>Je te souhaite de tout mon coeur un merveilleux Voyage avec ce Premier Micro-Macro Voyage vers la G\u00e9om\u00e9trie Sacr\u00e9e:\u00a0 ANK &#8211; Un Voyage dans l&#8217;\u00c2me,&hellip;<\/p>","protected":false},"featured_media":5895,"comment_status":"open","ping_status":"closed","template":"","meta":{"_acf_changed":false},"product_cat":[112],"product_tag":[],"class_list":{"0":"post-4841","1":"product","2":"type-product","3":"status-publish","4":"has-post-thumbnail","6":"product_cat-geometrie-sacree","8":"first","9":"instock","10":"virtual","11":"purchasable","12":"product-type-simple"},"acf":[],"_links":{"self":[{"href":"https:\/\/uktumh.com\/en\/wp-json\/wp\/v2\/product\/4841","targetHints":{"allow":["GET"]}}],"collection":[{"href":"https:\/\/uktumh.com\/en\/wp-json\/wp\/v2\/product"}],"about":[{"href":"https:\/\/uktumh.com\/en\/wp-json\/wp\/v2\/types\/product"}],"replies":[{"embeddable":true,"href":"https:\/\/uktumh.com\/en\/wp-json\/wp\/v2\/comments?post=4841"}],"version-history":[{"count":1,"href":"https:\/\/uktumh.com\/en\/wp-json\/wp\/v2\/product\/4841\/revisions"}],"predecessor-version":[{"id":4842,"href":"https:\/\/uktumh.com\/en\/wp-json\/wp\/v2\/product\/4841\/revisions\/4842"}],"wp:featuredmedia":[{"embeddable":true,"href":"https:\/\/uktumh.com\/en\/wp-json\/wp\/v2\/media\/5895"}],"wp:attachment":[{"href":"https:\/\/uktumh.com\/en\/wp-json\/wp\/v2\/media?parent=4841"}],"wp:term":[{"taxonomy":"product_cat","embeddable":true,"href":"https:\/\/uktumh.com\/en\/wp-json\/wp\/v2\/product_cat?post=4841"},{"taxonomy":"product_tag","embeddable":true,"href":"https:\/\/uktumh.com\/en\/wp-json\/wp\/v2\/product_tag?post=4841"}],"curies":[{"name":"wp","href":"https:\/\/api.w.org\/{rel}","templated":true}]}}