{"id":5063,"date":"2024-02-26T14:23:58","date_gmt":"2024-02-26T13:23:58","guid":{"rendered":"https:\/\/uktumh.com\/?post_type=product&#038;p=5063"},"modified":"2025-10-20T00:00:14","modified_gmt":"2025-10-19T22:00:14","slug":"formation-communication-animale-online-master-niveau-i","status":"publish","type":"product","link":"https:\/\/uktumh.com\/en\/product\/formation-communication-animale-online-master-niveau-i\/","title":{"rendered":"MASTER Communication Animale &#8211; Niveau I &#8211; UKTUMH"},"content":{"rendered":"<p class=\"cvGsUA direction-ltr align-justify para-style-body\"><span class=\"OYPEnA text-decoration-none text-strikethrough-none\" style=\"color: #54080d;\"><strong>FORMATION COMMUNICATION ANIMALE &#8211; MASTER &#8211; NIVEAU 1<\/strong><\/span><\/p>\n<p class=\"cvGsUA direction-ltr align-justify para-style-body\">Id\u00e9al pour faire de la Communication Animale un but professionnel<\/p>\n<p class=\"cvGsUA direction-ltr align-justify para-style-body\">Dans ce Temple Audiovisuel &#8211; Niveau 1 &#8211; vous trouverez:<\/p>\n<div><span style=\"font-size: large;\">&#8211;\u00a0<span style=\"font-family: Futura;\">10h des vid\u00e9os enregistr\u00e9s et chapitr\u00e9s avec des explications<\/span> (de la th\u00e9orie, des M\u00e9ditations, du Pranayama et des pratiques)<\/span><\/div>\n<div><span style=\"font-size: large;\"> &#8211;\u00a0<span style=\"font-family: Futura;\">5 Pratiques<\/span>\u00a0de Communication Animale \u00e0 faire avec leur m\u00e9ditations, images, musiques&#8230;<\/span><\/div>\n<div><span style=\"font-size: large;\"> &#8211;\u00a0<span style=\"font-family: Futura;\">Un livre chapitr\u00e9\u00a0de +100 pages\u00a0<\/span>(en format pdf \u00e0 t\u00e9l\u00e9charger apr\u00e8s les vid\u00e9os)<\/span><\/div>\n<div>&#8211; <span style=\"font-family: Futura;\">2h30 de visio<\/span>\u00a0(Zoom meeting) en\u00a0<u><span style=\"font-family: Futura;\">individuel<\/span><\/u>\u00a0avec moi pour valider les pratiques faites dans la formation et r\u00e9pondre \u00e0 toutes vos questions. 30 minutes apr\u00e8s chaque Pratique.<\/div>\n<p class=\"cvGsUA direction-ltr align-center para-style-body\"><span class=\"OYPEnA text-decoration-none text-strikethrough-none\">Dans ce premier niveau nous allons donc apprendre des techniques pour: \u00a0<\/span><\/p>\n<ul>\n<li><span class=\"OYPEnA text-decoration-none text-strikethrough-none\">Developper tes capacit\u00e9s extra-sensorielles, ton langage originaire.\u00a0<\/span><\/li>\n<li><span class=\"OYPEnA text-decoration-none text-strikethrough-none\">\u00catre dans un \u00e9tat de conscience amplifi\u00e9e<\/span><\/li>\n<li><span class=\"OYPEnA text-decoration-none text-strikethrough-none\">Communiquer avec la Conscience Animale<\/span><\/li>\n<li><span class=\"OYPEnA text-decoration-none text-strikethrough-none\">Pratiquer ces techniques avec l&#8217;aide de la G\u00e9om\u00e9trie Sacr\u00e9e, le Pranayama et la t\u00e9l\u00e9pathie expliqu\u00e9e gr\u00e2ce \u00e0 la Physique Quantique. \u00a0\u00a0<\/span><\/li>\n<\/ul>\n<p class=\"cvGsUA direction-ltr align-center para-style-body\"><strong><span class=\"OYPEnA text-decoration-none text-strikethrough-none\">A ton rythme. <\/span><\/strong><span class=\"OYPEnA text-decoration-none text-strikethrough-none\"><b>Je t&#8217;accompagne<\/b><\/span><\/p>\n<p class=\"cvGsUA direction-ltr align-justify para-style-body\">Je te souhaite un merveilleux Voyage dans la Vie,<\/p>\n<p>Un abrazo.<\/p>\n<p>Gemma<\/p>","protected":false},"excerpt":{"rendered":"<p>FORMATION COMMUNICATION ANIMALE &#8211; MASTER &#8211; NIVEAU 1 Id\u00e9al pour faire de la Communication Animale un but professionnel Dans ce Temple Audiovisuel &#8211; Niveau 1&hellip;<\/p>","protected":false},"featured_media":8794,"comment_status":"closed","ping_status":"closed","template":"","meta":{"_acf_changed":false},"product_cat":[84],"product_tag":[121],"class_list":{"0":"post-5063","1":"product","2":"type-product","3":"status-publish","4":"has-post-thumbnail","6":"product_cat-formation-online","7":"product_tag-master-fr-n1","9":"first","10":"instock","11":"virtual","12":"purchasable","13":"product-type-simple"},"acf":[],"_links":{"self":[{"href":"https:\/\/uktumh.com\/en\/wp-json\/wp\/v2\/product\/5063","targetHints":{"allow":["GET"]}}],"collection":[{"href":"https:\/\/uktumh.com\/en\/wp-json\/wp\/v2\/product"}],"about":[{"href":"https:\/\/uktumh.com\/en\/wp-json\/wp\/v2\/types\/product"}],"replies":[{"embeddable":true,"href":"https:\/\/uktumh.com\/en\/wp-json\/wp\/v2\/comments?post=5063"}],"version-history":[{"count":3,"href":"https:\/\/uktumh.com\/en\/wp-json\/wp\/v2\/product\/5063\/revisions"}],"predecessor-version":[{"id":5736,"href":"https:\/\/uktumh.com\/en\/wp-json\/wp\/v2\/product\/5063\/revisions\/5736"}],"wp:featuredmedia":[{"embeddable":true,"href":"https:\/\/uktumh.com\/en\/wp-json\/wp\/v2\/media\/8794"}],"wp:attachment":[{"href":"https:\/\/uktumh.com\/en\/wp-json\/wp\/v2\/media?parent=5063"}],"wp:term":[{"taxonomy":"product_cat","embeddable":true,"href":"https:\/\/uktumh.com\/en\/wp-json\/wp\/v2\/product_cat?post=5063"},{"taxonomy":"product_tag","embeddable":true,"href":"https:\/\/uktumh.com\/en\/wp-json\/wp\/v2\/product_tag?post=5063"}],"curies":[{"name":"wp","href":"https:\/\/api.w.org\/{rel}","templated":true}]}}