{"id":5069,"date":"2024-02-26T14:56:40","date_gmt":"2024-02-26T13:56:40","guid":{"rendered":"https:\/\/uktumh.com\/?post_type=product&#038;p=5069"},"modified":"2024-02-26T14:58:44","modified_gmt":"2024-02-26T13:58:44","slug":"2h30-accompagnement-tribu","status":"publish","type":"product","link":"https:\/\/uktumh.com\/en\/product\/2h30-accompagnement-tribu\/","title":{"rendered":"2h30 Accompagnement &#8211; Tribu-"},"content":{"rendered":"<p><strong>5 s\u00e9ances d&#8217;accompagnement de 30 minutes<\/strong> via Zoom pour les membres de la <strong>Tribu Uktumh du Niveau I, II ou III<\/strong><\/p>\n<p>Quelques TIPS pour notre s\u00e9ance:<\/p>\n<ul>\n<li><strong>Pour les doutes, questions, les conseils, les &#8220;How To&#8221;&#8230;<\/strong>\u00a0pr\u00e9pare en amont tout ce dont tu as besoin afin d&#8217;optimiser ton temps.<\/li>\n<li><strong>Pour les situations r\u00e9els d\u00e9j\u00e0 travaill\u00e9es,<\/strong> prends aussi ta fiche et le suivi de l&#8217;animal (j&#8217;aurai sans doute des questions par rapport tes d\u00e9briefings avec les responsables)<\/li>\n<\/ul>\n<p>D\u00e8s r\u00e9servation de la s\u00e9ance, je t&#8217;enverrai par mail le lien zoom.<\/p>\n<p>H\u00e2te de pouvoir t&#8217;accompagner<\/p>\n<p>Besos<\/p>\n<p>Gemma<\/p>\n<p>&nbsp;<\/p>","protected":false},"excerpt":{"rendered":"<p>5 s\u00e9ances d&#8217;accompagnement de 30 minutes via Zoom pour les membres de la Tribu Uktumh du Niveau I, II ou III Quelques TIPS pour notre&hellip;<\/p>","protected":false},"featured_media":3109,"comment_status":"open","ping_status":"closed","template":"","meta":{"_acf_changed":false},"product_cat":[82],"product_tag":[],"class_list":{"0":"post-5069","1":"product","2":"type-product","3":"status-publish","4":"has-post-thumbnail","6":"product_cat-services","8":"first","9":"instock","10":"virtual","11":"purchasable","12":"product-type-simple"},"acf":[],"_links":{"self":[{"href":"https:\/\/uktumh.com\/en\/wp-json\/wp\/v2\/product\/5069","targetHints":{"allow":["GET"]}}],"collection":[{"href":"https:\/\/uktumh.com\/en\/wp-json\/wp\/v2\/product"}],"about":[{"href":"https:\/\/uktumh.com\/en\/wp-json\/wp\/v2\/types\/product"}],"replies":[{"embeddable":true,"href":"https:\/\/uktumh.com\/en\/wp-json\/wp\/v2\/comments?post=5069"}],"version-history":[{"count":1,"href":"https:\/\/uktumh.com\/en\/wp-json\/wp\/v2\/product\/5069\/revisions"}],"predecessor-version":[{"id":5070,"href":"https:\/\/uktumh.com\/en\/wp-json\/wp\/v2\/product\/5069\/revisions\/5070"}],"wp:featuredmedia":[{"embeddable":true,"href":"https:\/\/uktumh.com\/en\/wp-json\/wp\/v2\/media\/3109"}],"wp:attachment":[{"href":"https:\/\/uktumh.com\/en\/wp-json\/wp\/v2\/media?parent=5069"}],"wp:term":[{"taxonomy":"product_cat","embeddable":true,"href":"https:\/\/uktumh.com\/en\/wp-json\/wp\/v2\/product_cat?post=5069"},{"taxonomy":"product_tag","embeddable":true,"href":"https:\/\/uktumh.com\/en\/wp-json\/wp\/v2\/product_tag?post=5069"}],"curies":[{"name":"wp","href":"https:\/\/api.w.org\/{rel}","templated":true}]}}