{"id":5731,"date":"2024-05-04T15:39:12","date_gmt":"2024-05-04T13:39:12","guid":{"rendered":"https:\/\/uktumh.com\/?post_type=product&#038;p=5731"},"modified":"2025-10-20T00:00:14","modified_gmt":"2025-10-19T22:00:14","slug":"master-communication-animale-niveau-2-aasa","status":"publish","type":"product","link":"https:\/\/uktumh.com\/en\/product\/master-communication-animale-niveau-2-aasa\/","title":{"rendered":"MASTER Communication Animale  Niveau 2  &#8211; AASA"},"content":{"rendered":"<p class=\"cvGsUA direction-ltr align-justify para-style-body\"><span class=\"OYPEnA text-decoration-none text-strikethrough-none\"><strong>FORMATION COMMUNICATION ANIMALE &#8211; MASTER &#8211; NIVEAU 2<\/strong><\/span><\/p>\n<p class=\"cvGsUA direction-ltr align-justify para-style-body\"><strong><em>Id\u00e9al pour faire de la Communication Animale un but professionnel<\/em><\/strong><\/p>\n<h4 class=\"cvGsUA direction-ltr align-justify para-style-body\">Dans ce Temple Audiovisuel &#8211; Niveau 2 &#8211; vous trouverez:<\/h4>\n<p>-47 le\u00e7ons<br \/>\n&gt;10h des vid\u00e9os enregistr\u00e9s et chapitr\u00e9s avec des explications\u00a0(de la th\u00e9orie, des M\u00e9ditations, du Pranayama et des pratiques)<br \/>\n&#8211; 10\u00a0Pratiques\u00a0de Communication Animale \u00e0 faire avec leur m\u00e9ditations, images, musiques&#8230;<br \/>\n&#8211;\u00a0Un livret\u00a0(en format pdf \u00e0 t\u00e9l\u00e9charger apr\u00e8s les vid\u00e9os)<br \/>\n&#8211;\u00a05h de visio\u00a0(Zoom meeting) en\u00a0<u>individuel<\/u>\u00a0avec moi pour valider les pratiques faites dans la formation et r\u00e9pondre \u00e0 toutes vos questions. 30 minutes apr\u00e8s chaque Pratique.<\/p>\n<h4 class=\"cvGsUA direction-ltr align-center para-style-body\"><span class=\"OYPEnA text-decoration-none text-strikethrough-none\">Dans ce 2\u00e8me niveau nous allons donc apprendre des techniques pour: \u00a0<\/span><\/h4>\n<ul>\n<li>\n<p class=\"cvGsUA direction-ltr align-justify para-style-body\"><span class=\"OYPEnA text-decoration-none text-strikethrough-none\">Aider \u00e0 retrouver les animaux perdus<\/span><\/p>\n<\/li>\n<li>\n<p class=\"cvGsUA direction-ltr align-justify para-style-body\"><span class=\"OYPEnA text-decoration-none text-strikethrough-none\">Aider l&#8217;animal \u00e0 comprendre et apaiser son\u00a0<\/span><span class=\"OYPEnA text-decoration-none text-strikethrough-none\">agressivit\u00e9<\/span><\/p>\n<\/li>\n<li>\n<p class=\"cvGsUA direction-ltr align-justify para-style-body\"><span class=\"OYPEnA text-decoration-none text-strikethrough-none\">Aider dans les Conflits entre animaux (mauvaise entente, violence)<\/span><\/p>\n<\/li>\n<li>\n<p class=\"cvGsUA direction-ltr align-justify para-style-body\"><span class=\"OYPEnA text-decoration-none text-strikethrough-none\">Aider l&#8217;animal \u00e0 comprendre un changement<\/span><\/p>\n<\/li>\n<li>\n<p class=\"cvGsUA direction-ltr align-justify para-style-body\"><span class=\"OYPEnA text-decoration-none text-strikethrough-none\">Aider l&#8217;animal dans des troubles \u00e9motionnels\u00a0<\/span><\/p>\n<\/li>\n<li>\n<p class=\"cvGsUA direction-ltr align-justify para-style-body\"><span class=\"OYPEnA text-decoration-none text-strikethrough-none\">Aider l&#8217;animal \u00e0 apaiser des TOC\u2019s<\/span><\/p>\n<\/li>\n<li>\n<p class=\"cvGsUA direction-ltr align-justify para-style-body\"><span class=\"OYPEnA text-decoration-none text-strikethrough-none\">Aider l&#8217;animal \u00e0 prevenir du danger (PICA\u2019s, fugues)<\/span><\/p>\n<\/li>\n<\/ul>\n<p class=\"cvGsUA direction-ltr align-center para-style-body\"><strong>A ton rythme.\u00a0<\/strong><span class=\"OYPEnA text-decoration-none text-strikethrough-none\"><b>Je t&#8217;accompagne<\/b><\/span><\/p>\n<p class=\"cvGsUA direction-ltr align-justify para-style-body\">Je te souhaite un merveilleux Voyage dans la Vie,<\/p>\n<p>Un abrazo.<\/p>\n<p>Gemma<\/p>","protected":false},"excerpt":{"rendered":"<p>FORMATION COMMUNICATION ANIMALE &#8211; MASTER &#8211; NIVEAU 2 Id\u00e9al pour faire de la Communication Animale un but professionnel Dans ce Temple Audiovisuel &#8211; Niveau 2&hellip;<\/p>","protected":false},"featured_media":8795,"comment_status":"open","ping_status":"closed","template":"","meta":{"_acf_changed":false},"product_cat":[84],"product_tag":[127],"class_list":{"0":"post-5731","1":"product","2":"type-product","3":"status-publish","4":"has-post-thumbnail","6":"product_cat-formation-online","7":"product_tag-master-fr-2","9":"first","10":"instock","11":"virtual","12":"purchasable","13":"product-type-simple"},"acf":[],"_links":{"self":[{"href":"https:\/\/uktumh.com\/en\/wp-json\/wp\/v2\/product\/5731","targetHints":{"allow":["GET"]}}],"collection":[{"href":"https:\/\/uktumh.com\/en\/wp-json\/wp\/v2\/product"}],"about":[{"href":"https:\/\/uktumh.com\/en\/wp-json\/wp\/v2\/types\/product"}],"replies":[{"embeddable":true,"href":"https:\/\/uktumh.com\/en\/wp-json\/wp\/v2\/comments?post=5731"}],"version-history":[{"count":1,"href":"https:\/\/uktumh.com\/en\/wp-json\/wp\/v2\/product\/5731\/revisions"}],"predecessor-version":[{"id":5734,"href":"https:\/\/uktumh.com\/en\/wp-json\/wp\/v2\/product\/5731\/revisions\/5734"}],"wp:featuredmedia":[{"embeddable":true,"href":"https:\/\/uktumh.com\/en\/wp-json\/wp\/v2\/media\/8795"}],"wp:attachment":[{"href":"https:\/\/uktumh.com\/en\/wp-json\/wp\/v2\/media?parent=5731"}],"wp:term":[{"taxonomy":"product_cat","embeddable":true,"href":"https:\/\/uktumh.com\/en\/wp-json\/wp\/v2\/product_cat?post=5731"},{"taxonomy":"product_tag","embeddable":true,"href":"https:\/\/uktumh.com\/en\/wp-json\/wp\/v2\/product_tag?post=5731"}],"curies":[{"name":"wp","href":"https:\/\/api.w.org\/{rel}","templated":true}]}}