{"id":7083,"date":"2024-10-31T22:26:07","date_gmt":"2024-10-31T21:26:07","guid":{"rendered":"https:\/\/uktumh.com\/?post_type=product&#038;p=7083"},"modified":"2025-10-20T00:00:14","modified_gmt":"2025-10-19T22:00:14","slug":"master-communication-animale-niveau-3-aaro","status":"publish","type":"product","link":"https:\/\/uktumh.com\/en\/product\/master-communication-animale-niveau-3-aaro\/","title":{"rendered":"MASTER Communication Animale &#8211; Niveau 3 &#8211; AARO"},"content":{"rendered":"<p class=\"cvGsUA direction-ltr align-justify para-style-body\"><span class=\"OYPEnA text-decoration-none text-strikethrough-none\"><strong>FORMATION COMMUNICATION ANIMALE \u2013 MASTER \u2013 NIVEAU 3<\/strong><\/span><\/p>\n<p class=\"cvGsUA direction-ltr align-justify para-style-body\"><strong><em>Id\u00e9al pour faire de la Communication Animale un but professionnel<\/em><\/strong><\/p>\n<h4 class=\"cvGsUA direction-ltr align-justify para-style-body\">Dans ce Temple Audiovisuel \u2013 Niveau 3 \u2013 vous trouverez:<\/h4>\n<p>-40 le\u00e7ons<br \/>\n&gt;14h des vid\u00e9os enregistr\u00e9s et chapitr\u00e9s avec des explications (de la th\u00e9orie, des M\u00e9ditations, du Pranayama et des pratiques)<br \/>\n\u2013 10 Pratiques d&#8217;Aide physique \u00e0 l&#8217;animal \u00e0 faire avec leur m\u00e9ditations, images, musiques\u2026<br \/>\n\u2013\u00a0Un livret\u00a0(en format pdf \u00e0 t\u00e9l\u00e9charger apr\u00e8s les vid\u00e9os)<br \/>\n\u2013\u00a05h de visio\u00a0(Zoom meeting) en\u00a0<u>individuel<\/u>\u00a0avec moi pour valider les pratiques faites dans la formation et r\u00e9pondre \u00e0 toutes vos questions. 30 minutes apr\u00e8s chaque Pratique.<\/p>\n<h4 class=\"cvGsUA direction-ltr align-center para-style-body\"><span class=\"OYPEnA text-decoration-none text-strikethrough-none\">Dans ce 3\u00e8me niveau nous allons donc apprendre des techniques pour les Protocoles suivants: \u00a0<\/span><\/h4>\n<ul>\n<li class=\"cvGsUA direction-ltr align-justify para-style-body\"><span class=\"OYPEnA text-decoration-none text-strikethrough-none\">Coliques et Corps \u00e9trangers<\/span><\/li>\n<li class=\"cvGsUA direction-ltr align-justify para-style-body\">Fourbures<\/li>\n<li class=\"cvGsUA direction-ltr align-justify para-style-body\">Tumeurs et Kystes<\/li>\n<li>Syst\u00e8me nerveux<\/li>\n<li class=\"cvGsUA direction-ltr align-justify para-style-body\"><span class=\"OYPEnA text-decoration-none text-strikethrough-none\">Insuffisance R\u00e9nale<\/span><\/li>\n<li>Dysplasie<\/li>\n<li>Arthrose<\/li>\n<li>Entorses<\/li>\n<li class=\"cvGsUA direction-ltr align-justify para-style-body\">Syst\u00e8me immunitaire<\/li>\n<li>Accompagnement de fin de vie<\/li>\n<\/ul>\n<p><strong>A ton rythme.\u00a0<\/strong><span class=\"OYPEnA text-decoration-none text-strikethrough-none\"><b>Je t\u2019accompagne<\/b><\/span><\/p>\n<p class=\"cvGsUA direction-ltr align-justify para-style-body\">Je te souhaite un merveilleux Voyage dans la Vie,<\/p>\n<p>Un abrazo.<\/p>\n<p>Gemma<\/p>","protected":false},"excerpt":{"rendered":"<p>Formation Communication Animale &#8211; N3 &#8211; 10 Protocoles d&#8217;ordre physique pour aider l&#8217;animal dans le besoin.<\/p>","protected":false},"featured_media":8796,"comment_status":"open","ping_status":"closed","template":"","meta":{"_acf_changed":false},"product_cat":[84],"product_tag":[142],"class_list":{"0":"post-7083","1":"product","2":"type-product","3":"status-publish","4":"has-post-thumbnail","6":"product_cat-formation-online","7":"product_tag-master-fr-3","9":"first","10":"instock","11":"virtual","12":"purchasable","13":"product-type-simple"},"acf":[],"_links":{"self":[{"href":"https:\/\/uktumh.com\/en\/wp-json\/wp\/v2\/product\/7083","targetHints":{"allow":["GET"]}}],"collection":[{"href":"https:\/\/uktumh.com\/en\/wp-json\/wp\/v2\/product"}],"about":[{"href":"https:\/\/uktumh.com\/en\/wp-json\/wp\/v2\/types\/product"}],"replies":[{"embeddable":true,"href":"https:\/\/uktumh.com\/en\/wp-json\/wp\/v2\/comments?post=7083"}],"version-history":[{"count":3,"href":"https:\/\/uktumh.com\/en\/wp-json\/wp\/v2\/product\/7083\/revisions"}],"predecessor-version":[{"id":8797,"href":"https:\/\/uktumh.com\/en\/wp-json\/wp\/v2\/product\/7083\/revisions\/8797"}],"wp:featuredmedia":[{"embeddable":true,"href":"https:\/\/uktumh.com\/en\/wp-json\/wp\/v2\/media\/8796"}],"wp:attachment":[{"href":"https:\/\/uktumh.com\/en\/wp-json\/wp\/v2\/media?parent=7083"}],"wp:term":[{"taxonomy":"product_cat","embeddable":true,"href":"https:\/\/uktumh.com\/en\/wp-json\/wp\/v2\/product_cat?post=7083"},{"taxonomy":"product_tag","embeddable":true,"href":"https:\/\/uktumh.com\/en\/wp-json\/wp\/v2\/product_tag?post=7083"}],"curies":[{"name":"wp","href":"https:\/\/api.w.org\/{rel}","templated":true}]}}