{"id":7482,"date":"2024-12-12T19:42:01","date_gmt":"2024-12-12T18:42:01","guid":{"rendered":"https:\/\/uktumh.com\/?post_type=product&#038;p=7482"},"modified":"2025-04-01T00:22:27","modified_gmt":"2025-03-31T22:22:27","slug":"formation-master-communication-animale-pack-3-niveaux-25-off","status":"publish","type":"product","link":"https:\/\/uktumh.com\/en\/product\/formation-master-communication-animale-pack-3-niveaux-25-off\/","title":{"rendered":"Formation MASTER Communication Animale- Pack 3 Niveaux- (25% off)"},"content":{"rendered":"<div>\n<p><b><em>Merci pour votre consid\u00e9ration:<\/em> Un RDV non annul\u00e9 24h avant notre s\u00e9ance sera <\/b><b>comptabilis\u00e9 comme perdu.<\/b><\/p>\n<h4 class=\"wp-block-heading\">Comme pour tout achat en ligne, celui d\u2019une formation est sujet \u00e0 un d\u00e9lai de r\u00e9tractation de 14 jours ouvr\u00e9s. Si vous vous \u00eates inscrits il y a moins de 14 jours et que vous souhaitez vous r\u00e9tracter, vous serez rembours\u00e9 du montant. Vous n\u2019avez besoin d\u2019aucun justificatif.<\/h4>\n<p>Apr\u00e8s 14 jours depuis l&#8217;achat, tous les droits engag\u00e9s sont dus. C\u2019est-\u00e0-dire que l\u2019\u00e9l\u00e8ve ne pourra b\u00e9n\u00e9ficier d\u2019aucun remboursement. Par contre, l\u2019\u00e9tudiant pourra reprendre la formation \u00e0 vie \u00e0 tout moment.<\/p>\n<p><b>\u00a0(visitez nos Conditions G\u00e9n\u00e9rales de Vente)<\/b><\/p>\n<p>&nbsp;<\/p>\n<\/div>\n<div style=\"text-align: center;\"><strong><span style=\"font-family: Futura;\">12 ans d&#8217;exp\u00e9rience en 3 formations MASTER!<\/span><\/strong><\/div>\n<div style=\"text-align: center;\"><span style=\"font-family: Futura;\">Formation Communication Animale &#8211; Master COMPLET!! <\/span><\/div>\n<div style=\"text-align: center;\"><span style=\"font-family: Futura;\">Niveau 1,2 et 3 \u00e0 <\/span><strong><span style=\"font-family: Futura;\">25% de r\u00e9duction &#8211; <\/span><\/strong><\/div>\n<div style=\"text-align: center;\"><\/div>\n<div><span style=\"font-family: Futura;\">\ud83d\udc49\ud83c\udffc\u00a0+35h des vid\u00e9os\u00a0<\/span>\u00e0 vie dans ton espace \u00e9l\u00e8ve en 4K enregistr\u00e9s et chapitr\u00e9s avec de la th\u00e9orie, des M\u00e9ditations, du Pranayama\u2026<br \/>\n\ud83d\udc49\ud83c\udffc\u00a0<span style=\"font-family: Futura;\">Un livre chapitr\u00e9\u00a0de +100 pages<\/span>\u00a0(en format pdf \u00e0 t\u00e9l\u00e9charger apr\u00e8s les vid\u00e9os)<br \/>\n<span class=\"AppleMailBigEmoji\">\ud83d\udc49\ud83c\udffc <span style=\"font-family: Futura;\">25 Pratiques<\/span><\/span>\u00a0de Communication Animale, d\u2019aide \u00e9motionnel et d\u2019aide physique \u00a0\u00e0 faire avec leur m\u00e9ditations, images, musiques\u2026<br \/>\n<span class=\"AppleMailBigEmoji\">\ud83d\udc49\ud83c\udffc\u00a0<\/span><span class=\"AppleMailBigEmoji\"><span style=\"font-family: Futura;\">12h30 de visio<\/span><\/span>\u00a0(Zoom meeting) en\u00a0\ud83e\udd17\ud83d\udc83INDIVIDUEL \ud83e\udd17\ud83d\udc83 avec moi pour valider les pratiques faites et r\u00e9pondre \u00e0 toutes tes questions (30 minutes apr\u00e8s chaque Pratique)<span style=\"color: #000000;\">\u00a0Tu d\u00e9cides le jour et l\u2019heure. A ton rythme, je t\u2019accompagne.\u00a0<\/span><br \/>\n<span class=\"AppleMailBigEmoji\">\ud83d\udc49\ud83c\udffc\u00a0<\/span><span class=\"AppleMailBigEmoji\"><span style=\"font-family: Futura;\">1 an d\u2019accompagnement gratuit avec moi via WhatsApp\u00a0<\/span><br \/>\n<\/span><\/div>\n<div>\n<div><span class=\"AppleMailBigEmoji\">\ud83d\udc49\ud83c\udffc\u00a0<\/span><span class=\"AppleMailBigEmoji\"><span style=\"font-family: Futura;\">3 mandalas en polycoton offerts envoy\u00e9s chez toi! (Tempus Exo, Leukos Naos et Essence)<\/span><br \/>\n<\/span><\/div>\n<\/div>\n<div style=\"text-align: center;\">&#8230;&#8230;&#8230;&#8230;&#8230;&#8230;<\/div>\n<div>\n<div><\/div>\n<\/div>\n<div><\/div>\n<div>\n<div>\n<div><span style=\"font-family: Futura;\">Quelques Protocoles du Niveau 2:<\/span><\/div>\n<div>\n<ul>\n<li class=\"cvGsUA direction-ltr align-justify para-style-body\"><span class=\"OYPEnA text-decoration-none text-strikethrough-none\">Aider \u00e0 retrouver les animaux perdus<\/span><\/li>\n<li class=\"cvGsUA direction-ltr align-justify para-style-body\"><span class=\"OYPEnA text-decoration-none text-strikethrough-none\">Aider l&#8217;animal \u00e0 comprendre et apaiser son\u00a0<\/span><span class=\"OYPEnA text-decoration-none text-strikethrough-none\">agressivit\u00e9\u00a0<\/span><\/li>\n<li class=\"cvGsUA direction-ltr align-justify para-style-body\">Aider dans les\u00a0Conflits entre animaux (mauvaise entente, violence)<\/li>\n<li><span style=\"color: #4d5c6d;\">Aider l\u2019animal\u00a0\u00e0 comprendre un changement<\/span><\/li>\n<li class=\"cvGsUA direction-ltr align-justify para-style-body\"><span class=\"OYPEnA text-decoration-none text-strikethrough-none\">Aider l\u2019animal\u00a0<\/span>dans des troubles \u00e9motionnels<\/li>\n<li>Aider\u00a0\u00e0 apaiser des TOC\u2019s<\/li>\n<li>Aider\u00a0\u00e0\u00a0prevenir du danger (PICA\u2019s, fugues)<\/li>\n<\/ul>\n<p style=\"text-align: center;\">&#8230;&#8230;..<\/p>\n<\/div>\n<\/div>\n<div><span style=\"font-family: Futura;\">Quelques Protocoles du Niveau 3:<\/span><\/div>\n<div>\n<ul>\n<li class=\"cvGsUA direction-ltr align-justify para-style-body\"><span class=\"OYPEnA text-decoration-none text-strikethrough-none\">Coliques et Corps \u00e9trangers<\/span><\/li>\n<li class=\"cvGsUA direction-ltr align-justify para-style-body\">Fourbures<\/li>\n<li class=\"cvGsUA direction-ltr align-justify para-style-body\">Tumeurs et Kystes<\/li>\n<li>Syst\u00e8me nerveux<\/li>\n<li class=\"cvGsUA direction-ltr align-justify para-style-body\"><span class=\"OYPEnA text-decoration-none text-strikethrough-none\">Insuffisance R\u00e9nale<\/span><\/li>\n<li>Dysplasie<\/li>\n<li>Arthrose<\/li>\n<li>Entorses<\/li>\n<li class=\"cvGsUA direction-ltr align-justify para-style-body\">Syst\u00e8me immunitaire<\/li>\n<li>Accompagnement de fin de vie<\/li>\n<\/ul>\n<\/div>\n<\/div>","protected":false},"excerpt":{"rendered":"<p>Merci pour votre consid\u00e9ration: Un RDV non annul\u00e9 24h avant notre s\u00e9ance sera comptabilis\u00e9 comme perdu. Comme pour tout achat en ligne, celui d\u2019une formation&hellip;<\/p>","protected":false},"featured_media":7493,"comment_status":"open","ping_status":"closed","template":"","meta":{"_acf_changed":false},"product_cat":[84],"product_tag":[142,127,121],"class_list":{"0":"post-7482","1":"product","2":"type-product","3":"status-publish","4":"has-post-thumbnail","6":"product_cat-formation-online","7":"product_tag-master-fr-3","8":"product_tag-master-fr-2","9":"product_tag-master-fr-n1","11":"first","12":"instock","13":"sale","14":"virtual","15":"purchasable","16":"product-type-simple"},"acf":[],"_links":{"self":[{"href":"https:\/\/uktumh.com\/en\/wp-json\/wp\/v2\/product\/7482","targetHints":{"allow":["GET"]}}],"collection":[{"href":"https:\/\/uktumh.com\/en\/wp-json\/wp\/v2\/product"}],"about":[{"href":"https:\/\/uktumh.com\/en\/wp-json\/wp\/v2\/types\/product"}],"replies":[{"embeddable":true,"href":"https:\/\/uktumh.com\/en\/wp-json\/wp\/v2\/comments?post=7482"}],"version-history":[{"count":7,"href":"https:\/\/uktumh.com\/en\/wp-json\/wp\/v2\/product\/7482\/revisions"}],"predecessor-version":[{"id":8993,"href":"https:\/\/uktumh.com\/en\/wp-json\/wp\/v2\/product\/7482\/revisions\/8993"}],"wp:featuredmedia":[{"embeddable":true,"href":"https:\/\/uktumh.com\/en\/wp-json\/wp\/v2\/media\/7493"}],"wp:attachment":[{"href":"https:\/\/uktumh.com\/en\/wp-json\/wp\/v2\/media?parent=7482"}],"wp:term":[{"taxonomy":"product_cat","embeddable":true,"href":"https:\/\/uktumh.com\/en\/wp-json\/wp\/v2\/product_cat?post=7482"},{"taxonomy":"product_tag","embeddable":true,"href":"https:\/\/uktumh.com\/en\/wp-json\/wp\/v2\/product_tag?post=7482"}],"curies":[{"name":"wp","href":"https:\/\/api.w.org\/{rel}","templated":true}]}}