{"id":8214,"date":"2025-02-01T17:01:05","date_gmt":"2025-02-01T16:01:05","guid":{"rendered":"https:\/\/uktumh.com\/?post_type=product&#038;p=8214"},"modified":"2025-06-04T06:56:13","modified_gmt":"2025-06-04T04:56:13","slug":"graine-communication-animale-par-uktumh","status":"publish","type":"product","link":"https:\/\/uktumh.com\/en\/product\/graine-communication-animale-par-uktumh\/","title":{"rendered":"Graine: Communication Animale par Uktumh"},"content":{"rendered":"<p>Tu es d\u00e9j\u00e0 un\u00a0<strong><em>professionnel<\/em>\u00a0<\/strong>de la Communication Animale? &#8230;Ou&#8230;<\/p>\n<p>Tu souhaites pouvoir <strong><em>aider<\/em> <em>ton animal <\/em><\/strong>sans vouloir te former \u00e0 tous les niveaux?<\/p>\n<p class=\"cvGsUA direction-ltr align-center para-style-body\"><strong><span class=\"OYPEnA font-feature-liga-off font-feature-clig-off font-feature-calt-off text-decoration-none text-strikethrough-none\">The <\/span><span class=\"OYPEnA font-feature-liga-off font-feature-clig-off font-feature-calt-off text-decoration-none text-strikethrough-none\">Germe<\/span><span class=\"OYPEnA font-feature-liga-off font-feature-clig-off font-feature-calt-off text-decoration-none text-strikethrough-none\"> de la Communication Animale. <\/span><span class=\"OYPEnA font-feature-liga-off font-feature-clig-off font-feature-calt-off text-decoration-none text-strikethrough-none\">Des <\/span><span class=\"OYPEnA font-feature-liga-off font-feature-clig-off font-feature-calt-off text-decoration-none text-strikethrough-none\">\u201cGraines\u201d <\/span><span class=\"OYPEnA font-feature-liga-off font-feature-clig-off font-feature-calt-off text-decoration-none text-strikethrough-none\">\u00e0 PORT\u00c9E DE MAIN<\/span><\/strong><\/p>\n<p class=\"cvGsUA direction-ltr align-center para-style-body\"><span class=\"OYPEnA font-feature-liga-off font-feature-clig-off font-feature-calt-off text-decoration-none text-strikethrough-none\">Id\u00e9al pour des personnes <\/span><span class=\"OYPEnA font-feature-liga-off font-feature-clig-off font-feature-calt-off text-decoration-none text-strikethrough-none\">qui font d\u00e9j\u00e0 la Communication Animale<\/span><span class=\"OYPEnA font-feature-liga-off font-feature-clig-off font-feature-calt-off text-decoration-none text-strikethrough-none\"> et qui souhaitent <\/span><span class=\"OYPEnA font-feature-liga-off font-feature-clig-off font-feature-calt-off text-decoration-none text-strikethrough-none\">\u00e9largir leur \u00e9ventail de protocoles.<\/span><\/p>\n<p class=\"cvGsUA direction-ltr align-center para-style-body\"><span class=\"OYPEnA font-feature-liga-off font-feature-clig-off font-feature-calt-off text-decoration-none text-strikethrough-none\">Ou pour des personnes qui souhaitent <\/span><span class=\"OYPEnA font-feature-liga-off font-feature-clig-off font-feature-calt-off text-decoration-none text-strikethrough-none\">aider leurs animaux<\/span><span class=\"OYPEnA font-feature-liga-off font-feature-clig-off font-feature-calt-off text-decoration-none text-strikethrough-none\"> avec <\/span><span class=\"OYPEnA font-feature-liga-off font-feature-clig-off font-feature-calt-off text-decoration-none text-strikethrough-none\">des <\/span><span class=\"OYPEnA font-feature-liga-off font-feature-clig-off font-feature-calt-off text-decoration-none text-strikethrough-none\">besoins<\/span> <span class=\"OYPEnA font-feature-liga-off font-feature-clig-off font-feature-calt-off text-decoration-none text-strikethrough-none\">sp\u00e9cifiques.<\/span><\/p>\n<p><strong>Dans cette Graine tu trouveras 2 vid\u00e9os avec la Technique de Communication Animale que nous utilisons \u00e0 l&#8217;\u00e9cole Uktumh<\/strong><\/p>","protected":false},"excerpt":{"rendered":"<p><strong><span class=\"OYPEnA font-feature-liga-off font-feature-clig-off font-feature-calt-off text-decoration-none text-strikethrough-none\">The <\/span><span class=\"OYPEnA font-feature-liga-off font-feature-clig-off font-feature-calt-off text-decoration-none text-strikethrough-none\">Germe<\/span><span class=\"OYPEnA font-feature-liga-off font-feature-clig-off font-feature-calt-off text-decoration-none text-strikethrough-none\"> de la Communication Animale: <\/span><span class=\"OYPEnA font-feature-liga-off font-feature-clig-off font-feature-calt-off text-decoration-none text-strikethrough-none\">\u00a0<\/span><\/strong><\/p>\n<p><strong><span class=\"OYPEnA font-feature-liga-off font-feature-clig-off font-feature-calt-off text-decoration-none text-strikethrough-none\">Graine: La Communication Animale par Uktumh.<\/span><\/strong><\/p>\n<p>\u00c0 vie, dans ton espace \u00e9l\u00e8ve.<\/p>\n<blockquote>\n<h5><em><span class=\"OYPEnA font-feature-liga-off font-feature-clig-off font-feature-calt-off text-decoration-none text-strikethrough-none\">Attention<\/span><span class=\"OYPEnA font-feature-liga-off font-feature-clig-off font-feature-calt-off text-decoration-none text-strikethrough-none\">: <\/span><\/em><em><span class=\"OYPEnA font-feature-liga-off font-feature-clig-off font-feature-calt-off text-decoration-none text-strikethrough-none\">Cette Graine contient l\u2019outil de la Communication Animale. Cette Graine ne se substitue en aucun cas \u00e0 une Formation compl\u00e8te certifi\u00e9e par Uktumh. Le Respect et l\u2019Ethique envers l\u2019animal et son humain sont responsabilit\u00e9 du praticien. <\/span><span class=\"OYPEnA font-feature-liga-off font-feature-clig-off font-feature-calt-off text-decoration-none text-strikethrough-none\">Si tu es int\u00e9ress\u00e9.e par une formation certifiante<\/span> <span class=\"OYPEnA font-feature-liga-off font-feature-clig-off font-feature-calt-off text-decoration-none text-strikethrough-none\">Uktumh et \u00eatre accompagn\u00e9.e par moi pendant toute l\u2019ann\u00e9e de formation, n\u2019h\u00e9site pas \u00e0 me contacter.<\/span><\/em><\/h5>\n<\/blockquote>","protected":false},"featured_media":8475,"comment_status":"open","ping_status":"closed","template":"","meta":{"_acf_changed":false},"product_cat":[84],"product_tag":[154],"class_list":{"0":"post-8214","1":"product","2":"type-product","3":"status-publish","4":"has-post-thumbnail","6":"product_cat-formation-online","7":"product_tag-graine-1","9":"first","10":"instock","11":"virtual","12":"sold-individually","13":"purchasable","14":"product-type-course"},"acf":[],"_links":{"self":[{"href":"https:\/\/uktumh.com\/en\/wp-json\/wp\/v2\/product\/8214","targetHints":{"allow":["GET"]}}],"collection":[{"href":"https:\/\/uktumh.com\/en\/wp-json\/wp\/v2\/product"}],"about":[{"href":"https:\/\/uktumh.com\/en\/wp-json\/wp\/v2\/types\/product"}],"replies":[{"embeddable":true,"href":"https:\/\/uktumh.com\/en\/wp-json\/wp\/v2\/comments?post=8214"}],"version-history":[{"count":1,"href":"https:\/\/uktumh.com\/en\/wp-json\/wp\/v2\/product\/8214\/revisions"}],"predecessor-version":[{"id":8215,"href":"https:\/\/uktumh.com\/en\/wp-json\/wp\/v2\/product\/8214\/revisions\/8215"}],"wp:featuredmedia":[{"embeddable":true,"href":"https:\/\/uktumh.com\/en\/wp-json\/wp\/v2\/media\/8475"}],"wp:attachment":[{"href":"https:\/\/uktumh.com\/en\/wp-json\/wp\/v2\/media?parent=8214"}],"wp:term":[{"taxonomy":"product_cat","embeddable":true,"href":"https:\/\/uktumh.com\/en\/wp-json\/wp\/v2\/product_cat?post=8214"},{"taxonomy":"product_tag","embeddable":true,"href":"https:\/\/uktumh.com\/en\/wp-json\/wp\/v2\/product_tag?post=8214"}],"curies":[{"name":"wp","href":"https:\/\/api.w.org\/{rel}","templated":true}]}}