{"id":8884,"date":"2025-03-08T12:31:28","date_gmt":"2025-03-08T11:31:28","guid":{"rendered":"https:\/\/uktumh.com\/?post_type=product&#038;p=8884"},"modified":"2025-05-31T12:32:28","modified_gmt":"2025-05-31T10:32:28","slug":"mentorship-premium-4-mois","status":"publish","type":"product","link":"https:\/\/uktumh.com\/en\/product\/mentorship-premium-4-mois\/","title":{"rendered":"Mentorship Premium -4 mois-"},"content":{"rendered":"<h1>Mentorship PREMIUM.<\/h1>\n<h1>Ce produit achet\u00e9 sera valable pour 4 Mois (3 niveaux + 1 mois BOOST VIE PRO)<\/h1>\n<p><b><em>Merci pour votre consid\u00e9ration:<\/em> Un RDV non annul\u00e9 24h avant notre s\u00e9ance sera <\/b><b>comptabilis\u00e9 comme perdu.<\/b><\/p>\n<h4 class=\"wp-block-heading\">Comme pour tout achat en ligne, celui d\u2019un mentorat est sujet \u00e0 un d\u00e9lai de r\u00e9tractation de 14 jours ouvr\u00e9s. Si vous vous \u00eates inscrits il y a moins de 14 jours et que vous souhaitez vous r\u00e9tracter, vous serez rembours\u00e9 du reste du montant du mentorat.\u00a0Vous n\u2019avez besoin d\u2019aucun justificatif.<\/h4>\n<p>Apr\u00e8s 14 jours, lorsque la session de mentorat aura d\u00e9but\u00e9 sa 2\u00e8me semaine, tous les droits engag\u00e9s sont dus. C\u2019est-\u00e0-dire que l&#8217;\u00e9l\u00e8ve ne pourra b\u00e9n\u00e9ficier d\u2019aucun remboursement. Par contre, l&#8217;\u00e9tudiant pourra reprendre le mentorat \u00e0 tout moment.<\/p>\n<p>Par exemple, si l&#8217;\u00e9l\u00e8ve a 60h de Mentorship et il reste 30h \u00e0 r\u00e9aliser, il pourra les reprendre \u00e0 tout moment.<\/p>\n<p><b>\u00a0(visitez nos Conditions G\u00e9n\u00e9rales de Vente)<\/b><\/p>\n<p>&nbsp;<\/p>\n<p><strong><span class=\"OYPEnA font-feature-liga-off font-feature-clig-off font-feature-calt-off text-decoration-none text-strikethrough-none\">Niveau 1-2 et 3 <em>(3 mois):<\/em><\/span><\/strong><\/p>\n<ul>\n<li><span class=\"OYPEnA font-feature-liga-off font-feature-clig-off font-feature-calt-off text-decoration-none text-strikethrough-none\">4h\/mois Zoom par Niveau<\/span><\/li>\n<li><span class=\"OYPEnA font-feature-liga-off font-feature-clig-off font-feature-calt-off text-decoration-none text-strikethrough-none\">Support<\/span><span class=\"OYPEnA font-feature-liga-off font-feature-clig-off font-feature-calt-off text-decoration-none text-strikethrough-none\"> quotidien (WhatsApp)<\/span><\/li>\n<li class=\"cvGsUA direction-ltr align-start para-style-body\"><span class=\"OYPEnA font-feature-liga-off font-feature-clig-off font-feature-calt-off text-decoration-none text-strikethrough-none\">Cr\u00e9ation <\/span><span class=\"OYPEnA font-feature-liga-off font-feature-clig-off font-feature-calt-off text-decoration-none text-strikethrough-none\">d\u2019un<\/span><span class=\"OYPEnA font-feature-liga-off font-feature-clig-off font-feature-calt-off text-decoration-none text-strikethrough-none\"> planning personnalis\u00e9 quotidien <\/span><span class=\"OYPEnA font-feature-liga-off font-feature-clig-off font-feature-calt-off text-decoration-none text-strikethrough-none\">selon tes besoins<\/span><\/li>\n<li><span class=\"OYPEnA font-feature-liga-off font-feature-clig-off font-feature-calt-off text-decoration-none text-strikethrough-none\">R\u00e9vision <\/span><span class=\"OYPEnA font-feature-liga-off font-feature-clig-off font-feature-calt-off text-decoration-none text-strikethrough-none\">des exercices du<\/span><span class=\"OYPEnA font-feature-liga-off font-feature-clig-off font-feature-calt-off text-decoration-none text-strikethrough-none\"> planning personnalis\u00e9 quotidien <\/span><span class=\"OYPEnA font-feature-liga-off font-feature-clig-off font-feature-calt-off text-decoration-none text-strikethrough-none\">le jour de notre RDV hebdomadaire.<\/span><\/li>\n<li><span class=\"OYPEnA font-feature-liga-off font-feature-clig-off font-feature-calt-off text-decoration-none text-strikethrough-none\">Pratiques<\/span><span class=\"OYPEnA font-feature-liga-off font-feature-clig-off font-feature-calt-off text-decoration-none text-strikethrough-none\"> et <\/span><span class=\"OYPEnA font-feature-liga-off font-feature-clig-off font-feature-calt-off text-decoration-none text-strikethrough-none\">r\u00e9vision<\/span><span class=\"OYPEnA font-feature-liga-off font-feature-clig-off font-feature-calt-off text-decoration-none text-strikethrough-none\"> de Communication Animale quotidiennes<\/span><\/li>\n<\/ul>\n<p><strong><span class=\"OYPEnA font-feature-liga-off font-feature-clig-off font-feature-calt-off text-decoration-none text-strikethrough-none\">Niveau 4 &#8211; Vie Pro <em>(1 mois):<\/em><\/span><\/strong><\/p>\n<ul>\n<li><span class=\"OYPEnA font-feature-liga-off font-feature-clig-off font-feature-calt-off text-decoration-none text-strikethrough-none\">4h\/mois Zoom par Niveau<\/span><\/li>\n<li><span class=\"OYPEnA font-feature-liga-off font-feature-clig-off font-feature-calt-off text-decoration-none text-strikethrough-none\">Support<\/span><span class=\"OYPEnA font-feature-liga-off font-feature-clig-off font-feature-calt-off text-decoration-none text-strikethrough-none\"> quotidien (WhatsApp)<\/span><\/li>\n<li><span class=\"OYPEnA font-feature-liga-off font-feature-clig-off font-feature-calt-off text-decoration-none text-strikethrough-none\">Planning personnalis\u00e9 <\/span><span class=\"OYPEnA font-feature-liga-off font-feature-clig-off font-feature-calt-off text-decoration-none text-strikethrough-none\">quotidien <\/span><span class=\"OYPEnA font-feature-liga-off font-feature-clig-off font-feature-calt-off text-decoration-none text-strikethrough-none\">afin de cr\u00e9er:<\/span>\n<ul>\n<li><span class=\"OYPEnA font-feature-liga-off font-feature-clig-off font-feature-calt-off text-decoration-none text-strikethrough-none\">Ton \u201cbranding\u201d<\/span><\/li>\n<li><span class=\"OYPEnA font-feature-liga-off font-feature-clig-off font-feature-calt-off text-decoration-none text-strikethrough-none\">Ton \u201cmessage\u201d<\/span><\/li>\n<li><span class=\"OYPEnA font-feature-liga-off font-feature-clig-off font-feature-calt-off text-decoration-none text-strikethrough-none\">Ta web<\/span><\/li>\n<li><span class=\"OYPEnA font-feature-liga-off font-feature-clig-off font-feature-calt-off text-decoration-none text-strikethrough-none\">\u00c9largir ton r\u00e9seaux<\/span><\/li>\n<li><span class=\"OYPEnA font-feature-liga-off font-feature-clig-off font-feature-calt-off text-decoration-none text-strikethrough-none\">Tes r\u00e9seaux sociaux<\/span><\/li>\n<\/ul>\n<\/li>\n<\/ul>\n<p><b>+ 3 HYDORES OFFERT (69 euros chaque G\u00e9om\u00e9trie) ENVOY\u00c9S CHEZ TOI!<\/b><\/p>","protected":false},"excerpt":{"rendered":"<p>Mentorship PREMIUM. Ce produit achet\u00e9 sera valable pour 4 Mois (3 niveaux + 1 mois BOOST VIE PRO) Merci pour votre consid\u00e9ration: Un RDV non&hellip;<\/p>","protected":false},"featured_media":8885,"comment_status":"open","ping_status":"closed","template":"","meta":{"_acf_changed":false},"product_cat":[82],"product_tag":[],"class_list":{"0":"post-8884","1":"product","2":"type-product","3":"status-publish","4":"has-post-thumbnail","6":"product_cat-services","8":"first","9":"instock","10":"sale","11":"virtual","12":"purchasable","13":"product-type-simple"},"acf":[],"_links":{"self":[{"href":"https:\/\/uktumh.com\/en\/wp-json\/wp\/v2\/product\/8884","targetHints":{"allow":["GET"]}}],"collection":[{"href":"https:\/\/uktumh.com\/en\/wp-json\/wp\/v2\/product"}],"about":[{"href":"https:\/\/uktumh.com\/en\/wp-json\/wp\/v2\/types\/product"}],"replies":[{"embeddable":true,"href":"https:\/\/uktumh.com\/en\/wp-json\/wp\/v2\/comments?post=8884"}],"version-history":[{"count":5,"href":"https:\/\/uktumh.com\/en\/wp-json\/wp\/v2\/product\/8884\/revisions"}],"predecessor-version":[{"id":8976,"href":"https:\/\/uktumh.com\/en\/wp-json\/wp\/v2\/product\/8884\/revisions\/8976"}],"wp:featuredmedia":[{"embeddable":true,"href":"https:\/\/uktumh.com\/en\/wp-json\/wp\/v2\/media\/8885"}],"wp:attachment":[{"href":"https:\/\/uktumh.com\/en\/wp-json\/wp\/v2\/media?parent=8884"}],"wp:term":[{"taxonomy":"product_cat","embeddable":true,"href":"https:\/\/uktumh.com\/en\/wp-json\/wp\/v2\/product_cat?post=8884"},{"taxonomy":"product_tag","embeddable":true,"href":"https:\/\/uktumh.com\/en\/wp-json\/wp\/v2\/product_tag?post=8884"}],"curies":[{"name":"wp","href":"https:\/\/api.w.org\/{rel}","templated":true}]}}