{"id":9124,"date":"2025-07-15T12:58:10","date_gmt":"2025-07-15T10:58:10","guid":{"rendered":"https:\/\/uktumh.com\/?post_type=product&#038;p=9124"},"modified":"2025-07-15T13:12:39","modified_gmt":"2025-07-15T11:12:39","slug":"communication-animal-perdu","status":"publish","type":"product","link":"https:\/\/uktumh.com\/en\/product\/communication-animal-perdu\/","title":{"rendered":"Communication Animal Perdu"},"content":{"rendered":"<p><span style=\"color: #0042aa; font-family: Futura;\">Je vais faire une premi\u00e8re s\u00e9ance avec votre animal (communication libre) pour ressentir dans un premier moment son \u00e9nergie vitale et avoir des indices sur son entourage afin de faciliter sa recherche.\u00a0<\/span><\/p>\n<p><span style=\"color: #0042aa; font-family: Futura;\">Il est tr\u00e8s important de comprendre que je ne pourrai pas vous dire si votre animal est vivant ou non car lorsque je communique avec un animal perdu, son \u00e9tat de stress peut \u00eatre \u00e9lev\u00e9 et nous pouvons avoir la sensation que son \u00e2me est &#8220;sortie&#8221; de son corps alors que l&#8217;animal peut \u00eatre bien l\u00e0:<\/span><\/p>\n<p><span style=\"color: #0042aa; font-family: Futura;\"> J&#8217;utilise toujours la comparaison avec une personne sous \u00e9tat de choque: une conversation avec quelqu&#8217;un dans cet \u00e9tat sera tr\u00e8s difficile, voire impossible. La m\u00eame chose arrive aux animaux.<\/span><\/p>\n<p><span style=\"color: #0042aa; font-family: Futura;\">Dans ce cas-l\u00e0, si je ne sens pas son \u00e9nergie vitale, \u00e7a ne voudra pas dire qu\u2019il est d\u00e9c\u00e9d\u00e9. Il peut tout simplement \u00eatre en train de traverser un stress \u00e9lev\u00e9. J&#8217;ai vu des cas o\u00f9 des communicateurs ont dit que l\u2019animal \u00e9tait d\u00e9c\u00e9d\u00e9 et il est\u00a0retourn\u00e9e quelques jours\/semaines apr\u00e8s\u2026et celle-ci est la raison.<\/span><\/p>\n<p><span style=\"color: #0042aa; font-family: Futura;\">Si c\u2019est le cas pour votre animal, je ferai \u00e0 ce moment l\u00e0 une \u201cr\u00e9cup\u00e9ration d\u2019\u00c2me\u201d pour l\u2019apaiser.<\/span><\/p>\n<p><span style=\"color: #0042aa; font-family: Futura;\">Le lendemain je ferai une 2\u00e8me communication et si apr\u00e8s l\u2019aide de la r\u00e9cup\u00e9ration d\u2019\u00c2me il me montre plus d\u2019indices, je vous appellerai pour vous expliquer l\u2019endroit visualis\u00e9. A savoir aussi qu\u2019un animal perdu met tous ses sens au services de l\u2019odorat, l&#8217;ou\u00efe et la vue (pour chercher \u00e0 manger, \u00e0 boire et \u00e0 rep\u00e9rer les pr\u00e9dateurs) donc <\/span><u style=\"color: #0042aa; font-family: Futura;\">je pourrai que vous donner des indices de cet ordre-l\u00e0.<\/u><span style=\"color: #0042aa; font-family: Futura;\"> Des indices visuels, des odeurs et auditifs.<\/span><\/p>\n<p><span style=\"color: #0042aa; font-family: Futura;\">L&#8217;animal ne communiquera pas sur l\u2019endroit exact o\u00f9 il se trouve (il ne pourra jamais dire &#8220;je suis dans l&#8217;avenue x&#8221;) mais il donnera des indices par le biais d\u2019images (image d&#8217;un parc ou d\u2019un rond-point, d&#8217;une v\u00e9g\u00e9tation tr\u00e8s sp\u00e9cifique&#8230;), et d\u2019odeurs (d&#8217;essence, des sapins, du bois&#8230;) que nous pourrons relier \u00e0 une localisation plus pr\u00e9cise.\u00a0<\/span><\/p>\n<p><span style=\"color: #0042aa; font-family: Futura;\">J\u2019ai conscience de la responsabilit\u00e9 qui m\u2019incombe et \u00e0 quel point ce sujet est d\u2019une extr\u00eame sensibilit\u00e9. C\u2019est la raison pour laquelle je m\u2019engage \u00e0 travailler pendant 2 jours cons\u00e9cutifs pour recevoir des informations ainsi que de lui envoyer toute la <span style=\"caret-color: #0042aa;\">lumi\u00e8re<\/span>\u00a0et les soins possibles si la situation me le permet.\u00a0 \u00a0<\/span><\/p>\n<p><span style=\"color: #0042aa; font-family: Futura;\">S&#8217;il est retrouv\u00e9 ou de retour avant le d\u00e9but des communications (je l\u2019esp\u00e8re de tout mon coeur), vous serez rembours\u00e9e de votre versement.<\/span><\/p>","protected":false},"excerpt":{"rendered":"<p>Je vais faire une premi\u00e8re s\u00e9ance avec votre animal (communication libre) pour ressentir dans un premier moment son \u00e9nergie vitale et avoir des indices sur&hellip;<\/p>","protected":false},"featured_media":9074,"comment_status":"open","ping_status":"closed","template":"","meta":{"_acf_changed":false},"product_cat":[82],"product_tag":[],"class_list":{"0":"post-9124","1":"product","2":"type-product","3":"status-publish","4":"has-post-thumbnail","6":"product_cat-services","8":"first","9":"instock","10":"virtual","11":"purchasable","12":"product-type-simple"},"acf":[],"_links":{"self":[{"href":"https:\/\/uktumh.com\/en\/wp-json\/wp\/v2\/product\/9124","targetHints":{"allow":["GET"]}}],"collection":[{"href":"https:\/\/uktumh.com\/en\/wp-json\/wp\/v2\/product"}],"about":[{"href":"https:\/\/uktumh.com\/en\/wp-json\/wp\/v2\/types\/product"}],"replies":[{"embeddable":true,"href":"https:\/\/uktumh.com\/en\/wp-json\/wp\/v2\/comments?post=9124"}],"version-history":[{"count":1,"href":"https:\/\/uktumh.com\/en\/wp-json\/wp\/v2\/product\/9124\/revisions"}],"predecessor-version":[{"id":9125,"href":"https:\/\/uktumh.com\/en\/wp-json\/wp\/v2\/product\/9124\/revisions\/9125"}],"wp:featuredmedia":[{"embeddable":true,"href":"https:\/\/uktumh.com\/en\/wp-json\/wp\/v2\/media\/9074"}],"wp:attachment":[{"href":"https:\/\/uktumh.com\/en\/wp-json\/wp\/v2\/media?parent=9124"}],"wp:term":[{"taxonomy":"product_cat","embeddable":true,"href":"https:\/\/uktumh.com\/en\/wp-json\/wp\/v2\/product_cat?post=9124"},{"taxonomy":"product_tag","embeddable":true,"href":"https:\/\/uktumh.com\/en\/wp-json\/wp\/v2\/product_tag?post=9124"}],"curies":[{"name":"wp","href":"https:\/\/api.w.org\/{rel}","templated":true}]}}