{"id":9584,"date":"2026-02-08T22:50:42","date_gmt":"2026-02-08T21:50:42","guid":{"rendered":"https:\/\/uktumh.com\/?post_type=product&#038;p=9584"},"modified":"2026-02-08T22:55:48","modified_gmt":"2026-02-08T21:55:48","slug":"therapie-a-distance-3-seances-pour-enfants","status":"publish","type":"product","link":"https:\/\/uktumh.com\/en\/product\/therapie-a-distance-3-seances-pour-enfants\/","title":{"rendered":"Th\u00e9rapie \u00e0 distance \u2013 3 s\u00e9ances pour enfants"},"content":{"rendered":"<p><strong data-start=\"0\" data-end=\"48\" data-is-only-node=\"\">Th\u00e9rapie \u00e0 distance \u2013 3 s\u00e9ances pour enfants<br data-start=\"105\" data-end=\"108\" \/>Accompagnement doux pour apaiser les difficult\u00e9s de s\u00e9paration avec la maman, la transition vers le lit, l\u2019insomnie, les coliques et les cauchemars. Favorise s\u00e9curit\u00e9 \u00e9motionnelle, calme et sommeil serein, dans le respect du rythme de l\u2019enfant.<\/strong><\/p>","protected":false},"excerpt":{"rendered":"<p>Th\u00e9rapie \u00e0 distance \u2013 3 s\u00e9ances pour enfantsAccompagnement doux pour apaiser les difficult\u00e9s de s\u00e9paration avec la maman, la transition vers le lit, l\u2019insomnie, les&hellip;<\/p>","protected":false},"featured_media":2224,"comment_status":"open","ping_status":"closed","template":"","meta":{"_acf_changed":false},"product_cat":[82],"product_tag":[157],"class_list":{"0":"post-9584","1":"product","2":"type-product","3":"status-publish","4":"has-post-thumbnail","6":"product_cat-services","7":"product_tag-therapie","9":"first","10":"instock","11":"virtual","12":"purchasable","13":"product-type-simple"},"acf":[],"_links":{"self":[{"href":"https:\/\/uktumh.com\/en\/wp-json\/wp\/v2\/product\/9584","targetHints":{"allow":["GET"]}}],"collection":[{"href":"https:\/\/uktumh.com\/en\/wp-json\/wp\/v2\/product"}],"about":[{"href":"https:\/\/uktumh.com\/en\/wp-json\/wp\/v2\/types\/product"}],"replies":[{"embeddable":true,"href":"https:\/\/uktumh.com\/en\/wp-json\/wp\/v2\/comments?post=9584"}],"version-history":[{"count":1,"href":"https:\/\/uktumh.com\/en\/wp-json\/wp\/v2\/product\/9584\/revisions"}],"predecessor-version":[{"id":9585,"href":"https:\/\/uktumh.com\/en\/wp-json\/wp\/v2\/product\/9584\/revisions\/9585"}],"wp:featuredmedia":[{"embeddable":true,"href":"https:\/\/uktumh.com\/en\/wp-json\/wp\/v2\/media\/2224"}],"wp:attachment":[{"href":"https:\/\/uktumh.com\/en\/wp-json\/wp\/v2\/media?parent=9584"}],"wp:term":[{"taxonomy":"product_cat","embeddable":true,"href":"https:\/\/uktumh.com\/en\/wp-json\/wp\/v2\/product_cat?post=9584"},{"taxonomy":"product_tag","embeddable":true,"href":"https:\/\/uktumh.com\/en\/wp-json\/wp\/v2\/product_tag?post=9584"}],"curies":[{"name":"wp","href":"https:\/\/api.w.org\/{rel}","templated":true}]}}