{"id":1874,"date":"2023-03-22T01:45:50","date_gmt":"2023-03-22T00:45:50","guid":{"rendered":"https:\/\/uktumh.com\/?post_type=product&#038;p=1874"},"modified":"2026-01-02T10:47:48","modified_gmt":"2026-01-02T09:47:48","slug":"tempus-exo-2","status":"publish","type":"product","link":"https:\/\/uktumh.com\/es\/product\/tempus-exo-2\/","title":{"rendered":"tempus exo (o la Geometr\u00eda de Euclides)."},"content":{"rendered":"<p>Esta forma seg\u00fan la Geometr\u00eda de Euclides nos lleva a reconectarnos a nuestro centro, a nuestra Casa<\/p>\n<p>All\u00ed de donde venimos y all\u00ed a donde iremos<\/p>\n<p>Es la Vacuidad, el Equilibrio entre dar y recibir. El Vac\u00edo donde el ego no existe.<\/p>\n<p>S\u00f3lo tu esencia, tu Alma para poder encontrar, libre de m\u00e1scaras, la de tu animal.<\/p>\n<p>Es el Viaje de tu vida. Es el momento de encontrar tu \"cuadrante\" y volar en el Alma, con el Alma y hacia el Alma.<\/p>\n<p>S\u00f3lo sabemos qui\u00e9n somos cuando sabemos de d\u00f3nde venimos.<\/p>","protected":false},"excerpt":{"rendered":"<p>Cette forme selon la G\u00e9om\u00e9trie d&#8217;Euclides nous am\u00e8ne \u00e0 nous reconnecter \u00e0 notre centre, \u00e0 notre Maison. De l\u00e0 o\u00f9 nous venons et l\u00e0 o\u00f9&hellip;<\/p>","protected":false},"featured_media":1374,"comment_status":"open","ping_status":"closed","template":"","meta":{"_acf_changed":false},"product_cat":[76],"product_tag":[],"class_list":{"0":"post-1874","1":"product","2":"type-product","3":"status-publish","4":"has-post-thumbnail","6":"product_cat-hydores","8":"first","9":"instock","10":"shipping-taxable","11":"purchasable","12":"product-type-variable"},"acf":[],"_links":{"self":[{"href":"https:\/\/uktumh.com\/es\/wp-json\/wp\/v2\/product\/1874","targetHints":{"allow":["GET"]}}],"collection":[{"href":"https:\/\/uktumh.com\/es\/wp-json\/wp\/v2\/product"}],"about":[{"href":"https:\/\/uktumh.com\/es\/wp-json\/wp\/v2\/types\/product"}],"replies":[{"embeddable":true,"href":"https:\/\/uktumh.com\/es\/wp-json\/wp\/v2\/comments?post=1874"}],"version-history":[{"count":4,"href":"https:\/\/uktumh.com\/es\/wp-json\/wp\/v2\/product\/1874\/revisions"}],"predecessor-version":[{"id":2699,"href":"https:\/\/uktumh.com\/es\/wp-json\/wp\/v2\/product\/1874\/revisions\/2699"}],"wp:featuredmedia":[{"embeddable":true,"href":"https:\/\/uktumh.com\/es\/wp-json\/wp\/v2\/media\/1374"}],"wp:attachment":[{"href":"https:\/\/uktumh.com\/es\/wp-json\/wp\/v2\/media?parent=1874"}],"wp:term":[{"taxonomy":"product_cat","embeddable":true,"href":"https:\/\/uktumh.com\/es\/wp-json\/wp\/v2\/product_cat?post=1874"},{"taxonomy":"product_tag","embeddable":true,"href":"https:\/\/uktumh.com\/es\/wp-json\/wp\/v2\/product_tag?post=1874"}],"curies":[{"name":"wp","href":"https:\/\/api.w.org\/{rel}","templated":true}]}}