{"id":1940,"date":"2023-03-22T13:51:48","date_gmt":"2023-03-22T12:51:48","guid":{"rendered":"https:\/\/uktumh.com\/?post_type=product&#038;p=1940"},"modified":"2026-01-02T10:33:23","modified_gmt":"2026-01-02T09:33:23","slug":"agape","status":"publish","type":"product","link":"https:\/\/uktumh.com\/es\/product\/agape\/","title":{"rendered":"agape"},"content":{"rendered":"<p>agape o el Amor Incondicional, el Amor Universal, el Amor de la Madre y del Padre.<\/p>\n<p>De todo aquello que es y que no tiene nombre<\/p>\n<p>Esta forma nos lleva a reconectarnos al \u00datero Divino, a este Amor Incondicional que nos ha creado, que nos hace respirar a cada segundo y que est\u00e1 en nosotros.<\/p>\n<p>La Compasi\u00f3n, el Perd\u00f3n...primero hacia nosotros para poder verlo en el Otro. Sin excepci\u00f3n.<\/p>\n<p>Es el Amor, la Compasi\u00f3n en Ti, por Ti y gracias a Ti.<\/p>","protected":false},"excerpt":{"rendered":"<p>agape ou l&#8217;Amour Inconditionnel, l&#8217;Amour Universel, l&#8217;Amour de la M\u00e8re et du P\u00e8re. De tout ce qui est et qui n&#8217;a pas de nom. Cette&hellip;<\/p>","protected":false},"featured_media":1378,"comment_status":"open","ping_status":"closed","template":"","meta":{"_acf_changed":false},"product_cat":[76],"product_tag":[],"class_list":{"0":"post-1940","1":"product","2":"type-product","3":"status-publish","4":"has-post-thumbnail","6":"product_cat-hydores","8":"first","9":"instock","10":"shipping-taxable","11":"purchasable","12":"product-type-variable"},"acf":[],"_links":{"self":[{"href":"https:\/\/uktumh.com\/es\/wp-json\/wp\/v2\/product\/1940","targetHints":{"allow":["GET"]}}],"collection":[{"href":"https:\/\/uktumh.com\/es\/wp-json\/wp\/v2\/product"}],"about":[{"href":"https:\/\/uktumh.com\/es\/wp-json\/wp\/v2\/types\/product"}],"replies":[{"embeddable":true,"href":"https:\/\/uktumh.com\/es\/wp-json\/wp\/v2\/comments?post=1940"}],"version-history":[{"count":3,"href":"https:\/\/uktumh.com\/es\/wp-json\/wp\/v2\/product\/1940\/revisions"}],"predecessor-version":[{"id":2707,"href":"https:\/\/uktumh.com\/es\/wp-json\/wp\/v2\/product\/1940\/revisions\/2707"}],"wp:featuredmedia":[{"embeddable":true,"href":"https:\/\/uktumh.com\/es\/wp-json\/wp\/v2\/media\/1378"}],"wp:attachment":[{"href":"https:\/\/uktumh.com\/es\/wp-json\/wp\/v2\/media?parent=1940"}],"wp:term":[{"taxonomy":"product_cat","embeddable":true,"href":"https:\/\/uktumh.com\/es\/wp-json\/wp\/v2\/product_cat?post=1940"},{"taxonomy":"product_tag","embeddable":true,"href":"https:\/\/uktumh.com\/es\/wp-json\/wp\/v2\/product_tag?post=1940"}],"curies":[{"name":"wp","href":"https:\/\/api.w.org\/{rel}","templated":true}]}}