{"id":1955,"date":"2023-03-22T14:08:16","date_gmt":"2023-03-22T13:08:16","guid":{"rendered":"https:\/\/uktumh.com\/?post_type=product&#038;p=1955"},"modified":"2026-01-02T10:37:07","modified_gmt":"2026-01-02T09:37:07","slug":"leukos-naos","status":"publish","type":"product","link":"https:\/\/uktumh.com\/es\/product\/leukos-naos\/","title":{"rendered":"leukos naos"},"content":{"rendered":"<p>leukos naos o el Templo de Luz<\/p>\n<p>El Cubo de Metatr\u00f3n<\/p>\n<p>La protecci\u00f3n de las alas del \u00c1ngel Metatr\u00f3n en nosotros<\/p>\n<p>El lago donde sus devas est\u00e1n impregnadas de esta energ\u00eda sobre un camino de la Flor de la Vida<\/p>\n<p>Cuando ando como el Buda, sonr\u00edo como el Buda<\/p>\n<p>A cada paso, un p\u00e9talo de Loto se abre bajo mis pies<\/p>\n<p>La dulzura, la protecci\u00f3n en M\u00ed.<\/p>","protected":false},"excerpt":{"rendered":"<p>leukos naos ou le Temple de Lumi\u00e8re. Le Cube de M\u00e9tatron. La protection des ailes de l&#8217;Ange M\u00e9tatron en nous. Le lac o\u00f9 ses devas&hellip;<\/p>","protected":false},"featured_media":1384,"comment_status":"open","ping_status":"closed","template":"","meta":{"_acf_changed":false},"product_cat":[76],"product_tag":[],"class_list":{"0":"post-1955","1":"product","2":"type-product","3":"status-publish","4":"has-post-thumbnail","6":"product_cat-hydores","8":"first","9":"instock","10":"shipping-taxable","11":"purchasable","12":"product-type-variable"},"acf":[],"_links":{"self":[{"href":"https:\/\/uktumh.com\/es\/wp-json\/wp\/v2\/product\/1955","targetHints":{"allow":["GET"]}}],"collection":[{"href":"https:\/\/uktumh.com\/es\/wp-json\/wp\/v2\/product"}],"about":[{"href":"https:\/\/uktumh.com\/es\/wp-json\/wp\/v2\/types\/product"}],"replies":[{"embeddable":true,"href":"https:\/\/uktumh.com\/es\/wp-json\/wp\/v2\/comments?post=1955"}],"version-history":[{"count":3,"href":"https:\/\/uktumh.com\/es\/wp-json\/wp\/v2\/product\/1955\/revisions"}],"predecessor-version":[{"id":2709,"href":"https:\/\/uktumh.com\/es\/wp-json\/wp\/v2\/product\/1955\/revisions\/2709"}],"wp:featuredmedia":[{"embeddable":true,"href":"https:\/\/uktumh.com\/es\/wp-json\/wp\/v2\/media\/1384"}],"wp:attachment":[{"href":"https:\/\/uktumh.com\/es\/wp-json\/wp\/v2\/media?parent=1955"}],"wp:term":[{"taxonomy":"product_cat","embeddable":true,"href":"https:\/\/uktumh.com\/es\/wp-json\/wp\/v2\/product_cat?post=1955"},{"taxonomy":"product_tag","embeddable":true,"href":"https:\/\/uktumh.com\/es\/wp-json\/wp\/v2\/product_tag?post=1955"}],"curies":[{"name":"wp","href":"https:\/\/api.w.org\/{rel}","templated":true}]}}