{"id":1981,"date":"2023-03-26T17:52:12","date_gmt":"2023-03-26T15:52:12","guid":{"rendered":"https:\/\/uktumh.com\/?post_type=product&#038;p=1981"},"modified":"2026-01-02T10:34:43","modified_gmt":"2026-01-02T09:34:43","slug":"mnemos-kosmos","status":"publish","type":"product","link":"https:\/\/uktumh.com\/es\/product\/mnemos-kosmos\/","title":{"rendered":"mnemos kosmos"},"content":{"rendered":"<p>Mnemos kosmos o la Memoria del Universo. De todas las dimensiones paralelas, consecutivas, interconectadas y cruzadas que atravesamos con cada disociaci\u00f3n de nuestro cuerpo f\u00edsico. En el centro, el germen de la vida en vibraci\u00f3n, en expansi\u00f3n para recordarnos la Vida en nosotros. El sistema inmune que debemos alimentar. Es la Vida, el recuerdo de qui\u00e9n eres en todas tus dimensiones. En Ti, para Ti y gracias a Ti.<\/p>","protected":false},"excerpt":{"rendered":"<p>Mnemos kosmos ou La M\u00e9moire de l&#8217;Univers, de toutes les dimensions parall\u00e8les, cons\u00e9cutives, interconnect\u00e9es et crois\u00e9es que nous traversons \u00e0 chaque fois que nous quittons&hellip;<\/p>","protected":false},"featured_media":1365,"comment_status":"open","ping_status":"closed","template":"","meta":{"_acf_changed":false},"product_cat":[76],"product_tag":[],"class_list":{"0":"post-1981","1":"product","2":"type-product","3":"status-publish","4":"has-post-thumbnail","6":"product_cat-hydores","8":"first","9":"instock","10":"shipping-taxable","11":"purchasable","12":"product-type-variable"},"acf":[],"_links":{"self":[{"href":"https:\/\/uktumh.com\/es\/wp-json\/wp\/v2\/product\/1981","targetHints":{"allow":["GET"]}}],"collection":[{"href":"https:\/\/uktumh.com\/es\/wp-json\/wp\/v2\/product"}],"about":[{"href":"https:\/\/uktumh.com\/es\/wp-json\/wp\/v2\/types\/product"}],"replies":[{"embeddable":true,"href":"https:\/\/uktumh.com\/es\/wp-json\/wp\/v2\/comments?post=1981"}],"version-history":[{"count":1,"href":"https:\/\/uktumh.com\/es\/wp-json\/wp\/v2\/product\/1981\/revisions"}],"predecessor-version":[{"id":1992,"href":"https:\/\/uktumh.com\/es\/wp-json\/wp\/v2\/product\/1981\/revisions\/1992"}],"wp:featuredmedia":[{"embeddable":true,"href":"https:\/\/uktumh.com\/es\/wp-json\/wp\/v2\/media\/1365"}],"wp:attachment":[{"href":"https:\/\/uktumh.com\/es\/wp-json\/wp\/v2\/media?parent=1981"}],"wp:term":[{"taxonomy":"product_cat","embeddable":true,"href":"https:\/\/uktumh.com\/es\/wp-json\/wp\/v2\/product_cat?post=1981"},{"taxonomy":"product_tag","embeddable":true,"href":"https:\/\/uktumh.com\/es\/wp-json\/wp\/v2\/product_tag?post=1981"}],"curies":[{"name":"wp","href":"https:\/\/api.w.org\/{rel}","templated":true}]}}