{"id":1996,"date":"2023-03-26T18:00:21","date_gmt":"2023-03-26T16:00:21","guid":{"rendered":"https:\/\/uktumh.com\/?post_type=product&#038;p=1996"},"modified":"2026-01-02T10:49:11","modified_gmt":"2026-01-02T09:49:11","slug":"mnemos-essentia","status":"publish","type":"product","link":"https:\/\/uktumh.com\/es\/product\/mnemos-essentia\/","title":{"rendered":"mnemos essentia"},"content":{"rendered":"<p>mnemos Essentia o Los C\u00f3digos de la auto-sanaci\u00f3n en nosotros<\/p>\n<p>La Memoria de nuestro Origen, de nuestro nacimiento tras la Vacuidad<\/p>\n<p>\u00bfQui\u00e9n eres?<\/p>\n<p>Los C\u00f3digos de tu ADN, la Vida que est\u00e1 en Ti, el sistema inmune a alimentar.<\/p>\n<p>Eres T\u00fa. Tu Perfume de Alma<\/p>","protected":false},"excerpt":{"rendered":"<p>mnemos Essentia ou Les Codes de l&#8217;auto-gu\u00e9rison en nous. La M\u00e9moire de notre Origen, de notre naissance apr\u00e8s la Vacuit\u00e9. Qui es-tu? Les codes de&hellip;<\/p>","protected":false},"featured_media":1649,"comment_status":"open","ping_status":"closed","template":"","meta":{"_acf_changed":false},"product_cat":[76],"product_tag":[],"class_list":{"0":"post-1996","1":"product","2":"type-product","3":"status-publish","4":"has-post-thumbnail","6":"product_cat-hydores","8":"first","9":"instock","10":"shipping-taxable","11":"purchasable","12":"product-type-variable"},"acf":[],"_links":{"self":[{"href":"https:\/\/uktumh.com\/es\/wp-json\/wp\/v2\/product\/1996","targetHints":{"allow":["GET"]}}],"collection":[{"href":"https:\/\/uktumh.com\/es\/wp-json\/wp\/v2\/product"}],"about":[{"href":"https:\/\/uktumh.com\/es\/wp-json\/wp\/v2\/types\/product"}],"replies":[{"embeddable":true,"href":"https:\/\/uktumh.com\/es\/wp-json\/wp\/v2\/comments?post=1996"}],"version-history":[{"count":2,"href":"https:\/\/uktumh.com\/es\/wp-json\/wp\/v2\/product\/1996\/revisions"}],"predecessor-version":[{"id":2714,"href":"https:\/\/uktumh.com\/es\/wp-json\/wp\/v2\/product\/1996\/revisions\/2714"}],"wp:featuredmedia":[{"embeddable":true,"href":"https:\/\/uktumh.com\/es\/wp-json\/wp\/v2\/media\/1649"}],"wp:attachment":[{"href":"https:\/\/uktumh.com\/es\/wp-json\/wp\/v2\/media?parent=1996"}],"wp:term":[{"taxonomy":"product_cat","embeddable":true,"href":"https:\/\/uktumh.com\/es\/wp-json\/wp\/v2\/product_cat?post=1996"},{"taxonomy":"product_tag","embeddable":true,"href":"https:\/\/uktumh.com\/es\/wp-json\/wp\/v2\/product_tag?post=1996"}],"curies":[{"name":"wp","href":"https:\/\/api.w.org\/{rel}","templated":true}]}}