{"id":2011,"date":"2023-03-26T18:04:05","date_gmt":"2023-03-26T16:04:05","guid":{"rendered":"https:\/\/uktumh.com\/?post_type=product&#038;p=2011"},"modified":"2026-01-02T10:38:33","modified_gmt":"2026-01-02T09:38:33","slug":"oculus-drakon","status":"publish","type":"product","link":"https:\/\/uktumh.com\/es\/product\/oculus-drakon\/","title":{"rendered":"oculus drakon"},"content":{"rendered":"<div data-elementor-type=\"product-post\" data-elementor-id=\"2011\" class=\"elementor elementor-2011\" data-elementor-post-type=\"product\">\n\t\t\t\t\t\t<section class=\"elementor-section elementor-top-section elementor-element elementor-element-2c945b5e elementor-section-boxed elementor-section-height-default elementor-section-height-default\" data-id=\"2c945b5e\" data-element_type=\"section\">\n\t\t\t\t\t\t<div class=\"elementor-container elementor-column-gap-default\">\n\t\t\t\t\t<div class=\"elementor-column elementor-col-100 elementor-top-column elementor-element elementor-element-62bf0952\" data-id=\"62bf0952\" data-element_type=\"column\">\n\t\t\t<div class=\"elementor-widget-wrap elementor-element-populated\">\n\t\t\t\t\t\t<div class=\"elementor-element elementor-element-77f7ce7c elementor-widget elementor-widget-text-editor\" data-id=\"77f7ce7c\" data-element_type=\"widget\" data-widget_type=\"text-editor.default\">\n\t\t\t\t<div class=\"elementor-widget-container\">\n\t\t\t<div class=\"bb-theme-elementor-wrap bb-elementor-custom-family\">\t\t\t\t<p>oculus drakon o el Ojo del Drag\u00f3n<\/p><p>La protecci\u00f3n del Ojo que todo-lo-ve, la recuperaci\u00f3n de Alma y el rencuentro con Uno mismo<\/p><p>Encontrar su propio Norte. Rencontrarse para nutrir el Drag\u00f3n en nosotros<\/p><p>Es nuestro cimiento, nuestra br\u00fajula en el Tiempo y en el Espacio f\u00edsicos y cu\u00e1nticos.<\/p><p>Rencontrarse para nunca m\u00e1s volver a perderse<\/p><p>Perderse en un gran camino de sombras es rencontrarse con Uno mismo, con la \u00fanica persona capaz de llevarte al camino a Casa.<\/p>\t\t\t\t<\/div>\t\t<\/div>\n\t\t\t\t<\/div>\n\t\t\t\t\t<\/div>\n\t\t<\/div>\n\t\t\t\t\t<\/div>\n\t\t<\/section>\n\t\t\t\t<\/div>","protected":false},"excerpt":{"rendered":"<p>oculus drakon ou l&#8217;Oeil du Dragon. La protection de l&#8217;Oeil qui voit tout, la r\u00e9cup\u00e9ration d&#8217;Ame et la rencontre de Soi. Trouver son Nord, se&hellip;<\/p>","protected":false},"featured_media":1355,"comment_status":"open","ping_status":"closed","template":"","meta":{"_acf_changed":false},"product_cat":[76],"product_tag":[],"class_list":{"0":"post-2011","1":"product","2":"type-product","3":"status-publish","4":"has-post-thumbnail","6":"product_cat-hydores","8":"first","9":"instock","10":"shipping-taxable","11":"purchasable","12":"product-type-variable"},"acf":[],"_links":{"self":[{"href":"https:\/\/uktumh.com\/es\/wp-json\/wp\/v2\/product\/2011","targetHints":{"allow":["GET"]}}],"collection":[{"href":"https:\/\/uktumh.com\/es\/wp-json\/wp\/v2\/product"}],"about":[{"href":"https:\/\/uktumh.com\/es\/wp-json\/wp\/v2\/types\/product"}],"replies":[{"embeddable":true,"href":"https:\/\/uktumh.com\/es\/wp-json\/wp\/v2\/comments?post=2011"}],"version-history":[{"count":3,"href":"https:\/\/uktumh.com\/es\/wp-json\/wp\/v2\/product\/2011\/revisions"}],"predecessor-version":[{"id":2713,"href":"https:\/\/uktumh.com\/es\/wp-json\/wp\/v2\/product\/2011\/revisions\/2713"}],"wp:featuredmedia":[{"embeddable":true,"href":"https:\/\/uktumh.com\/es\/wp-json\/wp\/v2\/media\/1355"}],"wp:attachment":[{"href":"https:\/\/uktumh.com\/es\/wp-json\/wp\/v2\/media?parent=2011"}],"wp:term":[{"taxonomy":"product_cat","embeddable":true,"href":"https:\/\/uktumh.com\/es\/wp-json\/wp\/v2\/product_cat?post=2011"},{"taxonomy":"product_tag","embeddable":true,"href":"https:\/\/uktumh.com\/es\/wp-json\/wp\/v2\/product_tag?post=2011"}],"curies":[{"name":"wp","href":"https:\/\/api.w.org\/{rel}","templated":true}]}}