{"id":2041,"date":"2023-03-26T18:21:27","date_gmt":"2023-03-26T16:21:27","guid":{"rendered":"https:\/\/uktumh.com\/?post_type=product&#038;p=2041"},"modified":"2026-01-02T09:53:44","modified_gmt":"2026-01-02T08:53:44","slug":"bastet-domus","status":"publish","type":"product","link":"https:\/\/uktumh.com\/es\/product\/bastet-domus\/","title":{"rendered":"bastet domus"},"content":{"rendered":"<p>bastet domus o la Protecci\u00f3n Divina<\/p>\n<p>La estrella de los infantes, el pasado a amar, a reconocer, a proteger.<\/p>\n<p>El Coraz\u00f3n, el Centro en su esplendor<\/p>\n<p>El Amor hacia Uno mismo<\/p>","protected":false},"excerpt":{"rendered":"<p>bastet domus ou la Protection Divine. L&#8217;\u00e9toile des enfants, le pass\u00e9 \u00e0 aimer, \u00e0 reconnaitre, \u00e0 prot\u00e9ger. Le Coeur, le Centre dans son Rayonnement L&#8217;Amour&hellip;<\/p>","protected":false},"featured_media":1410,"comment_status":"open","ping_status":"closed","template":"","meta":{"_acf_changed":false},"product_cat":[76],"product_tag":[],"class_list":{"0":"post-2041","1":"product","2":"type-product","3":"status-publish","4":"has-post-thumbnail","6":"product_cat-hydores","8":"first","9":"instock","10":"shipping-taxable","11":"purchasable","12":"product-type-variable"},"acf":[],"_links":{"self":[{"href":"https:\/\/uktumh.com\/es\/wp-json\/wp\/v2\/product\/2041","targetHints":{"allow":["GET"]}}],"collection":[{"href":"https:\/\/uktumh.com\/es\/wp-json\/wp\/v2\/product"}],"about":[{"href":"https:\/\/uktumh.com\/es\/wp-json\/wp\/v2\/types\/product"}],"replies":[{"embeddable":true,"href":"https:\/\/uktumh.com\/es\/wp-json\/wp\/v2\/comments?post=2041"}],"version-history":[{"count":4,"href":"https:\/\/uktumh.com\/es\/wp-json\/wp\/v2\/product\/2041\/revisions"}],"predecessor-version":[{"id":2835,"href":"https:\/\/uktumh.com\/es\/wp-json\/wp\/v2\/product\/2041\/revisions\/2835"}],"wp:featuredmedia":[{"embeddable":true,"href":"https:\/\/uktumh.com\/es\/wp-json\/wp\/v2\/media\/1410"}],"wp:attachment":[{"href":"https:\/\/uktumh.com\/es\/wp-json\/wp\/v2\/media?parent=2041"}],"wp:term":[{"taxonomy":"product_cat","embeddable":true,"href":"https:\/\/uktumh.com\/es\/wp-json\/wp\/v2\/product_cat?post=2041"},{"taxonomy":"product_tag","embeddable":true,"href":"https:\/\/uktumh.com\/es\/wp-json\/wp\/v2\/product_tag?post=2041"}],"curies":[{"name":"wp","href":"https:\/\/api.w.org\/{rel}","templated":true}]}}