{"id":2099,"date":"2023-03-26T19:02:57","date_gmt":"2023-03-26T17:02:57","guid":{"rendered":"https:\/\/uktumh.com\/?post_type=product&#038;p=2099"},"modified":"2023-08-26T17:44:45","modified_gmt":"2023-08-26T15:44:45","slug":"bougie-tempus-exo","status":"publish","type":"product","link":"https:\/\/uktumh.com\/es\/product\/bougie-tempus-exo\/","title":{"rendered":"Bougie Tempus Exo"},"content":{"rendered":"<blockquote>\n<h2><span style=\"color: #ff0000;\">Envie de ce produit? <a style=\"color: #ff0000;\" href=\"https:\/\/uktumh.com\/es\/contact\/\">Me pr\u00e9venir de sa disponibilit\u00e9!<\/a>\u00a0<\/span><\/h2>\n<\/blockquote>\n<p>Parfum \/ Huile essentielle: Violette<br \/>\nPierre: Am\u00e9thyste, H\u00e9matite du Br\u00e9sil, Agate d\u2019Inde<br \/>\nFleurs: Orchid\u00e9e sauvage<br \/>\nIntention : Retourner \u00e0 la Maison pour se reconnecter<\/p>","protected":false},"excerpt":{"rendered":"<p>Envie de ce produit? Me pr\u00e9venir de sa disponibilit\u00e9!\u00a0 Parfum \/ Huile essentielle: Violette Pierre: Am\u00e9thyste, H\u00e9matite du Br\u00e9sil, Agate d\u2019Inde Fleurs: Orchid\u00e9e sauvage Intention&hellip;<\/p>","protected":false},"featured_media":2229,"comment_status":"open","ping_status":"closed","template":"","meta":{"_acf_changed":false},"product_cat":[77],"product_tag":[],"class_list":{"0":"post-2099","1":"product","2":"type-product","3":"status-publish","4":"has-post-thumbnail","6":"product_cat-soul-lights","8":"first","9":"outofstock","10":"shipping-taxable","11":"purchasable","12":"product-type-simple"},"acf":[],"_links":{"self":[{"href":"https:\/\/uktumh.com\/es\/wp-json\/wp\/v2\/product\/2099","targetHints":{"allow":["GET"]}}],"collection":[{"href":"https:\/\/uktumh.com\/es\/wp-json\/wp\/v2\/product"}],"about":[{"href":"https:\/\/uktumh.com\/es\/wp-json\/wp\/v2\/types\/product"}],"replies":[{"embeddable":true,"href":"https:\/\/uktumh.com\/es\/wp-json\/wp\/v2\/comments?post=2099"}],"version-history":[{"count":3,"href":"https:\/\/uktumh.com\/es\/wp-json\/wp\/v2\/product\/2099\/revisions"}],"predecessor-version":[{"id":3051,"href":"https:\/\/uktumh.com\/es\/wp-json\/wp\/v2\/product\/2099\/revisions\/3051"}],"wp:featuredmedia":[{"embeddable":true,"href":"https:\/\/uktumh.com\/es\/wp-json\/wp\/v2\/media\/2229"}],"wp:attachment":[{"href":"https:\/\/uktumh.com\/es\/wp-json\/wp\/v2\/media?parent=2099"}],"wp:term":[{"taxonomy":"product_cat","embeddable":true,"href":"https:\/\/uktumh.com\/es\/wp-json\/wp\/v2\/product_cat?post=2099"},{"taxonomy":"product_tag","embeddable":true,"href":"https:\/\/uktumh.com\/es\/wp-json\/wp\/v2\/product_tag?post=2099"}],"curies":[{"name":"wp","href":"https:\/\/api.w.org\/{rel}","templated":true}]}}