{"id":2430,"date":"2023-04-07T22:31:50","date_gmt":"2023-04-07T20:31:50","guid":{"rendered":"https:\/\/uktumh.com\/?post_type=product&#038;p=2430"},"modified":"2024-07-24T14:54:31","modified_gmt":"2024-07-24T12:54:31","slug":"aeternitas-en-ardoise","status":"publish","type":"product","link":"https:\/\/uktumh.com\/es\/product\/aeternitas-en-ardoise\/","title":{"rendered":"Aeternitas en Ardoise"},"content":{"rendered":"<p><strong>Tempus Exo, Agape, Fleur de la Vie et Cube de M\u00e9tatron grav\u00e9s en laser sur Ardoise<\/strong><\/p>\n<p>Id\u00e9al pour informer votre nourriture, vos huiles essentielles, vos min\u00e9raux, votre eau&#8230;<\/p>\n<p>14*22 cms<br \/>\n30*20 cms<\/p>\n<div>\n<p>Veuillez noter que ce produit est naturel et donc chaque planche en ardoise peut avoir des dimensions et\/ou tonalit\u00e9s diff\u00e9rentes.<\/p>\n<div>Les mesures sont approximatives<\/div>\n<\/div>\n<p>&nbsp;<\/p>","protected":false},"excerpt":{"rendered":"<p>Tempus Exo, Agape, Fleur de la Vie et Cube de M\u00e9tatron grav\u00e9s en laser sur Ardoise Id\u00e9al pour informer votre nourriture, vos huiles essentielles, vos&hellip;<\/p>","protected":false},"featured_media":2434,"comment_status":"open","ping_status":"closed","template":"","meta":{"_acf_changed":false},"product_cat":[78],"product_tag":[],"class_list":{"0":"post-2430","1":"product","2":"type-product","3":"status-publish","4":"has-post-thumbnail","6":"product_cat-aeternitas","8":"first","9":"outofstock","10":"shipping-taxable","11":"purchasable","12":"product-type-variable","13":"has-default-attributes"},"acf":[],"_links":{"self":[{"href":"https:\/\/uktumh.com\/es\/wp-json\/wp\/v2\/product\/2430","targetHints":{"allow":["GET"]}}],"collection":[{"href":"https:\/\/uktumh.com\/es\/wp-json\/wp\/v2\/product"}],"about":[{"href":"https:\/\/uktumh.com\/es\/wp-json\/wp\/v2\/types\/product"}],"replies":[{"embeddable":true,"href":"https:\/\/uktumh.com\/es\/wp-json\/wp\/v2\/comments?post=2430"}],"version-history":[{"count":3,"href":"https:\/\/uktumh.com\/es\/wp-json\/wp\/v2\/product\/2430\/revisions"}],"predecessor-version":[{"id":5993,"href":"https:\/\/uktumh.com\/es\/wp-json\/wp\/v2\/product\/2430\/revisions\/5993"}],"wp:featuredmedia":[{"embeddable":true,"href":"https:\/\/uktumh.com\/es\/wp-json\/wp\/v2\/media\/2434"}],"wp:attachment":[{"href":"https:\/\/uktumh.com\/es\/wp-json\/wp\/v2\/media?parent=2430"}],"wp:term":[{"taxonomy":"product_cat","embeddable":true,"href":"https:\/\/uktumh.com\/es\/wp-json\/wp\/v2\/product_cat?post=2430"},{"taxonomy":"product_tag","embeddable":true,"href":"https:\/\/uktumh.com\/es\/wp-json\/wp\/v2\/product_tag?post=2430"}],"curies":[{"name":"wp","href":"https:\/\/api.w.org\/{rel}","templated":true}]}}