{"id":2442,"date":"2023-04-07T23:05:05","date_gmt":"2023-04-07T21:05:05","guid":{"rendered":"https:\/\/uktumh.com\/?post_type=product&#038;p=2442"},"modified":"2023-07-09T17:08:34","modified_gmt":"2023-07-09T15:08:34","slug":"aeternitas-en-liege","status":"publish","type":"product","link":"https:\/\/uktumh.com\/es\/product\/aeternitas-en-liege\/","title":{"rendered":"Aeternitas en Liege"},"content":{"rendered":"<p><strong>Tempus Exo, Agape, La Fleur de la Vie et Le Cube de M\u00e9tatron grav\u00e9s en laser sur du Li\u00e8ge<\/strong><\/p>\n<p>La texture du li\u00e8ge est id\u00e9al pour les th\u00e9rapeutes. Posez l&#8217;\u00e9nergie choisie sur la personne ou sur l&#8217;animal et laissez les \u00e9nergies ouvrer en eux tout en douceur.<\/p>\n<p>14*20 cms<br \/>\n14*10 cms<\/p>\n<div>\n<div>Veuillez noter que ce produit est naturel et donc chaque tissu en li\u00e8ge peut avoir des dimensions et\/ou tonalit\u00e9s diff\u00e9rentes.<\/p>\n<div>Les mesures sont approximatives<\/div>\n<\/div>\n<div><\/div>\n<\/div>","protected":false},"excerpt":{"rendered":"<p>Tempus Exo, Agape, La Fleur de la Vie et Le Cube de M\u00e9tatron grav\u00e9s en laser sur du Li\u00e8ge La texture du li\u00e8ge est id\u00e9al&hellip;<\/p>","protected":false},"featured_media":2160,"comment_status":"open","ping_status":"closed","template":"","meta":{"_acf_changed":false},"product_cat":[78],"product_tag":[],"class_list":{"0":"post-2442","1":"product","2":"type-product","3":"status-publish","4":"has-post-thumbnail","6":"product_cat-aeternitas","8":"first","9":"outofstock","10":"shipping-taxable","11":"purchasable","12":"product-type-variable","13":"has-default-attributes"},"acf":[],"_links":{"self":[{"href":"https:\/\/uktumh.com\/es\/wp-json\/wp\/v2\/product\/2442","targetHints":{"allow":["GET"]}}],"collection":[{"href":"https:\/\/uktumh.com\/es\/wp-json\/wp\/v2\/product"}],"about":[{"href":"https:\/\/uktumh.com\/es\/wp-json\/wp\/v2\/types\/product"}],"replies":[{"embeddable":true,"href":"https:\/\/uktumh.com\/es\/wp-json\/wp\/v2\/comments?post=2442"}],"version-history":[{"count":3,"href":"https:\/\/uktumh.com\/es\/wp-json\/wp\/v2\/product\/2442\/revisions"}],"predecessor-version":[{"id":2574,"href":"https:\/\/uktumh.com\/es\/wp-json\/wp\/v2\/product\/2442\/revisions\/2574"}],"wp:featuredmedia":[{"embeddable":true,"href":"https:\/\/uktumh.com\/es\/wp-json\/wp\/v2\/media\/2160"}],"wp:attachment":[{"href":"https:\/\/uktumh.com\/es\/wp-json\/wp\/v2\/media?parent=2442"}],"wp:term":[{"taxonomy":"product_cat","embeddable":true,"href":"https:\/\/uktumh.com\/es\/wp-json\/wp\/v2\/product_cat?post=2442"},{"taxonomy":"product_tag","embeddable":true,"href":"https:\/\/uktumh.com\/es\/wp-json\/wp\/v2\/product_tag?post=2442"}],"curies":[{"name":"wp","href":"https:\/\/api.w.org\/{rel}","templated":true}]}}