{"id":4520,"date":"2024-02-12T08:58:19","date_gmt":"2024-02-12T07:58:19","guid":{"rendered":"https:\/\/uktumh.com\/?post_type=product&#038;p=4520"},"modified":"2025-10-19T00:01:44","modified_gmt":"2025-10-18T22:01:44","slug":"ank-un-viaje-en-el-centro-de-la-compasion","status":"publish","type":"product","link":"https:\/\/uktumh.com\/es\/product\/ank-un-viaje-en-el-centro-de-la-compasion\/","title":{"rendered":"ANK Un Viaje en el Centro de la Compasi\u00f3n"},"content":{"rendered":"<div><span style=\"font-size: large;\">Te deseo de todo coraz\u00f3n un precioso Viaje con este Primer Micro-Macro Viaje hacia la Geometr\u00eda Sagrada:<\/span><\/div>\n<div><span style=\"font-size: large;\">\u00a0<\/span><\/div>\n<div><span style=\"color: #5a1c00; font-family: Optima;\"><span style=\"font-size: large;\">ANK &#8211; Un Viaje en el Alma, hacia el Alma y con Alma<\/span><\/span><\/div>\n<div>\n<div><span style=\"color: #5a1c00; font-family: Optima;\"><span style=\"font-size: large;\">El Cubo de Metatr\u00f3n &#8211; Un Viaje hacia tu Alquimia con los 5 elementos\u00a0<\/span><span style=\"font-size: large;\">\u00a0<\/span><\/span><\/div>\n<\/div>\n<div><span style=\"font-size: large;\"><span style=\"color: #5a1c00; font-family: Optima;\">EL MER KA BA &#8211; Un\u00a0<\/span><\/span><span style=\"color: #5a1c00; font-family: Optima; font-size: large;\">Viaje hacia la Activaci\u00f3n de tu Estrella.<\/span><\/div>\n<div><span style=\"font-size: large;\">\u00a0<\/span><\/div>\n<div><span style=\"font-size: large;\">Si deseas sentir de qu\u00e9 manera la Geometr\u00eda est\u00e1 dentro de ti\u2026y cambiar tu mirada hacia todo lo que existe, te van a encantar!!<\/span><\/div>\n<div><\/div>\n<div><span style=\"font-family: Muli-ExtraLight; font-size: large;\">Estos Viajes est\u00e1n para abrir el Coraz\u00f3n, cerrar los Ojos y Mirar \ud83e\udd8b\u00a0<\/span><\/div>\n<div><\/div>","protected":false},"excerpt":{"rendered":"<p>Te deseo de todo coraz\u00f3n un precioso Viaje con este Primer Micro-Macro Viaje hacia la Geometr\u00eda Sagrada: \u00a0 ANK &#8211; Un Viaje en el Alma,&hellip;<\/p>","protected":false},"featured_media":5891,"comment_status":"open","ping_status":"closed","template":"","meta":{"_acf_changed":false},"product_cat":[112],"product_tag":[],"class_list":{"0":"post-4520","1":"product","2":"type-product","3":"status-publish","4":"has-post-thumbnail","6":"product_cat-geometrie-sacree","8":"first","9":"instock","10":"virtual","11":"purchasable","12":"product-type-simple"},"acf":[],"_links":{"self":[{"href":"https:\/\/uktumh.com\/es\/wp-json\/wp\/v2\/product\/4520","targetHints":{"allow":["GET"]}}],"collection":[{"href":"https:\/\/uktumh.com\/es\/wp-json\/wp\/v2\/product"}],"about":[{"href":"https:\/\/uktumh.com\/es\/wp-json\/wp\/v2\/types\/product"}],"replies":[{"embeddable":true,"href":"https:\/\/uktumh.com\/es\/wp-json\/wp\/v2\/comments?post=4520"}],"version-history":[{"count":2,"href":"https:\/\/uktumh.com\/es\/wp-json\/wp\/v2\/product\/4520\/revisions"}],"predecessor-version":[{"id":4541,"href":"https:\/\/uktumh.com\/es\/wp-json\/wp\/v2\/product\/4520\/revisions\/4541"}],"wp:featuredmedia":[{"embeddable":true,"href":"https:\/\/uktumh.com\/es\/wp-json\/wp\/v2\/media\/5891"}],"wp:attachment":[{"href":"https:\/\/uktumh.com\/es\/wp-json\/wp\/v2\/media?parent=4520"}],"wp:term":[{"taxonomy":"product_cat","embeddable":true,"href":"https:\/\/uktumh.com\/es\/wp-json\/wp\/v2\/product_cat?post=4520"},{"taxonomy":"product_tag","embeddable":true,"href":"https:\/\/uktumh.com\/es\/wp-json\/wp\/v2\/product_tag?post=4520"}],"curies":[{"name":"wp","href":"https:\/\/api.w.org\/{rel}","templated":true}]}}