{"id":4575,"date":"2024-02-21T12:19:09","date_gmt":"2024-02-21T11:19:09","guid":{"rendered":"https:\/\/uktumh.com\/?post_type=product&#038;p=4575"},"modified":"2025-10-20T00:00:15","modified_gmt":"2025-10-19T22:00:15","slug":"webinar-sentir-et-mediter-avec-la-geometrie-sacree","status":"publish","type":"product","link":"https:\/\/uktumh.com\/es\/product\/webinar-sentir-et-mediter-avec-la-geometrie-sacree\/","title":{"rendered":"Webinar: Sentir y Meditar con la Geometr\u00eda Sagrada"},"content":{"rendered":"<p>Un buceo de 1h30 en el interior de la Geometr\u00eda Sagrada para comprender sus c\u00f3digos de Luz y c\u00f3mo meditar con ella.<\/p>","protected":false},"excerpt":{"rendered":"<p>Sentir y Meditar con la Geometr\u00eda Sagrada: Un buceo de 1h30 en el interior de la Geometr\u00eda Sagrada para comprender sus c\u00f3digos de Luz y c\u00f3mo meditar con ella.<\/p>","protected":false},"featured_media":4579,"comment_status":"open","ping_status":"closed","template":"","meta":{"_acf_changed":false},"product_cat":[112],"product_tag":[116],"class_list":{"0":"post-4575","1":"product","2":"type-product","3":"status-publish","4":"has-post-thumbnail","6":"product_cat-geometrie-sacree","7":"product_tag-webinar-gs-fr","9":"first","10":"instock","11":"virtual","12":"purchasable","13":"product-type-simple"},"acf":[],"_links":{"self":[{"href":"https:\/\/uktumh.com\/es\/wp-json\/wp\/v2\/product\/4575","targetHints":{"allow":["GET"]}}],"collection":[{"href":"https:\/\/uktumh.com\/es\/wp-json\/wp\/v2\/product"}],"about":[{"href":"https:\/\/uktumh.com\/es\/wp-json\/wp\/v2\/types\/product"}],"replies":[{"embeddable":true,"href":"https:\/\/uktumh.com\/es\/wp-json\/wp\/v2\/comments?post=4575"}],"version-history":[{"count":4,"href":"https:\/\/uktumh.com\/es\/wp-json\/wp\/v2\/product\/4575\/revisions"}],"predecessor-version":[{"id":4585,"href":"https:\/\/uktumh.com\/es\/wp-json\/wp\/v2\/product\/4575\/revisions\/4585"}],"wp:featuredmedia":[{"embeddable":true,"href":"https:\/\/uktumh.com\/es\/wp-json\/wp\/v2\/media\/4579"}],"wp:attachment":[{"href":"https:\/\/uktumh.com\/es\/wp-json\/wp\/v2\/media?parent=4575"}],"wp:term":[{"taxonomy":"product_cat","embeddable":true,"href":"https:\/\/uktumh.com\/es\/wp-json\/wp\/v2\/product_cat?post=4575"},{"taxonomy":"product_tag","embeddable":true,"href":"https:\/\/uktumh.com\/es\/wp-json\/wp\/v2\/product_tag?post=4575"}],"curies":[{"name":"wp","href":"https:\/\/api.w.org\/{rel}","templated":true}]}}