{"id":4788,"date":"2024-02-24T09:11:09","date_gmt":"2024-02-24T08:11:09","guid":{"rendered":"https:\/\/uktumh.com\/?post_type=product&#038;p=4788"},"modified":"2025-10-20T00:00:14","modified_gmt":"2025-10-19T22:00:14","slug":"ank-un-voyage-dans-le-centre-de-la-compassion","status":"publish","type":"product","link":"https:\/\/uktumh.com\/es\/product\/ank-un-voyage-dans-le-centre-de-la-compassion\/","title":{"rendered":"ANK Un Viaje en el Centro de la Compasi\u00f3n"},"content":{"rendered":"<p><span style=\"font-size: large;\">Te deseo de todo coraz\u00f3n un precioso Viaje con este Primer Micro-Macro Viaje hacia la Geometr\u00eda Sagrada:<\/span><span style=\"font-size: large;\">\u00a0<\/span><\/p>\n<div><span style=\"color: #5a1c00; font-family: Optima;\"><span style=\"font-size: large;\">ANK \u2013 Un Viaje en el Alma, hacia el Alma y con Alma<\/span><\/span><\/div>\n<div>\n<div><span style=\"color: #5a1c00; font-family: Optima;\"><span style=\"font-size: large;\">El Cubo de Metatr\u00f3n \u2013 Un Viaje hacia tu Alquimia con los 5 elementos <\/span><span style=\"font-size: large;\">\u00a0<\/span><\/span><\/div>\n<\/div>\n<div><span style=\"font-size: large;\"><span style=\"color: #5a1c00; font-family: Optima;\">EL MER KA BA \u2013 Un Viaje hacia la Activaci\u00f3n de tu Estrella.<\/span><\/span><\/div>\n<div><span style=\"font-size: large;\">\u00a0<\/span><\/div>\n<div><span style=\"font-size: large;\">Si deseas sentir de qu\u00e9 manera la Geometr\u00eda est\u00e1 dentro de ti\u2026y cambiar tu mirada hacia todo lo que existe, te van a encantar!!\u00a0<\/span><\/div>\n<div><\/div>\n<div><span style=\"font-family: Muli-ExtraLight; font-size: large;\"><span style=\"font-size: large;\">Estos Viajes est\u00e1n para abrir el Coraz\u00f3n, cerrar los Ojos y Mirar \ud83e\udd8b<\/span><\/span><\/div>\n<div><\/div>","protected":false},"excerpt":{"rendered":"<p>Je te souhaite de tout mon coeur un merveilleux Voyage avec ce Premier Micro-Macro Voyage vers la G\u00e9om\u00e9trie Sacr\u00e9e:\u00a0 ANK &#8211; Un Voyage dans l&#8217;\u00c2me,&hellip;<\/p>","protected":false},"featured_media":5890,"comment_status":"open","ping_status":"closed","template":"","meta":{"_acf_changed":false},"product_cat":[112],"product_tag":[],"class_list":{"0":"post-4788","1":"product","2":"type-product","3":"status-publish","4":"has-post-thumbnail","6":"product_cat-geometrie-sacree","8":"first","9":"instock","10":"virtual","11":"purchasable","12":"product-type-simple"},"acf":[],"_links":{"self":[{"href":"https:\/\/uktumh.com\/es\/wp-json\/wp\/v2\/product\/4788","targetHints":{"allow":["GET"]}}],"collection":[{"href":"https:\/\/uktumh.com\/es\/wp-json\/wp\/v2\/product"}],"about":[{"href":"https:\/\/uktumh.com\/es\/wp-json\/wp\/v2\/types\/product"}],"replies":[{"embeddable":true,"href":"https:\/\/uktumh.com\/es\/wp-json\/wp\/v2\/comments?post=4788"}],"version-history":[{"count":2,"href":"https:\/\/uktumh.com\/es\/wp-json\/wp\/v2\/product\/4788\/revisions"}],"predecessor-version":[{"id":4790,"href":"https:\/\/uktumh.com\/es\/wp-json\/wp\/v2\/product\/4788\/revisions\/4790"}],"wp:featuredmedia":[{"embeddable":true,"href":"https:\/\/uktumh.com\/es\/wp-json\/wp\/v2\/media\/5890"}],"wp:attachment":[{"href":"https:\/\/uktumh.com\/es\/wp-json\/wp\/v2\/media?parent=4788"}],"wp:term":[{"taxonomy":"product_cat","embeddable":true,"href":"https:\/\/uktumh.com\/es\/wp-json\/wp\/v2\/product_cat?post=4788"},{"taxonomy":"product_tag","embeddable":true,"href":"https:\/\/uktumh.com\/es\/wp-json\/wp\/v2\/product_tag?post=4788"}],"curies":[{"name":"wp","href":"https:\/\/api.w.org\/{rel}","templated":true}]}}