{"id":5063,"date":"2024-02-26T14:23:58","date_gmt":"2024-02-26T13:23:58","guid":{"rendered":"https:\/\/uktumh.com\/?post_type=product&#038;p=5063"},"modified":"2025-10-20T00:00:14","modified_gmt":"2025-10-19T22:00:14","slug":"formation-communication-animale-online-master-niveau-i","status":"publish","type":"product","link":"https:\/\/uktumh.com\/es\/product\/formation-communication-animale-online-master-niveau-i\/","title":{"rendered":"MASTER Comunicaci\u00f3n Animal - Nivel 1 - UKTUMH"},"content":{"rendered":"<p class=\"cvGsUA direction-ltr align-justify para-style-body\"><span class=\"OYPEnA text-decoration-none text-strikethrough-none\" style=\"color: #54080d;\"><strong>FORMACI\u00d3N COMUNICACI\u00d3N ANIMAL \u2013 MASTER \u2013 NIVEL 1<\/strong><\/span><\/p>\n<p class=\"cvGsUA direction-ltr align-justify para-style-body\">Ideal para hacer de la Comunicaci\u00f3n Animal un objetivo profesional<\/p>\n<p class=\"cvGsUA direction-ltr align-justify para-style-body\">En este Templo Audiovisual - Nivel 1 - encontrar\u00e1s:<\/p>\n<div><span style=\"font-size: large;\">&#8211;\u00a0<span style=\"font-family: Futura;\">10h des videos grabados y en cap\u00edtulos con todas las explicaciones<\/span> con la teor\u00eda, las meditaciones, el pranayama y las pr\u00e1cticas)<\/span><\/div>\n<div><span style=\"font-size: large;\"> &#8211;\u00a0<span style=\"font-family: Futura;\">5 Pr\u00e1ctias<\/span>\u00a0de Comunicaci\u00f3n Animal con sus meditaciones, im\u00e1genes, m\u00fasica...<\/span><\/div>\n<div><span style=\"font-size: large;\"> &#8211;\u00a0<span style=\"font-family: Futura;\">Documentos a descargar\u00a0<\/span>tras cada cap\u00edtulo<\/span><\/div>\n<div>&#8211; <span style=\"font-family: Futura;\">2h30 de visio<\/span>\u00a0(Zoom meeting) en\u00a0<u><span style=\"font-family: Futura;\">individual<\/span><\/u>\u00a0conmigo para validar las pr\u00e1cticas hechas durante la formaci\u00f3n y responder a todas tus preguntas. 30 minutos tras cada pr\u00e1ctica<\/div>\n<p class=\"cvGsUA direction-ltr align-center para-style-body\"><span class=\"OYPEnA text-decoration-none text-strikethrough-none\">En este primer nivel aprenderemos t\u00e9cnicas para: \u00a0<\/span><\/p>\n<ul>\n<li><span class=\"OYPEnA text-decoration-none text-strikethrough-none\">Desarrollar tus capacidades extra-sensoriales, tu lenguaje original.\u00a0<\/span><\/li>\n<li><span class=\"OYPEnA text-decoration-none text-strikethrough-none\">Estar en un estado de consciencia amplificada<\/span><\/li>\n<li><span class=\"OYPEnA text-decoration-none text-strikethrough-none\">Comunicar con la Consciencia Animal<\/span><\/li>\n<li><span class=\"OYPEnA text-decoration-none text-strikethrough-none\">Practicar estas t\u00e9cnicas con la ayuda de la Geometr\u00eda Sagrada, el Pranayama y la telepat\u00eda gracias a la f\u00edsica cu\u00e1ntica \u00a0\u00a0<\/span><\/li>\n<\/ul>\n<p class=\"cvGsUA direction-ltr align-center para-style-body\"><strong><span class=\"OYPEnA text-decoration-none text-strikethrough-none\">A tu ritmo. <\/span><\/strong><span class=\"OYPEnA text-decoration-none text-strikethrough-none\"><b>Yo te acompa\u00f1o<\/b><\/span><\/p>\n<p class=\"cvGsUA direction-ltr align-justify para-style-body\">Te deseo un maravilloso viaje por la Vida<\/p>\n<p>Un abrazo.<\/p>\n<p>Gemma<\/p>","protected":false},"excerpt":{"rendered":"<p>FORMATION COMMUNICATION ANIMALE &#8211; MASTER &#8211; NIVEAU 1 Id\u00e9al pour faire de la Communication Animale un but professionnel Dans ce Temple Audiovisuel &#8211; Niveau 1&hellip;<\/p>","protected":false},"featured_media":8794,"comment_status":"closed","ping_status":"closed","template":"","meta":{"_acf_changed":false},"product_cat":[84],"product_tag":[121],"class_list":{"0":"post-5063","1":"product","2":"type-product","3":"status-publish","4":"has-post-thumbnail","6":"product_cat-formation-online","7":"product_tag-master-fr-n1","9":"first","10":"instock","11":"virtual","12":"purchasable","13":"product-type-simple"},"acf":[],"_links":{"self":[{"href":"https:\/\/uktumh.com\/es\/wp-json\/wp\/v2\/product\/5063","targetHints":{"allow":["GET"]}}],"collection":[{"href":"https:\/\/uktumh.com\/es\/wp-json\/wp\/v2\/product"}],"about":[{"href":"https:\/\/uktumh.com\/es\/wp-json\/wp\/v2\/types\/product"}],"replies":[{"embeddable":true,"href":"https:\/\/uktumh.com\/es\/wp-json\/wp\/v2\/comments?post=5063"}],"version-history":[{"count":3,"href":"https:\/\/uktumh.com\/es\/wp-json\/wp\/v2\/product\/5063\/revisions"}],"predecessor-version":[{"id":5736,"href":"https:\/\/uktumh.com\/es\/wp-json\/wp\/v2\/product\/5063\/revisions\/5736"}],"wp:featuredmedia":[{"embeddable":true,"href":"https:\/\/uktumh.com\/es\/wp-json\/wp\/v2\/media\/8794"}],"wp:attachment":[{"href":"https:\/\/uktumh.com\/es\/wp-json\/wp\/v2\/media?parent=5063"}],"wp:term":[{"taxonomy":"product_cat","embeddable":true,"href":"https:\/\/uktumh.com\/es\/wp-json\/wp\/v2\/product_cat?post=5063"},{"taxonomy":"product_tag","embeddable":true,"href":"https:\/\/uktumh.com\/es\/wp-json\/wp\/v2\/product_tag?post=5063"}],"curies":[{"name":"wp","href":"https:\/\/api.w.org\/{rel}","templated":true}]}}