{"id":5226,"date":"2024-03-18T14:17:08","date_gmt":"2024-03-18T13:17:08","guid":{"rendered":"https:\/\/uktumh.com\/?post_type=product&#038;p=5226"},"modified":"2025-06-07T04:06:14","modified_gmt":"2025-06-07T02:06:14","slug":"5-sens-5-elements-5-capacites-extrasensorielles","status":"publish","type":"product","link":"https:\/\/uktumh.com\/es\/product\/5-sens-5-elements-5-capacites-extrasensorielles\/","title":{"rendered":"5 Sens &#8211; 5 \u00c9l\u00e9ments &#8211; 5 Capacit\u00e9s Extrasensorielles"},"content":{"rendered":"<h4>Et si on pouvait d\u00e9velopper nos 5 sens, nos 5 capacit\u00e9s extra-sensorielles avec les 5 \u00e9l\u00e9ments?<\/h4>\n<h4>3h30<\/h4>\n<h4>15 Pratiques<\/h4>\n<h4>5 sens<\/h4>\n<h4>5 \u00e9l\u00e9ments<\/h4>\n<h4>On ouvre ensemble les portes de ton Alchimie?<\/h4>\n<h4><span style=\"font-family: Muli-ExtraLight; font-size: large;\"><span style=\"font-size: large;\">Estos Viajes est\u00e1n para abrir el Coraz\u00f3n, cerrar los Ojos y Mirar \ud83e\udd8b<\/span><\/span><\/h4>\n<h4>Ferme les yeux et regarde.<\/h4>\n<h4>Rejoins la Tribu Uktumh<span style=\"font-size: large;\">\u00a0<\/span><\/h4>","protected":false},"excerpt":{"rendered":"<p>Et si on pouvait d\u00e9velopper nos 5 sens, nos 5 capacit\u00e9s extra-sensorielles avec les 5 \u00e9l\u00e9ments? 3h30 15 Pratiques 5 sens 5 \u00e9l\u00e9ments On ouvre&hellip;<\/p>","protected":false},"featured_media":5889,"comment_status":"open","ping_status":"closed","template":"","meta":{"_acf_changed":false},"product_cat":[84],"product_tag":[],"class_list":{"0":"post-5226","1":"product","2":"type-product","3":"status-publish","4":"has-post-thumbnail","6":"product_cat-formation-online","8":"first","9":"instock","10":"sale","11":"virtual","12":"purchasable","13":"product-type-simple"},"acf":[],"_links":{"self":[{"href":"https:\/\/uktumh.com\/es\/wp-json\/wp\/v2\/product\/5226","targetHints":{"allow":["GET"]}}],"collection":[{"href":"https:\/\/uktumh.com\/es\/wp-json\/wp\/v2\/product"}],"about":[{"href":"https:\/\/uktumh.com\/es\/wp-json\/wp\/v2\/types\/product"}],"replies":[{"embeddable":true,"href":"https:\/\/uktumh.com\/es\/wp-json\/wp\/v2\/comments?post=5226"}],"version-history":[{"count":3,"href":"https:\/\/uktumh.com\/es\/wp-json\/wp\/v2\/product\/5226\/revisions"}],"predecessor-version":[{"id":5229,"href":"https:\/\/uktumh.com\/es\/wp-json\/wp\/v2\/product\/5226\/revisions\/5229"}],"wp:featuredmedia":[{"embeddable":true,"href":"https:\/\/uktumh.com\/es\/wp-json\/wp\/v2\/media\/5889"}],"wp:attachment":[{"href":"https:\/\/uktumh.com\/es\/wp-json\/wp\/v2\/media?parent=5226"}],"wp:term":[{"taxonomy":"product_cat","embeddable":true,"href":"https:\/\/uktumh.com\/es\/wp-json\/wp\/v2\/product_cat?post=5226"},{"taxonomy":"product_tag","embeddable":true,"href":"https:\/\/uktumh.com\/es\/wp-json\/wp\/v2\/product_tag?post=5226"}],"curies":[{"name":"wp","href":"https:\/\/api.w.org\/{rel}","templated":true}]}}