{"id":5731,"date":"2024-05-04T15:39:12","date_gmt":"2024-05-04T13:39:12","guid":{"rendered":"https:\/\/uktumh.com\/?post_type=product&#038;p=5731"},"modified":"2025-10-20T00:00:14","modified_gmt":"2025-10-19T22:00:14","slug":"master-communication-animale-niveau-2-aasa","status":"publish","type":"product","link":"https:\/\/uktumh.com\/es\/product\/master-communication-animale-niveau-2-aasa\/","title":{"rendered":"MASTER Comunicaci\u00f3n Animal - Nivel 2 - AASA"},"content":{"rendered":"<p class=\"cvGsUA direction-ltr align-justify para-style-body\"><span class=\"OYPEnA text-decoration-none text-strikethrough-none\"><strong>FORMACI\u00d3N COMUNICACI\u00d3N ANIMAL \u2013 MASTER \u2013 NIVEL 2<\/strong><\/span><\/p>\n<p class=\"cvGsUA direction-ltr align-justify para-style-body\"><strong><em>Ideal para hacer de la Comunicaci\u00f3n Animal un objetivo profesional<\/em><\/strong><\/p>\n<h4 class=\"cvGsUA direction-ltr align-justify para-style-body\">En este Templo Audiovisual - Nivel 2 - encontrar\u00e1s:<\/h4>\n<p>- 26 lecciones<br \/>\n-  +10 horas de v\u00eddeos grabados y en cap\u00edtulos con explicaciones (con la teor\u00eda, meditaciones, Pranayama y pr\u00e1cticas)<br \/>\n- 10 pr\u00e1cticas de Comunicaci\u00f3n Animal con sus meditaciones, im\u00e1genes, m\u00fasica...<br \/>\n- Documentos a descargar tras cada cap\u00edtulo<br \/>\n&#8211;\u00a05h de visio\u00a0(Zoom meeting) en\u00a0<u>individual<\/u>\u00a0conmigo para validar las pr\u00e1cticas hechas durante la formaci\u00f3n y responder a todas tus preguntas. 30 minutos tras cada pr\u00e1ctica<\/p>\n<h4 class=\"cvGsUA direction-ltr align-center para-style-body\"><span class=\"OYPEnA text-decoration-none text-strikethrough-none\">En este segundo nivel aprenderemos t\u00e9cnicas para: \u00a0<\/span><\/h4>\n<ul>\n<li>\n<p class=\"cvGsUA direction-ltr align-justify para-style-body\"><span class=\"OYPEnA text-decoration-none text-strikethrough-none\">Ayudar a encontrar al animal perdido<\/span><\/p>\n<\/li>\n<li>\n<p class=\"cvGsUA direction-ltr align-justify para-style-body\"><span class=\"OYPEnA text-decoration-none text-strikethrough-none\">Ayudar al animal a comprender y apaciguar su\u00a0<\/span><span class=\"OYPEnA text-decoration-none text-strikethrough-none\">agresividad<\/span><\/p>\n<\/li>\n<li>\n<p class=\"cvGsUA direction-ltr align-justify para-style-body\"><span class=\"OYPEnA text-decoration-none text-strikethrough-none\">Ayudar en los Conflictos entre animales (animales en una misma familia que no se llevan bien, violencia)<\/span><\/p>\n<\/li>\n<li>\n<p class=\"cvGsUA direction-ltr align-justify para-style-body\"><span class=\"OYPEnA text-decoration-none text-strikethrough-none\">Ayudar al animal a comprender un cambio (de familia, de prado, de casa, la llegada de un beb\u00e9...)<\/span><\/p>\n<\/li>\n<li>\n<p class=\"cvGsUA direction-ltr align-justify para-style-body\"><span class=\"OYPEnA text-decoration-none text-strikethrough-none\">Ayudar al animal en problemas emocionales\u00a0<\/span><\/p>\n<\/li>\n<li>\n<p class=\"cvGsUA direction-ltr align-justify para-style-body\"><span class=\"OYPEnA text-decoration-none text-strikethrough-none\">Ayudar al animal a apaciguar un TOC<\/span><\/p>\n<\/li>\n<li>\n<p class=\"cvGsUA direction-ltr align-justify para-style-body\"><span class=\"OYPEnA text-decoration-none text-strikethrough-none\">Ayudar al animal a prevenir del peligro<\/span><\/p>\n<\/li>\n<\/ul>\n<p class=\"cvGsUA direction-ltr align-center para-style-body\"><strong>A tu ritmo.\u00a0<\/strong><span class=\"OYPEnA text-decoration-none text-strikethrough-none\"><b>Yo te acompa\u00f1o<\/b><\/span><\/p>\n<p class=\"cvGsUA direction-ltr align-justify para-style-body\">Te deseo un maravilloso viaje por la Vida<\/p>\n<p>Un abrazo.<\/p>\n<p>Gemma<\/p>","protected":false},"excerpt":{"rendered":"<p>FORMATION COMMUNICATION ANIMALE &#8211; MASTER &#8211; NIVEAU 2 Id\u00e9al pour faire de la Communication Animale un but professionnel Dans ce Temple Audiovisuel &#8211; Niveau 2&hellip;<\/p>","protected":false},"featured_media":8795,"comment_status":"open","ping_status":"closed","template":"","meta":{"_acf_changed":false},"product_cat":[84],"product_tag":[127],"class_list":{"0":"post-5731","1":"product","2":"type-product","3":"status-publish","4":"has-post-thumbnail","6":"product_cat-formation-online","7":"product_tag-master-fr-2","9":"first","10":"instock","11":"virtual","12":"purchasable","13":"product-type-simple"},"acf":[],"_links":{"self":[{"href":"https:\/\/uktumh.com\/es\/wp-json\/wp\/v2\/product\/5731","targetHints":{"allow":["GET"]}}],"collection":[{"href":"https:\/\/uktumh.com\/es\/wp-json\/wp\/v2\/product"}],"about":[{"href":"https:\/\/uktumh.com\/es\/wp-json\/wp\/v2\/types\/product"}],"replies":[{"embeddable":true,"href":"https:\/\/uktumh.com\/es\/wp-json\/wp\/v2\/comments?post=5731"}],"version-history":[{"count":1,"href":"https:\/\/uktumh.com\/es\/wp-json\/wp\/v2\/product\/5731\/revisions"}],"predecessor-version":[{"id":5734,"href":"https:\/\/uktumh.com\/es\/wp-json\/wp\/v2\/product\/5731\/revisions\/5734"}],"wp:featuredmedia":[{"embeddable":true,"href":"https:\/\/uktumh.com\/es\/wp-json\/wp\/v2\/media\/8795"}],"wp:attachment":[{"href":"https:\/\/uktumh.com\/es\/wp-json\/wp\/v2\/media?parent=5731"}],"wp:term":[{"taxonomy":"product_cat","embeddable":true,"href":"https:\/\/uktumh.com\/es\/wp-json\/wp\/v2\/product_cat?post=5731"},{"taxonomy":"product_tag","embeddable":true,"href":"https:\/\/uktumh.com\/es\/wp-json\/wp\/v2\/product_tag?post=5731"}],"curies":[{"name":"wp","href":"https:\/\/api.w.org\/{rel}","templated":true}]}}