{"id":7083,"date":"2024-10-31T22:26:07","date_gmt":"2024-10-31T21:26:07","guid":{"rendered":"https:\/\/uktumh.com\/?post_type=product&#038;p=7083"},"modified":"2025-10-20T00:00:14","modified_gmt":"2025-10-19T22:00:14","slug":"master-communication-animale-niveau-3-aaro","status":"publish","type":"product","link":"https:\/\/uktumh.com\/es\/product\/master-communication-animale-niveau-3-aaro\/","title":{"rendered":"MASTER Comunicaci\u00f3n Animal - Nivel 3 - AARO"},"content":{"rendered":"<p class=\"cvGsUA direction-ltr align-justify para-style-body\"><span class=\"OYPEnA text-decoration-none text-strikethrough-none\"><strong>FORMACI\u00d3N COMUNICACI\u00d3N ANIMAL \u2013 MASTER \u2013 NIVEL 3<\/strong><\/span><\/p>\n<p class=\"cvGsUA direction-ltr align-justify para-style-body\"><strong><em>Ideal para hacer de la Comunicaci\u00f3n Animal un objetivo profesional<\/em><\/strong><\/p>\n<h4 class=\"cvGsUA direction-ltr align-justify para-style-body\">En este Templo Audiovisual - Nivel 3 - encontrar\u00e1s:<\/h4>\n<p>- 37 lecciones<br \/>\n-  +10 horas de v\u00eddeos grabados y en cap\u00edtulos con explicaciones (con la teor\u00eda, meditaciones, Pranayama y pr\u00e1cticas)<br \/>\n- 10 pr\u00e1cticas de Comunicaci\u00f3n Animal con sus meditaciones, im\u00e1genes, m\u00fasica...<br \/>\n- Documentos a descargar tras cada cap\u00edtulo<br \/>\n\u2013\u00a05h de visio\u00a0(Zoom meeting) en\u00a0<u>individual<\/u>\u00a0conmigo para validar las pr\u00e1cticas hechas durante la formaci\u00f3n y responder a todas tus preguntas. 30 minutos tras cada pr\u00e1ctica<\/p>\n<h4 class=\"cvGsUA direction-ltr align-center para-style-body\"><span class=\"OYPEnA text-decoration-none text-strikethrough-none\">En este tercer nivel aprenderemos t\u00e9cnicas para: \u00a0<\/span><\/h4>\n<ul>\n<li class=\"cvGsUA direction-ltr align-justify para-style-body\"><span class=\"OYPEnA text-decoration-none text-strikethrough-none\">C\u00f3licos y cuerpos extra\u00f1os<\/span><\/li>\n<li class=\"cvGsUA direction-ltr align-justify para-style-body\">Laminitis<\/li>\n<li class=\"cvGsUA direction-ltr align-justify para-style-body\">Tumores y Quistes<\/li>\n<li>Sistema nervioso<\/li>\n<li class=\"cvGsUA direction-ltr align-justify para-style-body\"><span class=\"OYPEnA text-decoration-none text-strikethrough-none\">Insuficiencia renal<\/span><\/li>\n<li>Displasia<\/li>\n<li>Artrosis<\/li>\n<li>Esguinces<\/li>\n<li class=\"cvGsUA direction-ltr align-justify para-style-body\">Sistema inmune<\/li>\n<li>Acompa\u00f1amiento de Fin de Vida<\/li>\n<\/ul>\n<p><strong>A tu ritmo.\u00a0<\/strong><span class=\"OYPEnA text-decoration-none text-strikethrough-none\"><b>Yo te acompa\u00f1o<\/b><\/span><\/p>\n<p class=\"cvGsUA direction-ltr align-justify para-style-body\">Te deseo un maravilloso viaje por la Vida<\/p>\n<p>Un abrazo.<\/p>\n<p>Gemma<\/p>","protected":false},"excerpt":{"rendered":"<p>Formaci\u00f3n Comunicaci\u00f3n Animal -Nivel 3 - 10 protocolos de orden f\u00edsico para ayudar al animal necesitado<\/p>","protected":false},"featured_media":8796,"comment_status":"open","ping_status":"closed","template":"","meta":{"_acf_changed":false},"product_cat":[84],"product_tag":[142],"class_list":{"0":"post-7083","1":"product","2":"type-product","3":"status-publish","4":"has-post-thumbnail","6":"product_cat-formation-online","7":"product_tag-master-fr-3","9":"first","10":"instock","11":"virtual","12":"purchasable","13":"product-type-simple"},"acf":[],"_links":{"self":[{"href":"https:\/\/uktumh.com\/es\/wp-json\/wp\/v2\/product\/7083","targetHints":{"allow":["GET"]}}],"collection":[{"href":"https:\/\/uktumh.com\/es\/wp-json\/wp\/v2\/product"}],"about":[{"href":"https:\/\/uktumh.com\/es\/wp-json\/wp\/v2\/types\/product"}],"replies":[{"embeddable":true,"href":"https:\/\/uktumh.com\/es\/wp-json\/wp\/v2\/comments?post=7083"}],"version-history":[{"count":3,"href":"https:\/\/uktumh.com\/es\/wp-json\/wp\/v2\/product\/7083\/revisions"}],"predecessor-version":[{"id":8797,"href":"https:\/\/uktumh.com\/es\/wp-json\/wp\/v2\/product\/7083\/revisions\/8797"}],"wp:featuredmedia":[{"embeddable":true,"href":"https:\/\/uktumh.com\/es\/wp-json\/wp\/v2\/media\/8796"}],"wp:attachment":[{"href":"https:\/\/uktumh.com\/es\/wp-json\/wp\/v2\/media?parent=7083"}],"wp:term":[{"taxonomy":"product_cat","embeddable":true,"href":"https:\/\/uktumh.com\/es\/wp-json\/wp\/v2\/product_cat?post=7083"},{"taxonomy":"product_tag","embeddable":true,"href":"https:\/\/uktumh.com\/es\/wp-json\/wp\/v2\/product_tag?post=7083"}],"curies":[{"name":"wp","href":"https:\/\/api.w.org\/{rel}","templated":true}]}}