{"id":7408,"date":"2024-11-27T22:24:59","date_gmt":"2024-11-27T21:24:59","guid":{"rendered":"https:\/\/uktumh.com\/?post_type=product&#038;p=7408"},"modified":"2026-02-14T10:59:06","modified_gmt":"2026-02-14T09:59:06","slug":"arton-soul","status":"publish","type":"product","link":"https:\/\/uktumh.com\/es\/product\/arton-soul\/","title":{"rendered":"Art&#8217;On Soul"},"content":{"rendered":"<section class=\"elementor-section elementor-top-section elementor-element elementor-element-3ece080 elementor-section-boxed elementor-section-height-default elementor-section-height-default elementor-heading-title-main-section\" data-id=\"3ece080\" data-element_type=\"section\">\n<div class=\"elementor-container elementor-column-gap-default\">\n<div class=\"elementor-column elementor-col-100 elementor-top-column elementor-element elementor-element-278a945\" data-id=\"278a945\" data-element_type=\"column\">\n<div class=\"elementor-widget-wrap elementor-element-populated\">\n<div class=\"elementor-element elementor-element-24cbd37 elementor-widget elementor-widget-heading\" data-id=\"24cbd37\" data-element_type=\"widget\" data-widget_type=\"heading.default\">\n<div class=\"elementor-widget-container\">\n<blockquote>\n<pre>Art'On Soul - By Uktumh -\n\nCuando el Alma y la Geometr\u00eda Sagrada se encuentran\n\nDibujos en el Alma, con el Alma y hacia el Alma.\n\nGeometr\u00eda Sagrada del Alma individual, del Alma de pareja, de familia o de grupo.\n\nTatoo - Meditaci\u00f3n - Deco\n\nEl precio incluye:\n- Una primera cita (zoom, tel\u00e9fono) para comprender tus necesidades\n- 1h30 de conexi\u00f3n con el Alma a dibujar \n- 6h de dibujo\n- Tu Geometr\u00eda de Alma en PNG (A4) en 6 colores\n- V\u00eddeo de 30 minutos explicando cada detalle de tu Art'On Soul<\/pre>\n<\/blockquote>\n<\/div>\n<\/div>\n<\/div>\n<\/div>\n<\/div>\n<\/section>","protected":false},"excerpt":{"rendered":"<p>Eres alumno de la Escuela Uktumh? Cont\u00e1ctame y aprov\u00e9chate de tu reducci\u00f3n!<\/p>\n<p>Un abrazo de coraz\u00f3n,<\/p>\n<p>Gemma<\/p>\n<p>&nbsp;<\/p>","protected":false},"featured_media":8848,"comment_status":"open","ping_status":"closed","template":"","meta":{"_acf_changed":false},"product_cat":[112],"product_tag":[146],"class_list":{"0":"post-7408","1":"product","2":"type-product","3":"status-publish","4":"has-post-thumbnail","6":"product_cat-geometrie-sacree","7":"product_tag-arton-soul","9":"first","10":"instock","11":"virtual","12":"purchasable","13":"product-type-simple"},"acf":[],"_links":{"self":[{"href":"https:\/\/uktumh.com\/es\/wp-json\/wp\/v2\/product\/7408","targetHints":{"allow":["GET"]}}],"collection":[{"href":"https:\/\/uktumh.com\/es\/wp-json\/wp\/v2\/product"}],"about":[{"href":"https:\/\/uktumh.com\/es\/wp-json\/wp\/v2\/types\/product"}],"replies":[{"embeddable":true,"href":"https:\/\/uktumh.com\/es\/wp-json\/wp\/v2\/comments?post=7408"}],"version-history":[{"count":9,"href":"https:\/\/uktumh.com\/es\/wp-json\/wp\/v2\/product\/7408\/revisions"}],"predecessor-version":[{"id":7670,"href":"https:\/\/uktumh.com\/es\/wp-json\/wp\/v2\/product\/7408\/revisions\/7670"}],"wp:featuredmedia":[{"embeddable":true,"href":"https:\/\/uktumh.com\/es\/wp-json\/wp\/v2\/media\/8848"}],"wp:attachment":[{"href":"https:\/\/uktumh.com\/es\/wp-json\/wp\/v2\/media?parent=7408"}],"wp:term":[{"taxonomy":"product_cat","embeddable":true,"href":"https:\/\/uktumh.com\/es\/wp-json\/wp\/v2\/product_cat?post=7408"},{"taxonomy":"product_tag","embeddable":true,"href":"https:\/\/uktumh.com\/es\/wp-json\/wp\/v2\/product_tag?post=7408"}],"curies":[{"name":"wp","href":"https:\/\/api.w.org\/{rel}","templated":true}]}}