{"id":7482,"date":"2024-12-12T19:42:01","date_gmt":"2024-12-12T18:42:01","guid":{"rendered":"https:\/\/uktumh.com\/?post_type=product&#038;p=7482"},"modified":"2025-04-01T00:22:27","modified_gmt":"2025-03-31T22:22:27","slug":"formation-master-communication-animale-pack-3-niveaux-25-off","status":"publish","type":"product","link":"https:\/\/uktumh.com\/es\/product\/formation-master-communication-animale-pack-3-niveaux-25-off\/","title":{"rendered":"Formaci\u00f3n MASTER Comunicaci\u00f3n Animal - Pack 3 Niveles (25% reducci\u00f3n)"},"content":{"rendered":"<div>\n<p><b><em>Gracias por tu consideraci\u00f3n:<\/em> .Una Sesi\u00f3n no anulada 24h antes de nuestra sesi\u00f3n sera <\/b><b>contabilizada como perdida.<\/b><\/p>\n<h4 class=\"wp-block-heading\">Como en toda compra online, la de una formaci\u00f3n est\u00e1 sujeta a 14 d\u00edas de retractaci\u00f3n. Si est\u00e1s inscrito desde hace menos de 14 d\u00edas y deseas retractarte, ser\u00e1s rembolsado. No necesitas ning\u00fan justificativo.<\/h4>\n<p>Tras los 14 d\u00edas de la compra, el alumno no podr\u00e1 beneficiar de ning\u00fan rembolso. Por el contrario, el alumno podr\u00e1 retomar la formaci\u00f3n de por vida en todo momento.<\/p>\n<p><b>\u00a0(Visita nuestras Condiciones Generales de Venta)<\/b><\/p>\n<p>&nbsp;<\/p>\n<\/div>\n<div style=\"text-align: center;\"><strong><span style=\"font-family: Futura;\">12 ans d&#8217;exp\u00e9rience en 3 formations MASTER!<\/span><\/strong><\/div>\n<div style=\"text-align: center;\"><span style=\"font-family: Futura;\">Formaci\u00f3n Comunicaci\u00f3n Animal - Master COMPLETO!! <\/span><\/div>\n<div style=\"text-align: center;\"><span style=\"font-family: Futura;\">Nivel 1, 2 y 3 con un <\/span><strong><span style=\"font-family: Futura;\">25% de descuento <\/span><\/strong><\/div>\n<div style=\"text-align: center;\"><\/div>\n<div><span style=\"font-family: Futura;\">\ud83d\udc49\ud83c\udffc\u00a0+30h des v\u00eddeos\u00a0<\/span>de por vida en tu espacio alumno. Cursos grabados y en cap\u00edtulos con la teor\u00eda, meditaciones, pranayama...<br \/>\n\ud83d\udc49\ud83c\udffc\u00a0<span style=\"font-family: Futura;\">Documentos a descargar<\/span>\u00a0tras cada cap\u00edtulo<br \/>\n<span class=\"AppleMailBigEmoji\">\ud83d\udc49\ud83c\udffc <span style=\"font-family: Futura;\">25 pr\u00e1cticas<\/span><\/span>\u00a0de Comunicaci\u00f3n Animal, de ayuda emocional y ayuda f\u00edsica con sus meditaciones, im\u00e1genes, m\u00fasica...<br \/>\n<span class=\"AppleMailBigEmoji\">\ud83d\udc49\ud83c\udffc\u00a0<\/span><span class=\"AppleMailBigEmoji\"><span style=\"font-family: Futura;\">12h30 de visio<\/span><\/span>\u00a0(Zoom meeting) en\u00a0\ud83e\udd17\ud83d\udc83INDIVIDUAL \ud83e\udd17\ud83d\udc83 conmigo para validar las pr\u00e1cticas hechas durante la formaci\u00f3n y responder a todas tus preguntas (30 minutos tras cada pr\u00e1ctica)<span style=\"color: #000000;\">\u00a0T\u00fa decides et d\u00eda y la hora. A tu ritmo. Yo te acompa\u00f1o.\u00a0<\/span><br \/>\n<span class=\"AppleMailBigEmoji\">\ud83d\udc49\ud83c\udffc\u00a0<\/span><span class=\"AppleMailBigEmoji\"><span style=\"font-family: Futura;\">1 a\u00f1o de acompa\u00f1amiento gratuito conmigo a trav\u00e9s de WhatsApp\u00a0<\/span><br \/>\n<\/span><\/div>\n<div>\n<div><span class=\"AppleMailBigEmoji\">\ud83d\udc49\ud83c\udffc\u00a0<\/span><span class=\"AppleMailBigEmoji\"><span style=\"font-family: Futura;\">3 mandalas en poli-algod\u00f3n gratuitos enviados a tu casa (Tempus Exo, Leukos Naos y Essence)<\/span><br \/>\n<\/span><\/div>\n<\/div>\n<div style=\"text-align: center;\">&#8230;&#8230;&#8230;&#8230;&#8230;&#8230;<\/div>\n<div>\n<div><\/div>\n<\/div>\n<div><\/div>\n<div>\n<div>\n<div><span style=\"font-family: Futura;\">Algunos protocolos del Nivel 2<\/span><\/div>\n<div>\n<ul>\n<li class=\"cvGsUA direction-ltr align-justify para-style-body\"><span class=\"OYPEnA text-decoration-none text-strikethrough-none\">Ayudar a encontrar al animal perdido<\/span><\/li>\n<li class=\"cvGsUA direction-ltr align-justify para-style-body\"><span class=\"OYPEnA text-decoration-none text-strikethrough-none\">Ayudar al animal a comprender y apaciguar su\u00a0<\/span><span class=\"OYPEnA text-decoration-none text-strikethrough-none\">agresividad\u00a0<\/span><\/li>\n<li class=\"cvGsUA direction-ltr align-justify para-style-body\">Ayudar en los Conflictos entre animales (problemas de cohabitaci\u00f3n, violencia)<\/li>\n<li><span style=\"color: #4d5c6d;\">Ayudar al animal a comprender un cambio (de familia, de prado, de casa, la llegada de un beb\u00e9...)<\/span><\/li>\n<li class=\"cvGsUA direction-ltr align-justify para-style-body\"><span class=\"OYPEnA text-decoration-none text-strikethrough-none\">Ayudar al animal\u00a0<\/span>en problemas emocionales<\/li>\n<li>Ayudar al animal a apaciguar un TOC<\/li>\n<li>Ayudar al animal a prevenir del peligro<\/li>\n<\/ul>\n<p style=\"text-align: center;\">&#8230;&#8230;..<\/p>\n<\/div>\n<\/div>\n<div><span style=\"font-family: Futura;\">Algunos protocolos del Nivel 3<\/span><\/div>\n<div>\n<ul>\n<li class=\"cvGsUA direction-ltr align-justify para-style-body\"><span class=\"OYPEnA text-decoration-none text-strikethrough-none\">C\u00f3licos y cuerpos extra\u00f1os<\/span><\/li>\n<li class=\"cvGsUA direction-ltr align-justify para-style-body\">Laminitis<\/li>\n<li class=\"cvGsUA direction-ltr align-justify para-style-body\">Tumores y Quistes<\/li>\n<li>Sistema nervioso<\/li>\n<li class=\"cvGsUA direction-ltr align-justify para-style-body\"><span class=\"OYPEnA text-decoration-none text-strikethrough-none\">Insuficiencia renal<\/span><\/li>\n<li>Displasia<\/li>\n<li>Artrosis<\/li>\n<li>Esguinces<\/li>\n<li class=\"cvGsUA direction-ltr align-justify para-style-body\">Sistema inmune<\/li>\n<li>Acompa\u00f1amiento de Fin de Vida<\/li>\n<\/ul>\n<\/div>\n<\/div>","protected":false},"excerpt":{"rendered":"<p>Merci pour votre consid\u00e9ration: Un RDV non annul\u00e9 24h avant notre s\u00e9ance sera comptabilis\u00e9 comme perdu. Comme pour tout achat en ligne, celui d\u2019une formation&hellip;<\/p>","protected":false},"featured_media":7493,"comment_status":"open","ping_status":"closed","template":"","meta":{"_acf_changed":false},"product_cat":[84],"product_tag":[142,127,121],"class_list":{"0":"post-7482","1":"product","2":"type-product","3":"status-publish","4":"has-post-thumbnail","6":"product_cat-formation-online","7":"product_tag-master-fr-3","8":"product_tag-master-fr-2","9":"product_tag-master-fr-n1","11":"first","12":"instock","13":"sale","14":"virtual","15":"purchasable","16":"product-type-simple"},"acf":[],"_links":{"self":[{"href":"https:\/\/uktumh.com\/es\/wp-json\/wp\/v2\/product\/7482","targetHints":{"allow":["GET"]}}],"collection":[{"href":"https:\/\/uktumh.com\/es\/wp-json\/wp\/v2\/product"}],"about":[{"href":"https:\/\/uktumh.com\/es\/wp-json\/wp\/v2\/types\/product"}],"replies":[{"embeddable":true,"href":"https:\/\/uktumh.com\/es\/wp-json\/wp\/v2\/comments?post=7482"}],"version-history":[{"count":7,"href":"https:\/\/uktumh.com\/es\/wp-json\/wp\/v2\/product\/7482\/revisions"}],"predecessor-version":[{"id":8993,"href":"https:\/\/uktumh.com\/es\/wp-json\/wp\/v2\/product\/7482\/revisions\/8993"}],"wp:featuredmedia":[{"embeddable":true,"href":"https:\/\/uktumh.com\/es\/wp-json\/wp\/v2\/media\/7493"}],"wp:attachment":[{"href":"https:\/\/uktumh.com\/es\/wp-json\/wp\/v2\/media?parent=7482"}],"wp:term":[{"taxonomy":"product_cat","embeddable":true,"href":"https:\/\/uktumh.com\/es\/wp-json\/wp\/v2\/product_cat?post=7482"},{"taxonomy":"product_tag","embeddable":true,"href":"https:\/\/uktumh.com\/es\/wp-json\/wp\/v2\/product_tag?post=7482"}],"curies":[{"name":"wp","href":"https:\/\/api.w.org\/{rel}","templated":true}]}}