{"id":8431,"date":"2025-02-02T12:01:39","date_gmt":"2025-02-02T11:01:39","guid":{"rendered":"https:\/\/uktumh.com\/?post_type=product&#038;p=8431"},"modified":"2026-01-13T15:54:06","modified_gmt":"2026-01-13T14:54:06","slug":"graine-accompagnement-fin-de-vie","status":"publish","type":"product","link":"https:\/\/uktumh.com\/es\/product\/graine-accompagnement-fin-de-vie\/","title":{"rendered":"Graine: Accompagnement en Fin de Vie"},"content":{"rendered":"<p>Tu es d\u00e9j\u00e0 un\u00a0<strong><em>professionnel<\/em>\u00a0<\/strong>de la Communication Animale? &#8230;Ou&#8230;<\/p>\n<p>Tu souhaites pouvoir\u00a0<strong><em>aider<\/em>\u00a0<em>ton animal\u00a0<\/em><\/strong>sans vouloir te former \u00e0 tous les niveaux?<\/p>\n<p class=\"cvGsUA direction-ltr align-center para-style-body\"><strong><span class=\"OYPEnA font-feature-liga-off font-feature-clig-off font-feature-calt-off text-decoration-none text-strikethrough-none\">El\u00a0<\/span><span class=\"OYPEnA font-feature-liga-off font-feature-clig-off font-feature-calt-off text-decoration-none text-strikethrough-none\">Germe<\/span><span class=\"OYPEnA font-feature-liga-off font-feature-clig-off font-feature-calt-off text-decoration-none text-strikethrough-none\">\u00a0de la Communication Animale.\u00a0<\/span><span class=\"OYPEnA font-feature-liga-off font-feature-clig-off font-feature-calt-off text-decoration-none text-strikethrough-none\">Des\u00a0<\/span><span class=\"OYPEnA font-feature-liga-off font-feature-clig-off font-feature-calt-off text-decoration-none text-strikethrough-none\">\u201cGraines\u201d\u00a0<\/span><span class=\"OYPEnA font-feature-liga-off font-feature-clig-off font-feature-calt-off text-decoration-none text-strikethrough-none\">\u00e0 PORT\u00c9E DE MAIN<\/span><\/strong><\/p>\n<p class=\"cvGsUA direction-ltr align-center para-style-body\"><span class=\"OYPEnA font-feature-liga-off font-feature-clig-off font-feature-calt-off text-decoration-none text-strikethrough-none\">Id\u00e9al pour des personnes\u00a0<\/span><span class=\"OYPEnA font-feature-liga-off font-feature-clig-off font-feature-calt-off text-decoration-none text-strikethrough-none\">qui font d\u00e9j\u00e0 la Communication Animale<\/span><span class=\"OYPEnA font-feature-liga-off font-feature-clig-off font-feature-calt-off text-decoration-none text-strikethrough-none\">\u00a0et qui souhaitent\u00a0<\/span><span class=\"OYPEnA font-feature-liga-off font-feature-clig-off font-feature-calt-off text-decoration-none text-strikethrough-none\">\u00e9largir leur \u00e9ventail de protocoles.<\/span><\/p>\n<p class=\"cvGsUA direction-ltr align-center para-style-body\"><span class=\"OYPEnA font-feature-liga-off font-feature-clig-off font-feature-calt-off text-decoration-none text-strikethrough-none\">Ou pour des personnes qui souhaitent\u00a0<\/span><span class=\"OYPEnA font-feature-liga-off font-feature-clig-off font-feature-calt-off text-decoration-none text-strikethrough-none\">aider leurs animaux<\/span><span class=\"OYPEnA font-feature-liga-off font-feature-clig-off font-feature-calt-off text-decoration-none text-strikethrough-none\">\u00a0avec\u00a0<\/span><span class=\"OYPEnA font-feature-liga-off font-feature-clig-off font-feature-calt-off text-decoration-none text-strikethrough-none\">des\u00a0<\/span><span class=\"OYPEnA font-feature-liga-off font-feature-clig-off font-feature-calt-off text-decoration-none text-strikethrough-none\">besoins<\/span>\u00a0<span class=\"OYPEnA font-feature-liga-off font-feature-clig-off font-feature-calt-off text-decoration-none text-strikethrough-none\">sp\u00e9cifiques.<\/span><\/p>\n<p><strong>Dans cette Graine tu trouveras 2 vid\u00e9os :<\/strong><\/p>\n<ul>\n<li>L&#8217;accompagnement en Fin de Vie &#8211; Explication<\/li>\n<li>L&#8217;accompagnement en Fin de Vie &#8211; Pratique<\/li>\n<\/ul>","protected":false},"excerpt":{"rendered":"<p><strong><span class=\"OYPEnA font-feature-liga-off font-feature-clig-off font-feature-calt-off text-decoration-none text-strikethrough-none\">El\u00a0<\/span><span class=\"OYPEnA font-feature-liga-off font-feature-clig-off font-feature-calt-off text-decoration-none text-strikethrough-none\">Germe<\/span><span class=\"OYPEnA font-feature-liga-off font-feature-clig-off font-feature-calt-off text-decoration-none text-strikethrough-none\">\u00a0de la Communication Animale:\u00a0<\/span><span class=\"OYPEnA font-feature-liga-off font-feature-clig-off font-feature-calt-off text-decoration-none text-strikethrough-none\">\u00a0<\/span><\/strong><\/p>\n<p><strong>Graine: L&#8217;accompagnement en Fin de Vie<\/strong><\/p>\n<p>\u00c0 vie, dans ton espace \u00e9l\u00e8ve.<\/p>\n<blockquote>\n<h5><em><span class=\"OYPEnA font-feature-liga-off font-feature-clig-off font-feature-calt-off text-decoration-none text-strikethrough-none\"><strong>IMPORTANTE:<\/strong>: Cette Graine contient la pratique pour accompagner un animal en fin de vie. <\/span><\/em><\/h5>\n<h5><em><span class=\"OYPEnA font-feature-liga-off font-feature-clig-off font-feature-calt-off text-decoration-none text-strikethrough-none\"><span class=\"OYPEnA font-feature-liga-off font-feature-clig-off font-feature-calt-off text-strikethrough-none text-decoration-underline\">L\u2019\u00e9thique primaire contre la manipulation<\/span><span class=\"OYPEnA font-feature-liga-off font-feature-clig-off font-feature-calt-off text-strikethrough-none text-decoration-none\">:<\/span> <span class=\"OYPEnA font-feature-liga-off font-feature-clig-off font-feature-calt-off text-strikethrough-none text-decoration-none\">Un animal ne reste jamais \u201centre 2 mondes\u201d.<\/span> <span class=\"OYPEnA font-feature-liga-off font-feature-clig-off font-feature-calt-off text-strikethrough-none text-decoration-underline\">Aucun praticien de l\u2019\u00e9cole Uktumh donc pourra \u201camener un animal vers la lumi\u00e8re\u201d<\/span><span class=\"OYPEnA font-feature-liga-off font-feature-clig-off font-feature-calt-off text-strikethrough-none text-decoration-none\">.<\/span> <\/span><\/em><\/h5>\n<h5><em><span class=\"OYPEnA font-feature-liga-off font-feature-clig-off font-feature-calt-off text-decoration-none text-strikethrough-none\"><span class=\"OYPEnA font-feature-liga-off font-feature-clig-off font-feature-calt-off text-strikethrough-none text-decoration-none\">Un praticien assidu en m\u00e9ditation obtiendra des r\u00e9sultats plus visibles qu&#8217;une personne qui n&#8217;a pas \u00e9t\u00e9 accompagn\u00e9 dans cette espace et dans cette \u00e9thique.<\/span><span class=\"OYPEnA font-feature-liga-off font-feature-clig-off font-feature-calt-off text-strikethrough-none text-decoration-none\"> Si tu es int\u00e9ress\u00e9e par une formation certifiante Uktumh et que je puisse t&#8217;accompagner tout le long de ta formation, n\u2019h\u00e9site pas \u00e0 me contacter.<\/span><\/span><\/em><\/h5>\n<\/blockquote>","protected":false},"featured_media":8478,"comment_status":"open","ping_status":"closed","template":"","meta":{"_acf_changed":false},"product_cat":[84],"product_tag":[153],"class_list":{"0":"post-8431","1":"product","2":"type-product","3":"status-publish","4":"has-post-thumbnail","6":"product_cat-formation-online","7":"product_tag-graine-2","9":"first","10":"instock","11":"virtual","12":"sold-individually","13":"purchasable","14":"product-type-course"},"acf":[],"_links":{"self":[{"href":"https:\/\/uktumh.com\/es\/wp-json\/wp\/v2\/product\/8431","targetHints":{"allow":["GET"]}}],"collection":[{"href":"https:\/\/uktumh.com\/es\/wp-json\/wp\/v2\/product"}],"about":[{"href":"https:\/\/uktumh.com\/es\/wp-json\/wp\/v2\/types\/product"}],"replies":[{"embeddable":true,"href":"https:\/\/uktumh.com\/es\/wp-json\/wp\/v2\/comments?post=8431"}],"version-history":[{"count":1,"href":"https:\/\/uktumh.com\/es\/wp-json\/wp\/v2\/product\/8431\/revisions"}],"predecessor-version":[{"id":8432,"href":"https:\/\/uktumh.com\/es\/wp-json\/wp\/v2\/product\/8431\/revisions\/8432"}],"wp:featuredmedia":[{"embeddable":true,"href":"https:\/\/uktumh.com\/es\/wp-json\/wp\/v2\/media\/8478"}],"wp:attachment":[{"href":"https:\/\/uktumh.com\/es\/wp-json\/wp\/v2\/media?parent=8431"}],"wp:term":[{"taxonomy":"product_cat","embeddable":true,"href":"https:\/\/uktumh.com\/es\/wp-json\/wp\/v2\/product_cat?post=8431"},{"taxonomy":"product_tag","embeddable":true,"href":"https:\/\/uktumh.com\/es\/wp-json\/wp\/v2\/product_tag?post=8431"}],"curies":[{"name":"wp","href":"https:\/\/api.w.org\/{rel}","templated":true}]}}