{"id":8508,"date":"2025-02-02T13:25:14","date_gmt":"2025-02-02T12:25:14","guid":{"rendered":"https:\/\/uktumh.com\/?post_type=product&#038;p=8508"},"modified":"2026-01-13T15:53:09","modified_gmt":"2026-01-13T14:53:09","slug":"graine-coliques-et-corps-etrangers","status":"publish","type":"product","link":"https:\/\/uktumh.com\/es\/product\/graine-coliques-et-corps-etrangers\/","title":{"rendered":"Graine: Coliques et Corps \u00e9trangers"},"content":{"rendered":"<p>Tu es d\u00e9j\u00e0 un\u00a0<strong><em>professionnel<\/em>\u00a0<\/strong>de la Communication Animale? &#8230;Ou&#8230;<\/p>\n<p>Tu souhaites pouvoir\u00a0<strong><em>aider<\/em>\u00a0<em>ton animal\u00a0<\/em><\/strong>sans vouloir te former \u00e0 tous les niveaux?<\/p>\n<p class=\"cvGsUA direction-ltr align-center para-style-body\"><strong><span class=\"OYPEnA font-feature-liga-off font-feature-clig-off font-feature-calt-off text-decoration-none text-strikethrough-none\">El\u00a0<\/span><span class=\"OYPEnA font-feature-liga-off font-feature-clig-off font-feature-calt-off text-decoration-none text-strikethrough-none\">Germe<\/span><span class=\"OYPEnA font-feature-liga-off font-feature-clig-off font-feature-calt-off text-decoration-none text-strikethrough-none\">\u00a0de la Communication Animale.\u00a0<\/span><span class=\"OYPEnA font-feature-liga-off font-feature-clig-off font-feature-calt-off text-decoration-none text-strikethrough-none\">Des\u00a0<\/span><span class=\"OYPEnA font-feature-liga-off font-feature-clig-off font-feature-calt-off text-decoration-none text-strikethrough-none\">\u201cGraines\u201d\u00a0<\/span><span class=\"OYPEnA font-feature-liga-off font-feature-clig-off font-feature-calt-off text-decoration-none text-strikethrough-none\">\u00e0 PORT\u00c9E DE MAIN<\/span><\/strong><\/p>\n<p class=\"cvGsUA direction-ltr align-center para-style-body\"><span class=\"OYPEnA font-feature-liga-off font-feature-clig-off font-feature-calt-off text-decoration-none text-strikethrough-none\">Id\u00e9al pour ceux<\/span><span class=\"OYPEnA font-feature-liga-off font-feature-clig-off font-feature-calt-off text-decoration-none text-strikethrough-none\">\u00a0<\/span><span class=\"OYPEnA font-feature-liga-off font-feature-clig-off font-feature-calt-off text-decoration-none text-strikethrough-none\">qui font d\u00e9j\u00e0 la Communication Animale<\/span><span class=\"OYPEnA font-feature-liga-off font-feature-clig-off font-feature-calt-off text-decoration-none text-strikethrough-none\">\u00a0et qui souhaitent\u00a0<\/span><span class=\"OYPEnA font-feature-liga-off font-feature-clig-off font-feature-calt-off text-decoration-none text-strikethrough-none\">\u00e9largir leur \u00e9ventail de protocoles.<\/span><\/p>\n<p class=\"cvGsUA direction-ltr align-center para-style-body\"><span class=\"OYPEnA font-feature-liga-off font-feature-clig-off font-feature-calt-off text-decoration-none text-strikethrough-none\">Ou pour ceux qui souhaitent <\/span><span class=\"OYPEnA font-feature-liga-off font-feature-clig-off font-feature-calt-off text-decoration-none text-strikethrough-none\">aider leurs animaux<\/span><span class=\"OYPEnA font-feature-liga-off font-feature-clig-off font-feature-calt-off text-decoration-none text-strikethrough-none\">\u00a0avec\u00a0<\/span><span class=\"OYPEnA font-feature-liga-off font-feature-clig-off font-feature-calt-off text-decoration-none text-strikethrough-none\">des\u00a0<\/span><span class=\"OYPEnA font-feature-liga-off font-feature-clig-off font-feature-calt-off text-decoration-none text-strikethrough-none\">besoins<\/span>\u00a0<span class=\"OYPEnA font-feature-liga-off font-feature-clig-off font-feature-calt-off text-decoration-none text-strikethrough-none\">sp\u00e9cifiques.<\/span><\/p>\n<p><strong>Dans cette Graine tu trouveras 3 vid\u00e9os :<\/strong><\/p>\n<ul>\n<li>Les Coliques et les corps \u00e9trangers &#8211; Explication<\/li>\n<li>Les Coliques et les corps \u00e9trangers &#8211; les Bases \u00e0 retenir<\/li>\n<li>Les Coliques et les corps \u00e9trangers &#8211; Pratique<\/li>\n<\/ul>","protected":false},"excerpt":{"rendered":"<p><strong><span class=\"OYPEnA font-feature-liga-off font-feature-clig-off font-feature-calt-off text-decoration-none text-strikethrough-none\">El\u00a0<\/span><span class=\"OYPEnA font-feature-liga-off font-feature-clig-off font-feature-calt-off text-decoration-none text-strikethrough-none\">Germe<\/span><span class=\"OYPEnA font-feature-liga-off font-feature-clig-off font-feature-calt-off text-decoration-none text-strikethrough-none\">\u00a0de la Communication Animale:\u00a0<\/span><span class=\"OYPEnA font-feature-liga-off font-feature-clig-off font-feature-calt-off text-decoration-none text-strikethrough-none\">\u00a0<\/span><\/strong><\/p>\n<p><strong>Graine: Les Coliques et les Corps \u00e9trangers\u00a0<\/strong><\/p>\n<p>\u00c0 vie, dans ton espace \u00e9l\u00e8ve.<\/p>\n<blockquote>\n<h5><em><span class=\"OYPEnA font-feature-liga-off font-feature-clig-off font-feature-calt-off text-decoration-none text-strikethrough-none\"><strong>IMPORTANTE:<\/strong>: \u00a0Cette Graine contient la pratique pour aider l\u2019animal avec des coliques. <span class=\"OYPEnA font-feature-liga-off font-feature-clig-off font-feature-calt-off text-strikethrough-none text-decoration-underline\">L\u2019\u00e9thique primaire contre la manipulation<\/span><span class=\"OYPEnA font-feature-liga-off font-feature-clig-off font-feature-calt-off text-strikethrough-none text-decoration-none\">:<\/span> <\/span><\/em><\/h5>\n<h5><em><span class=\"OYPEnA font-feature-liga-off font-feature-clig-off font-feature-calt-off text-decoration-none text-strikethrough-none\"><span class=\"OYPEnA font-feature-liga-off font-feature-clig-off font-feature-calt-off text-strikethrough-none text-decoration-underline\">NOUS NE SOIGNONS PAS<\/span><span class=\"OYPEnA font-feature-liga-off font-feature-clig-off font-feature-calt-off text-strikethrough-none text-decoration-none\">. <\/span><span class=\"OYPEnA font-feature-liga-off font-feature-clig-off font-feature-calt-off text-strikethrough-none text-decoration-underline\">NOUS TRANSMETTONS \u00c0 L\u2019ANIMAL LES CODES D\u2019AUTO-GU\u00c9RISON.<\/span> <\/span><\/em><\/h5>\n<h5><em><span class=\"OYPEnA font-feature-liga-off font-feature-clig-off font-feature-calt-off text-decoration-none text-strikethrough-none\"><span class=\"OYPEnA font-feature-liga-off font-feature-clig-off font-feature-calt-off text-strikethrough-none text-decoration-underline\">Aucun praticien de l\u2019\u00e9cole Uktumh donc pourra confirmer<\/span> <span class=\"OYPEnA font-feature-liga-off font-feature-clig-off font-feature-calt-off text-strikethrough-none text-decoration-underline\">que \u201cl\u2019animal sera soign\u00e9\u201d<\/span><span class=\"OYPEnA font-feature-liga-off font-feature-clig-off font-feature-calt-off text-strikethrough-none text-decoration-none\">.<\/span> <span class=\"OYPEnA font-feature-liga-off font-feature-clig-off font-feature-calt-off text-strikethrough-none text-decoration-none\">Un praticien experiment\u00e9 en m\u00e9ditation obtiendra des r\u00e9sultats plus visibles qu&#8217;une personne qui n&#8217;a pas \u00e9t\u00e9 accompagn\u00e9 dans cette espace et dans cette \u00e9thique.<\/span><span class=\"OYPEnA font-feature-liga-off font-feature-clig-off font-feature-calt-off text-strikethrough-none text-decoration-none\"> Si tu es int\u00e9ress\u00e9e par une formation certifiante Uktumh et que je puisse t&#8217;accompagner tout le long de ta formation, n\u2019h\u00e9site pas \u00e0 me contacter.<\/span><\/span><\/em><\/h5>\n<h5><strong><em>Ce protocole ne se substitue \u00e0 aucun avis v\u00e9t\u00e9rinaire. Par cons\u00e9quent, aucun membre certifi\u00e9 Uktumh fera aucun diagnostic m\u00e9dical et refusera de pratiquer le soutien aux animaux malades sur un animal qui n\u2019aura pas \u00e9t\u00e9 pris en charge par un v\u00e9t\u00e9rinaire.<\/em><\/strong><\/h5>\n<\/blockquote>","protected":false},"featured_media":8492,"comment_status":"open","ping_status":"closed","template":"","meta":{"_acf_changed":false},"product_cat":[84],"product_tag":[155],"class_list":{"0":"post-8508","1":"product","2":"type-product","3":"status-publish","4":"has-post-thumbnail","6":"product_cat-formation-online","7":"product_tag-graine-3","9":"first","10":"instock","11":"virtual","12":"sold-individually","13":"purchasable","14":"product-type-course"},"acf":[],"_links":{"self":[{"href":"https:\/\/uktumh.com\/es\/wp-json\/wp\/v2\/product\/8508","targetHints":{"allow":["GET"]}}],"collection":[{"href":"https:\/\/uktumh.com\/es\/wp-json\/wp\/v2\/product"}],"about":[{"href":"https:\/\/uktumh.com\/es\/wp-json\/wp\/v2\/types\/product"}],"replies":[{"embeddable":true,"href":"https:\/\/uktumh.com\/es\/wp-json\/wp\/v2\/comments?post=8508"}],"version-history":[{"count":4,"href":"https:\/\/uktumh.com\/es\/wp-json\/wp\/v2\/product\/8508\/revisions"}],"predecessor-version":[{"id":8599,"href":"https:\/\/uktumh.com\/es\/wp-json\/wp\/v2\/product\/8508\/revisions\/8599"}],"wp:featuredmedia":[{"embeddable":true,"href":"https:\/\/uktumh.com\/es\/wp-json\/wp\/v2\/media\/8492"}],"wp:attachment":[{"href":"https:\/\/uktumh.com\/es\/wp-json\/wp\/v2\/media?parent=8508"}],"wp:term":[{"taxonomy":"product_cat","embeddable":true,"href":"https:\/\/uktumh.com\/es\/wp-json\/wp\/v2\/product_cat?post=8508"},{"taxonomy":"product_tag","embeddable":true,"href":"https:\/\/uktumh.com\/es\/wp-json\/wp\/v2\/product_tag?post=8508"}],"curies":[{"name":"wp","href":"https:\/\/api.w.org\/{rel}","templated":true}]}}