{"id":8884,"date":"2025-03-08T12:31:28","date_gmt":"2025-03-08T11:31:28","guid":{"rendered":"https:\/\/uktumh.com\/?post_type=product&#038;p=8884"},"modified":"2025-05-31T12:32:28","modified_gmt":"2025-05-31T10:32:28","slug":"mentorship-premium-4-mois","status":"publish","type":"product","link":"https:\/\/uktumh.com\/es\/product\/mentorship-premium-4-mois\/","title":{"rendered":"Mentorship Premium -4 meses-"},"content":{"rendered":"<h1>Mentorship PREMIUM.<\/h1>\n<h1>Este producto comprado ser\u00e1 v\u00e1lido por 4 meses (3 niveles +1 mes \"BOOST Pro\")<\/h1>\n<p><b><em>Gracias por tu consideraci\u00f3n:<\/em> .Una Sesi\u00f3n no anulada 24h antes de nuestra sesi\u00f3n sera <\/b><b>contabilizada como perdida.<\/b><\/p>\n<h4 class=\"wp-block-heading\">Como en toda compra online, la de una mentor\u00eda est\u00e1 sujeta a 14 d\u00edas de retractaci\u00f3n. Si est\u00e1s inscrito desde hace menos de 14 d\u00edas y deseas retractarte, ser\u00e1s rembolsado del resto proporcional de las mentor\u00edas que queden por hacer. No necesitas ning\u00fan justificativo.<\/h4>\n<p>Tras los 14 d\u00edas, cuando las sesiones de mentor\u00edas haya comenzado su 2da semana, el alumno no podr\u00e1 beneficiar de ning\u00fan rembolso. Por el contrario, el alumno podr\u00e1 retomar la mentor\u00eda en todo momento.<\/p>\n<p>Por ejemplo, si el alumno tiene 60h de mentor\u00eda y le quedan 30 por realizar, podr\u00e1 retomar esas 30h cuando lo desee.<\/p>\n<p><b>\u00a0(Visita nuestras Condiciones Generales de Venta)<\/b><\/p>\n<p>&nbsp;<\/p>\n<p><strong><span class=\"OYPEnA font-feature-liga-off font-feature-clig-off font-feature-calt-off text-decoration-none text-strikethrough-none\">Nivel 1, 2 y 3 <em>(3 meses)<\/em><\/span><\/strong><\/p>\n<ul>\n<li><span class=\"OYPEnA font-feature-liga-off font-feature-clig-off font-feature-calt-off text-decoration-none text-strikethrough-none\">4h\/mes por Zoom por Nivel<\/span><\/li>\n<li><span class=\"OYPEnA font-feature-liga-off font-feature-clig-off font-feature-calt-off text-decoration-none text-strikethrough-none\">.<\/span><span class=\"OYPEnA font-feature-liga-off font-feature-clig-off font-feature-calt-off text-decoration-none text-strikethrough-none\"> Ayuda diaria (WhatsApp)<\/span><\/li>\n<li class=\"cvGsUA direction-ltr align-start para-style-body\"><span class=\"OYPEnA font-feature-liga-off font-feature-clig-off font-feature-calt-off text-decoration-none text-strikethrough-none\">Creaci\u00f3n <\/span><span class=\"OYPEnA font-feature-liga-off font-feature-clig-off font-feature-calt-off text-decoration-none text-strikethrough-none\">de un<\/span><span class=\"OYPEnA font-feature-liga-off font-feature-clig-off font-feature-calt-off text-decoration-none text-strikethrough-none\"> planing diario personalizado el d\u00eda de nuestra Mentor\u00eda semanal <\/span><span class=\"OYPEnA font-feature-liga-off font-feature-clig-off font-feature-calt-off text-decoration-none text-strikethrough-none\">selon tes besoins<\/span><\/li>\n<li><span class=\"OYPEnA font-feature-liga-off font-feature-clig-off font-feature-calt-off text-decoration-none text-strikethrough-none\">Revisi\u00f3n <\/span><span class=\"OYPEnA font-feature-liga-off font-feature-clig-off font-feature-calt-off text-decoration-none text-strikethrough-none\">de los ejercicios del<\/span><span class=\"OYPEnA font-feature-liga-off font-feature-clig-off font-feature-calt-off text-decoration-none text-strikethrough-none\"> planing diario personalizado el d\u00eda de nuestra Mentor\u00eda semanal <\/span><span class=\"OYPEnA font-feature-liga-off font-feature-clig-off font-feature-calt-off text-decoration-none text-strikethrough-none\">.<\/span><\/li>\n<li><span class=\"OYPEnA font-feature-liga-off font-feature-clig-off font-feature-calt-off text-decoration-none text-strikethrough-none\">Pr\u00e1cticas<\/span><span class=\"OYPEnA font-feature-liga-off font-feature-clig-off font-feature-calt-off text-decoration-none text-strikethrough-none\"> y <\/span><span class=\"OYPEnA font-feature-liga-off font-feature-clig-off font-feature-calt-off text-decoration-none text-strikethrough-none\">revisi\u00f3n<\/span><span class=\"OYPEnA font-feature-liga-off font-feature-clig-off font-feature-calt-off text-decoration-none text-strikethrough-none\"> de Comunicaci\u00f3n Animal diarias<\/span><\/li>\n<\/ul>\n<p><strong><span class=\"OYPEnA font-feature-liga-off font-feature-clig-off font-feature-calt-off text-decoration-none text-strikethrough-none\">Nivel 4 - Vida PROFESIONAL <em>(1 mes)<\/em><\/span><\/strong><\/p>\n<ul>\n<li><span class=\"OYPEnA font-feature-liga-off font-feature-clig-off font-feature-calt-off text-decoration-none text-strikethrough-none\">4h\/mes por Zoom por Nivel<\/span><\/li>\n<li><span class=\"OYPEnA font-feature-liga-off font-feature-clig-off font-feature-calt-off text-decoration-none text-strikethrough-none\">.<\/span><span class=\"OYPEnA font-feature-liga-off font-feature-clig-off font-feature-calt-off text-decoration-none text-strikethrough-none\"> Ayuda diaria (WhatsApp)<\/span><\/li>\n<li><span class=\"OYPEnA font-feature-liga-off font-feature-clig-off font-feature-calt-off text-decoration-none text-strikethrough-none\">planing diario personalizado <\/span><span class=\"OYPEnA font-feature-liga-off font-feature-clig-off font-feature-calt-off text-decoration-none text-strikethrough-none\">diario <\/span><span class=\"OYPEnA font-feature-liga-off font-feature-clig-off font-feature-calt-off text-decoration-none text-strikethrough-none\">para poder crear:<\/span>\n<ul>\n<li><span class=\"OYPEnA font-feature-liga-off font-feature-clig-off font-feature-calt-off text-decoration-none text-strikethrough-none\">Tu \"branding\"<\/span><\/li>\n<li><span class=\"OYPEnA font-feature-liga-off font-feature-clig-off font-feature-calt-off text-decoration-none text-strikethrough-none\">Tu \"mensaje\"<\/span><\/li>\n<li><span class=\"OYPEnA font-feature-liga-off font-feature-clig-off font-feature-calt-off text-decoration-none text-strikethrough-none\">Tu web<\/span><\/li>\n<li><span class=\"OYPEnA font-feature-liga-off font-feature-clig-off font-feature-calt-off text-decoration-none text-strikethrough-none\">Ampliar tus contactos<\/span><\/li>\n<li><span class=\"OYPEnA font-feature-liga-off font-feature-clig-off font-feature-calt-off text-decoration-none text-strikethrough-none\">Tus redes sociales<\/span><\/li>\n<\/ul>\n<\/li>\n<\/ul>\n<p><b>+ 3 HYDORES GRATIS (69 euros cada Geometr\u00eda) ENVIADOS A TU CASAI!<\/b><\/p>","protected":false},"excerpt":{"rendered":"<p>Mentorship PREMIUM. Ce produit achet\u00e9 sera valable pour 4 Mois (3 niveaux + 1 mois BOOST VIE PRO) Merci pour votre consid\u00e9ration: Un RDV non&hellip;<\/p>","protected":false},"featured_media":8885,"comment_status":"open","ping_status":"closed","template":"","meta":{"_acf_changed":false},"product_cat":[82],"product_tag":[],"class_list":{"0":"post-8884","1":"product","2":"type-product","3":"status-publish","4":"has-post-thumbnail","6":"product_cat-services","8":"first","9":"instock","10":"sale","11":"virtual","12":"purchasable","13":"product-type-simple"},"acf":[],"_links":{"self":[{"href":"https:\/\/uktumh.com\/es\/wp-json\/wp\/v2\/product\/8884","targetHints":{"allow":["GET"]}}],"collection":[{"href":"https:\/\/uktumh.com\/es\/wp-json\/wp\/v2\/product"}],"about":[{"href":"https:\/\/uktumh.com\/es\/wp-json\/wp\/v2\/types\/product"}],"replies":[{"embeddable":true,"href":"https:\/\/uktumh.com\/es\/wp-json\/wp\/v2\/comments?post=8884"}],"version-history":[{"count":5,"href":"https:\/\/uktumh.com\/es\/wp-json\/wp\/v2\/product\/8884\/revisions"}],"predecessor-version":[{"id":8976,"href":"https:\/\/uktumh.com\/es\/wp-json\/wp\/v2\/product\/8884\/revisions\/8976"}],"wp:featuredmedia":[{"embeddable":true,"href":"https:\/\/uktumh.com\/es\/wp-json\/wp\/v2\/media\/8885"}],"wp:attachment":[{"href":"https:\/\/uktumh.com\/es\/wp-json\/wp\/v2\/media?parent=8884"}],"wp:term":[{"taxonomy":"product_cat","embeddable":true,"href":"https:\/\/uktumh.com\/es\/wp-json\/wp\/v2\/product_cat?post=8884"},{"taxonomy":"product_tag","embeddable":true,"href":"https:\/\/uktumh.com\/es\/wp-json\/wp\/v2\/product_tag?post=8884"}],"curies":[{"name":"wp","href":"https:\/\/api.w.org\/{rel}","templated":true}]}}