{"id":8889,"date":"2025-03-08T12:39:52","date_gmt":"2025-03-08T11:39:52","guid":{"rendered":"https:\/\/uktumh.com\/?post_type=product&#038;p=8889"},"modified":"2025-05-30T14:21:25","modified_gmt":"2025-05-30T12:21:25","slug":"mentorship-level-on-level-par-niveaux","status":"publish","type":"product","link":"https:\/\/uktumh.com\/es\/product\/mentorship-level-on-level-par-niveaux\/","title":{"rendered":"Mentorship \u2013 Level on Level (por Niveles)"},"content":{"rendered":"<blockquote>\n<h1>Mentor\u00edas por Niveles<\/h1>\n<h1>Este producto comprado ser\u00e1 v\u00e1lido por 1 nivel<\/h1>\n<p><b><em>Gracias por tu consideraci\u00f3n:<\/em> .Una Sesi\u00f3n no anulada 24h antes de nuestra sesi\u00f3n sera <\/b><b>comptabilis\u00e9 comme perdu (visite nos Conditions G\u00e9n\u00e9rales de Vente)<\/b><\/p>\n<p style=\"text-align: center;\">&#8230;&#8230;.<\/p>\n<\/blockquote>\n<p><strong><span class=\"OYPEnA font-feature-liga-off font-feature-clig-off font-feature-calt-off text-decoration-none text-strikethrough-none\">Nivel 1, 2 y 3 <em>(3 meses)<\/em><\/span><\/strong><\/p>\n<ul>\n<li><span class=\"OYPEnA font-feature-liga-off font-feature-clig-off font-feature-calt-off text-decoration-none text-strikethrough-none\">4h\/mes por Zoom por Nivel<\/span><\/li>\n<li><span class=\"OYPEnA font-feature-liga-off font-feature-clig-off font-feature-calt-off text-decoration-none text-strikethrough-none\">.<\/span><span class=\"OYPEnA font-feature-liga-off font-feature-clig-off font-feature-calt-off text-decoration-none text-strikethrough-none\"> Ayuda diaria (WhatsApp)<\/span><\/li>\n<li class=\"cvGsUA direction-ltr align-start para-style-body\"><span class=\"OYPEnA font-feature-liga-off font-feature-clig-off font-feature-calt-off text-decoration-none text-strikethrough-none\">Creaci\u00f3n <\/span><span class=\"OYPEnA font-feature-liga-off font-feature-clig-off font-feature-calt-off text-decoration-none text-strikethrough-none\">de un<\/span><span class=\"OYPEnA font-feature-liga-off font-feature-clig-off font-feature-calt-off text-decoration-none text-strikethrough-none\"> planing diario personalizado el d\u00eda de nuestra Mentor\u00eda semanal <\/span><span class=\"OYPEnA font-feature-liga-off font-feature-clig-off font-feature-calt-off text-decoration-none text-strikethrough-none\">selon tes besoins<\/span><\/li>\n<li><span class=\"OYPEnA font-feature-liga-off font-feature-clig-off font-feature-calt-off text-decoration-none text-strikethrough-none\">Revisi\u00f3n <\/span><span class=\"OYPEnA font-feature-liga-off font-feature-clig-off font-feature-calt-off text-decoration-none text-strikethrough-none\">de los ejercicios del<\/span><span class=\"OYPEnA font-feature-liga-off font-feature-clig-off font-feature-calt-off text-decoration-none text-strikethrough-none\"> planing diario personalizado el d\u00eda de nuestra Mentor\u00eda semanal <\/span><span class=\"OYPEnA font-feature-liga-off font-feature-clig-off font-feature-calt-off text-decoration-none text-strikethrough-none\">.<\/span><\/li>\n<li><span class=\"OYPEnA font-feature-liga-off font-feature-clig-off font-feature-calt-off text-decoration-none text-strikethrough-none\">Pr\u00e1cticas<\/span><span class=\"OYPEnA font-feature-liga-off font-feature-clig-off font-feature-calt-off text-decoration-none text-strikethrough-none\"> y <\/span><span class=\"OYPEnA font-feature-liga-off font-feature-clig-off font-feature-calt-off text-decoration-none text-strikethrough-none\">revisi\u00f3n<\/span><span class=\"OYPEnA font-feature-liga-off font-feature-clig-off font-feature-calt-off text-decoration-none text-strikethrough-none\"> de Comunicaci\u00f3n Animal diarias<\/span><\/li>\n<\/ul>\n<p><strong><span class=\"OYPEnA font-feature-liga-off font-feature-clig-off font-feature-calt-off text-decoration-none text-strikethrough-none\">Nivel 4 - Vida PROFESIONAL <em>(1 mes)<\/em><\/span><\/strong><\/p>\n<ul>\n<li><span class=\"OYPEnA font-feature-liga-off font-feature-clig-off font-feature-calt-off text-decoration-none text-strikethrough-none\">4h\/mes por Zoom por Nivel<\/span><\/li>\n<li><span class=\"OYPEnA font-feature-liga-off font-feature-clig-off font-feature-calt-off text-decoration-none text-strikethrough-none\">.<\/span><span class=\"OYPEnA font-feature-liga-off font-feature-clig-off font-feature-calt-off text-decoration-none text-strikethrough-none\"> Ayuda diaria (WhatsApp)<\/span><\/li>\n<li><span class=\"OYPEnA font-feature-liga-off font-feature-clig-off font-feature-calt-off text-decoration-none text-strikethrough-none\">planing diario personalizado <\/span><span class=\"OYPEnA font-feature-liga-off font-feature-clig-off font-feature-calt-off text-decoration-none text-strikethrough-none\">diario <\/span><span class=\"OYPEnA font-feature-liga-off font-feature-clig-off font-feature-calt-off text-decoration-none text-strikethrough-none\">para poder crear:<\/span>\n<ul>\n<li><span class=\"OYPEnA font-feature-liga-off font-feature-clig-off font-feature-calt-off text-decoration-none text-strikethrough-none\">Tu \"branding\"<\/span><\/li>\n<li><span class=\"OYPEnA font-feature-liga-off font-feature-clig-off font-feature-calt-off text-decoration-none text-strikethrough-none\">Tu \"mensaje\"<\/span><\/li>\n<li><span class=\"OYPEnA font-feature-liga-off font-feature-clig-off font-feature-calt-off text-decoration-none text-strikethrough-none\">Tu web<\/span><\/li>\n<li><span class=\"OYPEnA font-feature-liga-off font-feature-clig-off font-feature-calt-off text-decoration-none text-strikethrough-none\">Ampliar tus contactos<\/span><\/li>\n<li><span class=\"OYPEnA font-feature-liga-off font-feature-clig-off font-feature-calt-off text-decoration-none text-strikethrough-none\">Tus redes sociales<\/span><\/li>\n<\/ul>\n<\/li>\n<\/ul>","protected":false},"excerpt":{"rendered":"<p>Mentorship par Niveaux. Ce produit achet\u00e9 sera valable juste pour 1 seul niveau. Merci pour votre consid\u00e9ration: Un RDV non annul\u00e9 24h avant notre s\u00e9ance&hellip;<\/p>","protected":false},"featured_media":8891,"comment_status":"open","ping_status":"closed","template":"","meta":{"_acf_changed":false},"product_cat":[82],"product_tag":[],"class_list":{"0":"post-8889","1":"product","2":"type-product","3":"status-publish","4":"has-post-thumbnail","6":"product_cat-services","8":"first","9":"instock","10":"sale","11":"virtual","12":"purchasable","13":"product-type-simple"},"acf":[],"_links":{"self":[{"href":"https:\/\/uktumh.com\/es\/wp-json\/wp\/v2\/product\/8889","targetHints":{"allow":["GET"]}}],"collection":[{"href":"https:\/\/uktumh.com\/es\/wp-json\/wp\/v2\/product"}],"about":[{"href":"https:\/\/uktumh.com\/es\/wp-json\/wp\/v2\/types\/product"}],"replies":[{"embeddable":true,"href":"https:\/\/uktumh.com\/es\/wp-json\/wp\/v2\/comments?post=8889"}],"version-history":[{"count":7,"href":"https:\/\/uktumh.com\/es\/wp-json\/wp\/v2\/product\/8889\/revisions"}],"predecessor-version":[{"id":8972,"href":"https:\/\/uktumh.com\/es\/wp-json\/wp\/v2\/product\/8889\/revisions\/8972"}],"wp:featuredmedia":[{"embeddable":true,"href":"https:\/\/uktumh.com\/es\/wp-json\/wp\/v2\/media\/8891"}],"wp:attachment":[{"href":"https:\/\/uktumh.com\/es\/wp-json\/wp\/v2\/media?parent=8889"}],"wp:term":[{"taxonomy":"product_cat","embeddable":true,"href":"https:\/\/uktumh.com\/es\/wp-json\/wp\/v2\/product_cat?post=8889"},{"taxonomy":"product_tag","embeddable":true,"href":"https:\/\/uktumh.com\/es\/wp-json\/wp\/v2\/product_tag?post=8889"}],"curies":[{"name":"wp","href":"https:\/\/api.w.org\/{rel}","templated":true}]}}