{"id":904,"date":"2023-01-30T07:50:45","date_gmt":"2023-01-30T06:50:45","guid":{"rendered":"https:\/\/uktumh.com\/?post_type=product&#038;p=904"},"modified":"2023-03-14T01:31:43","modified_gmt":"2023-03-14T00:31:43","slug":"1-place-formation-com-animale-niv-2","status":"publish","type":"product","link":"https:\/\/uktumh.com\/es\/product\/1-place-formation-com-animale-niv-2\/","title":{"rendered":"Una plaza Formaci\u00f3n Comunicaci\u00f3n Animal - Nivel 2"},"content":{"rendered":"<p>R\u00e9servation pour une personne &#8211; Formation pr\u00e9sentiel communication animale par Gemma Olivares &#8211; Niveau 2<\/p>","protected":false},"excerpt":{"rendered":"<p>R\u00e9servation pour une personne &#8211; Formation pr\u00e9sentiel communication animale par Gemma Olivares &#8211; Niveau 2<\/p>","protected":false},"featured_media":895,"comment_status":"open","ping_status":"closed","template":"","meta":{"_acf_changed":false},"product_cat":[69],"product_tag":[],"class_list":{"0":"post-904","1":"product","2":"type-product","3":"status-publish","4":"has-post-thumbnail","6":"product_cat-formation-presentiel","8":"first","9":"instock","10":"virtual","11":"purchasable","12":"product-type-simple"},"acf":[],"_links":{"self":[{"href":"https:\/\/uktumh.com\/es\/wp-json\/wp\/v2\/product\/904","targetHints":{"allow":["GET"]}}],"collection":[{"href":"https:\/\/uktumh.com\/es\/wp-json\/wp\/v2\/product"}],"about":[{"href":"https:\/\/uktumh.com\/es\/wp-json\/wp\/v2\/types\/product"}],"replies":[{"embeddable":true,"href":"https:\/\/uktumh.com\/es\/wp-json\/wp\/v2\/comments?post=904"}],"version-history":[{"count":2,"href":"https:\/\/uktumh.com\/es\/wp-json\/wp\/v2\/product\/904\/revisions"}],"predecessor-version":[{"id":1233,"href":"https:\/\/uktumh.com\/es\/wp-json\/wp\/v2\/product\/904\/revisions\/1233"}],"wp:featuredmedia":[{"embeddable":true,"href":"https:\/\/uktumh.com\/es\/wp-json\/wp\/v2\/media\/895"}],"wp:attachment":[{"href":"https:\/\/uktumh.com\/es\/wp-json\/wp\/v2\/media?parent=904"}],"wp:term":[{"taxonomy":"product_cat","embeddable":true,"href":"https:\/\/uktumh.com\/es\/wp-json\/wp\/v2\/product_cat?post=904"},{"taxonomy":"product_tag","embeddable":true,"href":"https:\/\/uktumh.com\/es\/wp-json\/wp\/v2\/product_tag?post=904"}],"curies":[{"name":"wp","href":"https:\/\/api.w.org\/{rel}","templated":true}]}}