{"id":9203,"date":"2025-11-21T20:09:12","date_gmt":"2025-11-21T19:09:12","guid":{"rendered":"https:\/\/uktumh.com\/?post_type=product&#038;p=9203"},"modified":"2026-02-21T19:57:39","modified_gmt":"2026-02-21T18:57:39","slug":"arton-soul-retraites-arrhes","status":"publish","type":"product","link":"https:\/\/uktumh.com\/es\/product\/arton-soul-retraites-arrhes\/","title":{"rendered":"Art&#8217;On Soul Retraites (Arrhes)"},"content":{"rendered":"<h4 style=\"text-align: center;\" data-start=\"341\" data-end=\"378\">\ud83c\udf00\ud83c\udf41 <strong data-start=\"347\" data-end=\"376\">RETRAITE ART&#8217;ON SOUL \u2013 2 JOURS \ud83c\udf41\ud83c\udf00<\/strong><\/h4>\n<h5 class=\"elementor-heading-title elementor-size-default\">Un voyage initiatique de deux jours pour d\u00e9poser les masques, rena\u00eetre et donner forme \u00e0 l\u2019empreinte de ton \u00c2me.<\/h5>\n<h5 data-start=\"446\" data-end=\"502\"><em data-start=\"450\" data-end=\"502\">Art&#8217;On Soul et Mikinac: Immersion, transformation, cr\u00e9ation<\/em><\/h5>\n<p data-start=\"495\" data-end=\"554\"><strong data-start=\"495\" data-end=\"554\">Art\u2019On Soul n\u2019est pas une retraite. C\u2019est un passage.<\/strong><\/p>\n<p data-start=\"556\" data-end=\"595\">Un bois sacr\u00e9.<br data-start=\"570\" data-end=\"573\" \/>Un cercle.<br data-start=\"583\" data-end=\"586\" \/>Un seuil.<\/p>\n<p data-start=\"597\" data-end=\"723\">Tu viens avec une intention.<br data-start=\"625\" data-end=\"628\" \/>Tu laisses mourir ce qui n\u2019est plus toi.<br data-start=\"668\" data-end=\"671\" \/>Les 5 \u00e9l\u00e9ments traversent ce qui doit \u00eatre travers\u00e9.<\/p>\n<p data-start=\"725\" data-end=\"791\">Et la G\u00e9om\u00e9trie Sacr\u00e9e ancre<br data-start=\"755\" data-end=\"758\" \/>l\u2019empreinte vivante de ton \u00c2me.<\/p>\n<p data-start=\"793\" data-end=\"832\">Ici, on ne s\u2019\u00e9vade pas.<br data-start=\"816\" data-end=\"819\" \/>On se r\u00e9v\u00e8le.<\/p>\n<p data-start=\"531\" data-end=\"818\"><strong>Aucun besoin de comp\u00e9tences en dessin ou en G\u00e9om\u00e9trie Sacr\u00e9e. Nous laisserons la Forme Sacr\u00e9e se manifester librement dans nos mains.<\/strong><\/p>\n<h5><u><b>L\u2019INTENTION de ce Voyage int\u00e9rieur<\/b><\/u><\/h5>\n<h5><img decoding=\"async\" class=\"emoji\" role=\"img\" draggable=\"false\" src=\"https:\/\/s.w.org\/images\/core\/emoji\/17.0.2\/svg\/267e.svg\" alt=\"\u267e\" \/>\ufe0f <strong>C\u00e9l\u00e9brer le Deuil pour accueillir la Vie<\/strong><\/h5>\n<h5><img decoding=\"async\" class=\"emoji\" role=\"img\" draggable=\"false\" src=\"https:\/\/s.w.org\/images\/core\/emoji\/17.0.2\/svg\/267e.svg\" alt=\"\u267e\" \/>\ufe0f Le <strong>samedi<\/strong>, nous d\u00e9posons, traversons et nettoyons.<\/h5>\n<h5>La journ\u00e9e se cl\u00f4ture autour d\u2019un feu, dans un cadre tr\u00e8s contenu, pour d\u00e9poser un masque que nous ne souhaitons plus porter.<\/h5>\n<h5><img decoding=\"async\" class=\"emoji\" role=\"img\" draggable=\"false\" src=\"https:\/\/s.w.org\/images\/core\/emoji\/17.0.2\/svg\/267e.svg\" alt=\"\u267e\" \/>\ufe0f Le <strong>dimanche<\/strong> s\u2019ouvre par un bain dans une eau naturelle, comme un geste de passage et de renouveau.<\/h5>\n<h5>Ensuite nous allons donner une forme g\u00e9om\u00e9trique \u00e0 ce qui s\u2019est r\u00e9organis\u00e9 \u00e0 l\u2019int\u00e9rieur.<\/h5>\n<h5>La G\u00e9om\u00e9trie Sacr\u00e9e scelle ta renaissance. Ce langage invisible devient une forme unique en toi.<\/h5>\n<h5><u><b>Ce que vous EMPORTEREZ<\/b><\/u><\/h5>\n<h5><img decoding=\"async\" class=\"emoji\" role=\"img\" draggable=\"false\" src=\"https:\/\/s.w.org\/images\/core\/emoji\/17.0.2\/svg\/267e.svg\" alt=\"\u267e\" \/>\ufe0f\u00a0Un <b>mandala<\/b> ou sceau \u00e9nerg\u00e9tique unique \u2013 la carte de votre \u00e2me,\u00a0<span data-start=\"384\" data-end=\"443\">dessin\u00e9e par <b>vous-m\u00eame<\/b> et n\u00e9e de votre propre travers\u00e9e.<\/span><\/h5>\n<h5><img decoding=\"async\" class=\"emoji\" role=\"img\" draggable=\"false\" src=\"https:\/\/s.w.org\/images\/core\/emoji\/17.0.2\/svg\/267e.svg\" alt=\"\u267e\" \/>\ufe0f <strong>Un \u00e9crin d\u2019outils et de mat\u00e9riaux<\/strong>, pour prolonger \u00a0la pratique chez vous : compas, feuilles, r\u00e8gles\u2026 et les instruments du samedi \u2014 miroir, masque, bougies, encens\u2026 \u2014 afin de toucher, ressentir et dessiner votre \u00e9nergie.<\/h5>\n<h5><img decoding=\"async\" class=\"emoji\" role=\"img\" draggable=\"false\" src=\"https:\/\/s.w.org\/images\/core\/emoji\/17.0.2\/svg\/267e.svg\" alt=\"\u267e\" \/>\ufe0f <strong data-start=\"164\" data-end=\"208\">Un acc\u00e8s \u00e0 vie \u00e0 des vid\u00e9os explicatives<\/strong>, dans ton espace \u00e9l\u00e8ve, o\u00f9 les <strong data-start=\"244\" data-end=\"275\">formes g\u00e9om\u00e9triques de base<\/strong> sont transmises pas \u00e0 pas. Pour que tu puisses pratiquer \u00e0 ton rythme, chez toi, et continuer \u00e0 cr\u00e9er tes propres <strong data-start=\"402\" data-end=\"417\">Art\u2019On Soul<\/strong><\/h5>\n<h5><img decoding=\"async\" class=\"emoji\" role=\"img\" draggable=\"false\" src=\"https:\/\/s.w.org\/images\/core\/emoji\/17.0.2\/svg\/267e.svg\" alt=\"\u267e\" \/>\ufe0f Des exp\u00e9riences guid\u00e9es avec <b>le feu, l\u2019eau, la terre, l\u2019air et l\u2019\u00e9ther<\/b>,\u00a0<span data-start=\"522\" data-end=\"558\">v\u00e9cues dans le corps et le geste.<\/span><\/h5>\n<h5><img decoding=\"async\" class=\"emoji\" role=\"img\" draggable=\"false\" src=\"https:\/\/s.w.org\/images\/core\/emoji\/17.0.2\/svg\/267e.svg\" alt=\"\u267e\" \/>\ufe0f <span data-start=\"565\" data-end=\"616\">Un regard plus nu, plus vrai pos\u00e9 sur vous-m\u00eame<\/span>,\u00a0une image int\u00e9rieure plus claire de votre\u00a0<span data-start=\"662\" data-end=\"678\"><b>parfum d\u2019\u00e2me.<\/b><\/span><\/h5>\n<h5><img decoding=\"async\" class=\"emoji\" role=\"img\" draggable=\"false\" src=\"https:\/\/s.w.org\/images\/core\/emoji\/17.0.2\/svg\/267e.svg\" alt=\"\u267e\" \/>\ufe0f <span data-start=\"685\" data-end=\"732\">La trace, \u00e0 travers votre G\u00e9om\u00e9trie Sacr\u00e9e,\u00a0<\/span>d\u2019avoir laiss\u00e9 <b>derri\u00e8re vous<\/b> ce qui n\u2019avait plus lieu d\u2019\u00eatre<\/h5>","protected":false},"excerpt":{"rendered":"<p>ARRHES \/ Art&#8217;On Soul &#8211; Retraites &#8211; \u00a0dans le bois de Mikinac (Dr\u00f4me)<\/p>\n<p>Tarif complet 2 jours (hors nuit\u00e9e \u00e0 Mikinac et repas): 320 euros<\/p>\n<p>25-26 Avril ou 11-12 Juillet<\/p>\n<p>Limit\u00e9 \u00e0 11 participants<\/p>","protected":false},"featured_media":9204,"comment_status":"open","ping_status":"closed","template":"","meta":{"_acf_changed":false},"product_cat":[21],"product_tag":[],"class_list":{"0":"post-9203","1":"product","2":"type-product","3":"status-publish","4":"has-post-thumbnail","6":"product_cat-uncategorized","8":"first","9":"instock","10":"virtual","11":"purchasable","12":"product-type-simple"},"acf":[],"_links":{"self":[{"href":"https:\/\/uktumh.com\/es\/wp-json\/wp\/v2\/product\/9203","targetHints":{"allow":["GET"]}}],"collection":[{"href":"https:\/\/uktumh.com\/es\/wp-json\/wp\/v2\/product"}],"about":[{"href":"https:\/\/uktumh.com\/es\/wp-json\/wp\/v2\/types\/product"}],"replies":[{"embeddable":true,"href":"https:\/\/uktumh.com\/es\/wp-json\/wp\/v2\/comments?post=9203"}],"version-history":[{"count":7,"href":"https:\/\/uktumh.com\/es\/wp-json\/wp\/v2\/product\/9203\/revisions"}],"predecessor-version":[{"id":9636,"href":"https:\/\/uktumh.com\/es\/wp-json\/wp\/v2\/product\/9203\/revisions\/9636"}],"wp:featuredmedia":[{"embeddable":true,"href":"https:\/\/uktumh.com\/es\/wp-json\/wp\/v2\/media\/9204"}],"wp:attachment":[{"href":"https:\/\/uktumh.com\/es\/wp-json\/wp\/v2\/media?parent=9203"}],"wp:term":[{"taxonomy":"product_cat","embeddable":true,"href":"https:\/\/uktumh.com\/es\/wp-json\/wp\/v2\/product_cat?post=9203"},{"taxonomy":"product_tag","embeddable":true,"href":"https:\/\/uktumh.com\/es\/wp-json\/wp\/v2\/product_tag?post=9203"}],"curies":[{"name":"wp","href":"https:\/\/api.w.org\/{rel}","templated":true}]}}