{"id":9360,"date":"2026-01-04T17:39:29","date_gmt":"2026-01-04T16:39:29","guid":{"rendered":"https:\/\/uktumh.com\/?post_type=product&#038;p=9360"},"modified":"2026-01-05T09:23:23","modified_gmt":"2026-01-05T08:23:23","slug":"therapie-regressive","status":"publish","type":"product","link":"https:\/\/uktumh.com\/es\/product\/therapie-regressive\/","title":{"rendered":"Terapia Regresiva - Zoom - 4h"},"content":{"rendered":"<div class=\"elementor-element elementor-element-3a67a67 elementor-widget elementor-widget-heading\" data-id=\"3a67a67\" data-element_type=\"widget\" data-widget_type=\"heading.default\">\n<div class=\"elementor-widget-container\">\n<p><strong>Especializada, con m\u00e1s de 600 regresiones realizadas desde el 2019, yo te acompa\u00f1o en:<\/strong><\/p>\n<p>El <strong>duele (personas y animales)<\/strong><\/p>\n<p>Los <strong>almas<\/strong> que no consiguen trascender<\/p>\n<p>- La regresi\u00f3n en el espacio <strong>\"entre-vidas\" <\/strong><\/p>\n<p>- La regresi\u00f3n en el periodo <strong>prenatal <\/strong>y en el <strong>nacimiento (gemelo solitario, trauma intra-uterino, trauma de la madre durante el embarazo)<\/strong><\/p>\n<p>Los <strong>bloqueos<\/strong> emocionales o f\u00edsicos cuyo origen puede situarse en esta vida o en vidas anteriores<\/p>\n<blockquote class=\"wp-embedded-content\" data-secret=\"HCykN3huGS\"><p><a href=\"https:\/\/uktumh.com\/es\/therapie-regressive\/\">Terapia Regresiva<\/a><\/p><\/blockquote>\n<p><iframe class=\"wp-embedded-content\" sandbox=\"allow-scripts\" security=\"restricted\" style=\"position: absolute; visibility: hidden;\" title=\"\u00ab\u00a0Th\u00e9rapie R\u00e9gressive\u00a0\u00bb &#8212; Uktumh\" src=\"https:\/\/uktumh.com\/therapie-regressive\/embed\/#?secret=WlJ59ZCwZ1#?secret=HCykN3huGS\" data-secret=\"HCykN3huGS\" width=\"600\" height=\"338\" frameborder=\"0\" marginwidth=\"0\" marginheight=\"0\" scrolling=\"no\"><\/iframe><\/p>\n<\/div>\n<\/div>","protected":false},"excerpt":{"rendered":"<p>Sp\u00e9cialis\u00e9e, avec plus de 600 r\u00e9gressions r\u00e9alis\u00e9es depuis 2019, je vous accompagne dans: Le deuil (personnes et animaux) Les \u00e2mes qui ne parviennent pas \u00e0&hellip;<\/p>","protected":false},"featured_media":9241,"comment_status":"open","ping_status":"closed","template":"","meta":{"_acf_changed":false},"product_cat":[82],"product_tag":[],"class_list":{"0":"post-9360","1":"product","2":"type-product","3":"status-publish","4":"has-post-thumbnail","6":"product_cat-services","8":"first","9":"instock","10":"virtual","11":"purchasable","12":"product-type-simple"},"acf":[],"_links":{"self":[{"href":"https:\/\/uktumh.com\/es\/wp-json\/wp\/v2\/product\/9360","targetHints":{"allow":["GET"]}}],"collection":[{"href":"https:\/\/uktumh.com\/es\/wp-json\/wp\/v2\/product"}],"about":[{"href":"https:\/\/uktumh.com\/es\/wp-json\/wp\/v2\/types\/product"}],"replies":[{"embeddable":true,"href":"https:\/\/uktumh.com\/es\/wp-json\/wp\/v2\/comments?post=9360"}],"version-history":[{"count":7,"href":"https:\/\/uktumh.com\/es\/wp-json\/wp\/v2\/product\/9360\/revisions"}],"predecessor-version":[{"id":9412,"href":"https:\/\/uktumh.com\/es\/wp-json\/wp\/v2\/product\/9360\/revisions\/9412"}],"wp:featuredmedia":[{"embeddable":true,"href":"https:\/\/uktumh.com\/es\/wp-json\/wp\/v2\/media\/9241"}],"wp:attachment":[{"href":"https:\/\/uktumh.com\/es\/wp-json\/wp\/v2\/media?parent=9360"}],"wp:term":[{"taxonomy":"product_cat","embeddable":true,"href":"https:\/\/uktumh.com\/es\/wp-json\/wp\/v2\/product_cat?post=9360"},{"taxonomy":"product_tag","embeddable":true,"href":"https:\/\/uktumh.com\/es\/wp-json\/wp\/v2\/product_tag?post=9360"}],"curies":[{"name":"wp","href":"https:\/\/api.w.org\/{rel}","templated":true}]}}